{"id":974,"date":"2023-09-10T08:55:20","date_gmt":"2023-09-10T08:55:20","guid":{"rendered":"https:\/\/www.bodytruck.cz\/?page_id=974"},"modified":"2026-04-21T07:24:47","modified_gmt":"2026-04-21T07:24:47","slug":"66098-2","status":"publish","type":"page","link":"https:\/\/www.bodytruck.cz\/index.php\/66098-2\/","title":{"rendered":"Poj\u00edzdn\u00e1 prodejna na chlazen\u00e9 potraviny"},"content":{"rendered":"<div>\n<div><\/div>\n<\/div>\n<div><\/div>\n<div>\n<div class=\"p-uw-item__first-line\"><span class=\"c-price p-uw-item__price\"><span class=\"c-price__title\">Cena: Na vy\u017e\u00e1d\u00e1n\u00ed<\/span><\/span><\/div>\n<div>\n<p class=\"p-uw-item__description\">Fiat Ducato<\/p>\n<ul>\n<li class=\"p-uw-item__description\"><span style=\"font-size: 15px;\">motor 103 kW, EURO 6<\/span><\/li>\n<li class=\"p-uw-item__description\"><span style=\"font-size: 15px;\"> z\u00e1novn\u00ed vozidlo, registrace 4\/2025, najeto 15 tis. km<\/span><\/li>\n<li class=\"p-uw-item__description\"><span style=\"font-size: 15px;\">celkov\u00e1 hmotnost 3,5 t, u\u017eite\u010dn\u00e9 zat\u00ed\u017een\u00ed 600 Kg<\/span><\/li>\n<li><span style=\"font-size: 15px;\">tempomat, klima, autor\u00e1dio, <\/span><\/li>\n<\/ul>\n<p>&nbsp;<\/p>\n<ul>\n<li>V\u00fdbava<\/li>\n<\/ul>\n<ul>\n<li class=\"p-uw-item__description\"><span style=\"font-size: 15px;\">sn\u00ed\u017een\u00fd podvozek\u00a0<\/span><\/li>\n<li class=\"p-uw-item__description\"><span style=\"font-size: 15px;\">prodejn\u00ed d\u00e9lka 4,0 m<\/span><\/li>\n<li class=\"p-uw-item__description\"><span style=\"font-size: 15px;\">chlazen\u00e1 designov\u00e1 vitr\u00edna 4,0 m, chlazen\u00fd box pod v vitr\u00ednou 380 l s 2 ks nerezov\u00fdmi \u0161upl\u00edky<\/span><\/li>\n<li class=\"p-uw-item__description\"><span style=\"font-size: 15px;\">centr\u00e1ln\u00ed syst\u00e9m chlazen\u00ed<\/span><\/li>\n<li class=\"p-uw-item__description\"><span style=\"font-size: 15px;\">lithiov\u00fd bateriov\u00fd syst\u00e9m<\/span><\/li>\n<li class=\"p-uw-item__description\"><span style=\"font-size: 15px;\">hygienick\u00e9 z\u00e1zem\u00ed<\/span><\/li>\n<li><span style=\"font-size: 15px;\">LED osv\u011btlen\u00ed<\/span><\/li>\n<li class=\"p-uw-item__description\"><span style=\"font-size: 15px;\">BORCO tracking syst\u00e9m \u2013 sledov\u00e1n\u00ed vozidla, teplot, HACCP<\/span><\/li>\n<\/ul>\n<\/div>\n<\/div>\n<p style=\"text-align: center;\"><a href=\"mailto:info@bodytruck.cz?subject=%C5%BD%C3%A1dost%20o%20informace%20k%20vozidlu%2066098\">V\u00cdCE INFORMAC\u00cd<\/a><\/p>\n<div>\n<p><a href=\"https:\/\/www.bodytruck.cz\/index.php\/pouzite-prodejny\/\"><div class='yrm-content yrm-content-3 yrm-content-hide  ' id='yrm-Jb2tH' data-id='3' data-show-status='false' data-after-action='' style=\"visibility: hidden;height: 0;\">\n\t\t\t<div id='yrm-inner-content-yrm-Jb2tH' class='yrm-inner-content-wrapper yrm-cntent-3'>Read more hidden text<\/div>\n\t\t<\/div><div class='yrm-btn-wrapper yrm-btn-wrapper-3 yrm-more-button-wrapper  '\n\t\tdata-custom-more-class-name='' data-custom-less-class-name=''><span title='' data-less-title='' data-more-title='' class='yrm-toggle-expand  yrm-toggle-expand-3 ' data-rel='yrm-Jb2tH' data-more='Vr\u00e1tit zp\u011bt' data-less='Vr\u00e1tit zp\u011bt'><span class='yrm-text-wrapper yrm-text-wrapper-custom-dimensions'><span class=\"yrm-button-text-3 yrm-button-text-span\">Vr\u00e1tit zp\u011bt<\/span><\/span><\/span><\/div><\/a><\/p>\n<\/div>\n","protected":false},"excerpt":{"rendered":"<p>Cena: Na vy\u017e\u00e1d\u00e1n\u00ed Fiat Ducato motor 103 kW, EURO 6 z\u00e1novn\u00ed vozidlo, registrace 4\/2025, najeto 15 tis. km celkov\u00e1 hmotnost 3,5 t, u\u017eite\u010dn\u00e9 zat\u00ed\u017een\u00ed 600 Kg tempomat, klima, autor\u00e1dio, &nbsp; V\u00fdbava sn\u00ed\u017een\u00fd podvozek\u00a0 prodejn\u00ed d\u00e9lka 4,0 m chlazen\u00e1 designov\u00e1 vitr\u00edna 4,0 m, chlazen\u00fd box pod v vitr\u00ednou 380 l s 2 ks nerezov\u00fdmi \u0161upl\u00edky centr\u00e1ln\u00ed &hellip; <a href=\"https:\/\/www.bodytruck.cz\/index.php\/66098-2\/\" class=\"more-link\">Pokra\u010dov\u00e1n\u00ed textu <span class=\"screen-reader-text\">Poj\u00edzdn\u00e1 prodejna na chlazen\u00e9 potraviny<\/span><\/a><\/p>\n","protected":false},"author":1,"featured_media":0,"parent":0,"menu_order":0,"comment_status":"closed","ping_status":"closed","template":"","meta":{"footnotes":""},"class_list":["post-974","page","type-page","status-publish","hentry"],"yoast_head":"<!-- This site is optimized with the Yoast SEO plugin v27.4 - https:\/\/yoast.com\/product\/yoast-seo-wordpress\/ -->\n<title>Poj\u00edzdn\u00e1 prodejna na chlazen\u00e9 potraviny * Poj\u00edzdn\u00e9 prodejny a foodtrucky BORCO-H\u00d6HNS<\/title>\n<meta name=\"description\" content=\"Poj\u00edzdn\u00e9 prodejny, peka\u0159sk\u00e9 prodejny, peka\u0159sk\u00e1 poj\u00edzdn\u00e1 prodejna, bodytruck, borco-hohns, pou\u017eit\u00e9 poj\u00edzdn\u00e9 prodejny,\" \/>\n<meta name=\"robots\" content=\"index, follow, max-snippet:-1, max-image-preview:large, max-video-preview:-1\" \/>\n<link rel=\"canonical\" href=\"https:\/\/www.bodytruck.cz\/index.php\/66098-2\/\" \/>\n<meta property=\"og:locale\" content=\"cs_CZ\" \/>\n<meta property=\"og:type\" content=\"article\" \/>\n<meta property=\"og:title\" content=\"Poj\u00edzdn\u00e1 prodejna na chlazen\u00e9 potraviny * Poj\u00edzdn\u00e9 prodejny a foodtrucky BORCO-H\u00d6HNS\" \/>\n<meta property=\"og:description\" content=\"Poj\u00edzdn\u00e9 prodejny, peka\u0159sk\u00e9 prodejny, peka\u0159sk\u00e1 poj\u00edzdn\u00e1 prodejna, bodytruck, borco-hohns, pou\u017eit\u00e9 poj\u00edzdn\u00e9 prodejny,\" \/>\n<meta property=\"og:url\" content=\"https:\/\/www.bodytruck.cz\/index.php\/66098-2\/\" \/>\n<meta property=\"og:site_name\" content=\"Poj\u00edzdn\u00e9 prodejny a foodtrucky BORCO-H\u00d6HNS\" \/>\n<meta property=\"article:publisher\" content=\"https:\/\/www.facebook.com\/bodytrucksro\" \/>\n<meta property=\"article:modified_time\" content=\"2026-04-21T07:24:47+00:00\" \/>\n<meta name=\"twitter:card\" content=\"summary_large_image\" \/>\n<meta name=\"twitter:label1\" content=\"Odhadovan\u00e1 doba \u010dten\u00ed\" \/>\n\t<meta name=\"twitter:data1\" content=\"1 minuta\" \/>\n<script type=\"application\/ld+json\" class=\"yoast-schema-graph\">{\"@context\":\"https:\\\/\\\/schema.org\",\"@graph\":[{\"@type\":\"WebPage\",\"@id\":\"https:\\\/\\\/www.bodytruck.cz\\\/index.php\\\/66098-2\\\/\",\"url\":\"https:\\\/\\\/www.bodytruck.cz\\\/index.php\\\/66098-2\\\/\",\"name\":\"Poj\u00edzdn\u00e1 prodejna na chlazen\u00e9 potraviny * Poj\u00edzdn\u00e9 prodejny a foodtrucky BORCO-H\u00d6HNS\",\"isPartOf\":{\"@id\":\"https:\\\/\\\/www.bodytruck.cz\\\/#website\"},\"datePublished\":\"2023-09-10T08:55:20+00:00\",\"dateModified\":\"2026-04-21T07:24:47+00:00\",\"description\":\"Poj\u00edzdn\u00e9 prodejny, peka\u0159sk\u00e9 prodejny, peka\u0159sk\u00e1 poj\u00edzdn\u00e1 prodejna, bodytruck, borco-hohns, pou\u017eit\u00e9 poj\u00edzdn\u00e9 prodejny,\",\"breadcrumb\":{\"@id\":\"https:\\\/\\\/www.bodytruck.cz\\\/index.php\\\/66098-2\\\/#breadcrumb\"},\"inLanguage\":\"cs\",\"potentialAction\":[{\"@type\":\"ReadAction\",\"target\":[\"https:\\\/\\\/www.bodytruck.cz\\\/index.php\\\/66098-2\\\/\"]}]},{\"@type\":\"BreadcrumbList\",\"@id\":\"https:\\\/\\\/www.bodytruck.cz\\\/index.php\\\/66098-2\\\/#breadcrumb\",\"itemListElement\":[{\"@type\":\"ListItem\",\"position\":1,\"name\":\"Dom\u016f\",\"item\":\"https:\\\/\\\/www.bodytruck.cz\\\/\"},{\"@type\":\"ListItem\",\"position\":2,\"name\":\"Poj\u00edzdn\u00e1 prodejna na chlazen\u00e9 potraviny\"}]},{\"@type\":\"WebSite\",\"@id\":\"https:\\\/\\\/www.bodytruck.cz\\\/#website\",\"url\":\"https:\\\/\\\/www.bodytruck.cz\\\/\",\"name\":\"Poj\u00edzdn\u00e9 prodejny a p\u0159\u00edv\u011bsy BORCO-H\u00d6HNS\",\"description\":\"Autorizovan\u00fd prodej a servis v \u010cesk\u00e9 republice a na Slovensku\",\"publisher\":{\"@id\":\"https:\\\/\\\/www.bodytruck.cz\\\/#organization\"},\"potentialAction\":[{\"@type\":\"SearchAction\",\"target\":{\"@type\":\"EntryPoint\",\"urlTemplate\":\"https:\\\/\\\/www.bodytruck.cz\\\/?s={search_term_string}\"},\"query-input\":{\"@type\":\"PropertyValueSpecification\",\"valueRequired\":true,\"valueName\":\"search_term_string\"}}],\"inLanguage\":\"cs\"},{\"@type\":\"Organization\",\"@id\":\"https:\\\/\\\/www.bodytruck.cz\\\/#organization\",\"name\":\"BODYTRUCK s.r.o.\",\"url\":\"https:\\\/\\\/www.bodytruck.cz\\\/\",\"logo\":{\"@type\":\"ImageObject\",\"inLanguage\":\"cs\",\"@id\":\"https:\\\/\\\/www.bodytruck.cz\\\/#\\\/schema\\\/logo\\\/image\\\/\",\"url\":\"https:\\\/\\\/www.bodytruck.cz\\\/wp-content\\\/uploads\\\/2019\\\/10\\\/cropped-LOGO_BODYTRUCK_RGB_bez-pozadi.png\",\"contentUrl\":\"https:\\\/\\\/www.bodytruck.cz\\\/wp-content\\\/uploads\\\/2019\\\/10\\\/cropped-LOGO_BODYTRUCK_RGB_bez-pozadi.png\",\"width\":248,\"height\":76,\"caption\":\"BODYTRUCK s.r.o.\"},\"image\":{\"@id\":\"https:\\\/\\\/www.bodytruck.cz\\\/#\\\/schema\\\/logo\\\/image\\\/\"},\"sameAs\":[\"https:\\\/\\\/www.facebook.com\\\/bodytrucksro\",\"https:\\\/\\\/www.instagram.com\\\/bodytruck_sro\\\/\"]}]}<\/script>\n<!-- \/ Yoast SEO plugin. -->","yoast_head_json":{"title":"Poj\u00edzdn\u00e1 prodejna na chlazen\u00e9 potraviny * Poj\u00edzdn\u00e9 prodejny a foodtrucky BORCO-H\u00d6HNS","description":"Poj\u00edzdn\u00e9 prodejny, peka\u0159sk\u00e9 prodejny, peka\u0159sk\u00e1 poj\u00edzdn\u00e1 prodejna, bodytruck, borco-hohns, pou\u017eit\u00e9 poj\u00edzdn\u00e9 prodejny,","robots":{"index":"index","follow":"follow","max-snippet":"max-snippet:-1","max-image-preview":"max-image-preview:large","max-video-preview":"max-video-preview:-1"},"canonical":"https:\/\/www.bodytruck.cz\/index.php\/66098-2\/","og_locale":"cs_CZ","og_type":"article","og_title":"Poj\u00edzdn\u00e1 prodejna na chlazen\u00e9 potraviny * Poj\u00edzdn\u00e9 prodejny a foodtrucky BORCO-H\u00d6HNS","og_description":"Poj\u00edzdn\u00e9 prodejny, peka\u0159sk\u00e9 prodejny, peka\u0159sk\u00e1 poj\u00edzdn\u00e1 prodejna, bodytruck, borco-hohns, pou\u017eit\u00e9 poj\u00edzdn\u00e9 prodejny,","og_url":"https:\/\/www.bodytruck.cz\/index.php\/66098-2\/","og_site_name":"Poj\u00edzdn\u00e9 prodejny a foodtrucky BORCO-H\u00d6HNS","article_publisher":"https:\/\/www.facebook.com\/bodytrucksro","article_modified_time":"2026-04-21T07:24:47+00:00","twitter_card":"summary_large_image","twitter_misc":{"Odhadovan\u00e1 doba \u010dten\u00ed":"1 minuta"},"schema":{"@context":"https:\/\/schema.org","@graph":[{"@type":"WebPage","@id":"https:\/\/www.bodytruck.cz\/index.php\/66098-2\/","url":"https:\/\/www.bodytruck.cz\/index.php\/66098-2\/","name":"Poj\u00edzdn\u00e1 prodejna na chlazen\u00e9 potraviny * Poj\u00edzdn\u00e9 prodejny a foodtrucky BORCO-H\u00d6HNS","isPartOf":{"@id":"https:\/\/www.bodytruck.cz\/#website"},"datePublished":"2023-09-10T08:55:20+00:00","dateModified":"2026-04-21T07:24:47+00:00","description":"Poj\u00edzdn\u00e9 prodejny, peka\u0159sk\u00e9 prodejny, peka\u0159sk\u00e1 poj\u00edzdn\u00e1 prodejna, bodytruck, borco-hohns, pou\u017eit\u00e9 poj\u00edzdn\u00e9 prodejny,","breadcrumb":{"@id":"https:\/\/www.bodytruck.cz\/index.php\/66098-2\/#breadcrumb"},"inLanguage":"cs","potentialAction":[{"@type":"ReadAction","target":["https:\/\/www.bodytruck.cz\/index.php\/66098-2\/"]}]},{"@type":"BreadcrumbList","@id":"https:\/\/www.bodytruck.cz\/index.php\/66098-2\/#breadcrumb","itemListElement":[{"@type":"ListItem","position":1,"name":"Dom\u016f","item":"https:\/\/www.bodytruck.cz\/"},{"@type":"ListItem","position":2,"name":"Poj\u00edzdn\u00e1 prodejna na chlazen\u00e9 potraviny"}]},{"@type":"WebSite","@id":"https:\/\/www.bodytruck.cz\/#website","url":"https:\/\/www.bodytruck.cz\/","name":"Poj\u00edzdn\u00e9 prodejny a p\u0159\u00edv\u011bsy BORCO-H\u00d6HNS","description":"Autorizovan\u00fd prodej a servis v \u010cesk\u00e9 republice a na Slovensku","publisher":{"@id":"https:\/\/www.bodytruck.cz\/#organization"},"potentialAction":[{"@type":"SearchAction","target":{"@type":"EntryPoint","urlTemplate":"https:\/\/www.bodytruck.cz\/?s={search_term_string}"},"query-input":{"@type":"PropertyValueSpecification","valueRequired":true,"valueName":"search_term_string"}}],"inLanguage":"cs"},{"@type":"Organization","@id":"https:\/\/www.bodytruck.cz\/#organization","name":"BODYTRUCK s.r.o.","url":"https:\/\/www.bodytruck.cz\/","logo":{"@type":"ImageObject","inLanguage":"cs","@id":"https:\/\/www.bodytruck.cz\/#\/schema\/logo\/image\/","url":"https:\/\/www.bodytruck.cz\/wp-content\/uploads\/2019\/10\/cropped-LOGO_BODYTRUCK_RGB_bez-pozadi.png","contentUrl":"https:\/\/www.bodytruck.cz\/wp-content\/uploads\/2019\/10\/cropped-LOGO_BODYTRUCK_RGB_bez-pozadi.png","width":248,"height":76,"caption":"BODYTRUCK s.r.o."},"image":{"@id":"https:\/\/www.bodytruck.cz\/#\/schema\/logo\/image\/"},"sameAs":["https:\/\/www.facebook.com\/bodytrucksro","https:\/\/www.instagram.com\/bodytruck_sro\/"]}]}},"_links":{"self":[{"href":"https:\/\/www.bodytruck.cz\/index.php\/wp-json\/wp\/v2\/pages\/974","targetHints":{"allow":["GET"]}}],"collection":[{"href":"https:\/\/www.bodytruck.cz\/index.php\/wp-json\/wp\/v2\/pages"}],"about":[{"href":"https:\/\/www.bodytruck.cz\/index.php\/wp-json\/wp\/v2\/types\/page"}],"author":[{"embeddable":true,"href":"https:\/\/www.bodytruck.cz\/index.php\/wp-json\/wp\/v2\/users\/1"}],"replies":[{"embeddable":true,"href":"https:\/\/www.bodytruck.cz\/index.php\/wp-json\/wp\/v2\/comments?post=974"}],"version-history":[{"count":6,"href":"https:\/\/www.bodytruck.cz\/index.php\/wp-json\/wp\/v2\/pages\/974\/revisions"}],"predecessor-version":[{"id":2017,"href":"https:\/\/www.bodytruck.cz\/index.php\/wp-json\/wp\/v2\/pages\/974\/revisions\/2017"}],"wp:attachment":[{"href":"https:\/\/www.bodytruck.cz\/index.php\/wp-json\/wp\/v2\/media?parent=974"}],"curies":[{"name":"wp","href":"https:\/\/api.w.org\/{rel}","templated":true}]}}