{"id":680,"date":"2021-05-31T07:47:48","date_gmt":"2021-05-31T07:47:48","guid":{"rendered":"https:\/\/www.bodytruck.cz\/?page_id=680"},"modified":"2022-03-16T19:46:07","modified_gmt":"2022-03-16T19:46:07","slug":"smart5017og","status":"publish","type":"page","link":"https:\/\/www.bodytruck.cz\/index.php\/smart5017og\/","title":{"rendered":"5017-OG"},"content":{"rendered":"<p><img loading=\"lazy\" decoding=\"async\" class=\"aligncenter size-full wp-image-344\" src=\"https:\/\/www.bodytruck.cz\/wp-content\/uploads\/2019\/11\/Clever-5017-OG-1-e1572684724371.png\" alt=\"\" width=\"800\" height=\"500\" \/><\/p>\n<ul>\n<li>celkov\u00e1 hmotnost 1,7 t<img loading=\"lazy\" decoding=\"async\" class=\"alignright size-medium wp-image-681\" src=\"https:\/\/www.bodytruck.cz\/wp-content\/uploads\/2021\/05\/37555-7-300x225.jpg\" alt=\"\" width=\"300\" height=\"225\" srcset=\"https:\/\/www.bodytruck.cz\/wp-content\/uploads\/2021\/05\/37555-7-300x225.jpg 300w, https:\/\/www.bodytruck.cz\/wp-content\/uploads\/2021\/05\/37555-7-1024x769.jpg 1024w, https:\/\/www.bodytruck.cz\/wp-content\/uploads\/2021\/05\/37555-7-150x113.jpg 150w, https:\/\/www.bodytruck.cz\/wp-content\/uploads\/2021\/05\/37555-7-768x577.jpg 768w, https:\/\/www.bodytruck.cz\/wp-content\/uploads\/2021\/05\/37555-7-1536x1153.jpg 1536w, https:\/\/www.bodytruck.cz\/wp-content\/uploads\/2021\/05\/37555-7-2048x1538.jpg 2048w\" sizes=\"auto, (max-width: 300px) 100vw, 300px\" \/><\/li>\n<li>u\u017eite\u010dn\u00e9 zat\u00ed\u017een\u00ed a\u017e 450 kg<\/li>\n<li>vnit\u0159n\u00ed rozm\u011bry (d x \u0161 x v) 5000 x 1040 x 1900<\/li>\n<li>v\u00fdsuvn\u00e1 p\u0159edn\u00ed a zadn\u00ed \u010d\u00e1st stropu a pultu na d\u00e9lku prodejn\u00ed plochy a\u017e 10 m<\/li>\n<li>zinkovan\u00fd podvozek\u00a0Borco-H\u00f6hns<\/li>\n<\/ul>\n<p>Z\u00e1kladn\u00ed v\u00fdbava :<\/p>\n<ul>\n<li>prodejn\u00ed sklopen\u00fd pult d\u00e9lky 5; 7,5 nebo 10 m (dle rozlo\u017een\u00ed)<img loading=\"lazy\" decoding=\"async\" class=\"alignright size-medium wp-image-682\" src=\"https:\/\/www.bodytruck.cz\/wp-content\/uploads\/2021\/05\/37555-11-300x225.jpg\" alt=\"\" width=\"300\" height=\"225\" srcset=\"https:\/\/www.bodytruck.cz\/wp-content\/uploads\/2021\/05\/37555-11-300x225.jpg 300w, https:\/\/www.bodytruck.cz\/wp-content\/uploads\/2021\/05\/37555-11-1024x769.jpg 1024w, https:\/\/www.bodytruck.cz\/wp-content\/uploads\/2021\/05\/37555-11-150x113.jpg 150w, https:\/\/www.bodytruck.cz\/wp-content\/uploads\/2021\/05\/37555-11-768x577.jpg 768w, https:\/\/www.bodytruck.cz\/wp-content\/uploads\/2021\/05\/37555-11-1536x1153.jpg 1536w, https:\/\/www.bodytruck.cz\/wp-content\/uploads\/2021\/05\/37555-11-2048x1538.jpg 2048w\" sizes=\"auto, (max-width: 300px) 100vw, 300px\" \/><\/li>\n<li>Univerz\u00e1ln\u00ed z\u00e1v\u011bs kolem p\u0159\u00edv\u011bsu s teleskopick\u00fdmi podp\u011brami<\/li>\n<li>mo\u017enost u\u017eit\u00ed jako samoobsluhy<\/li>\n<li>odkl\u00e1dac\u00ed box s \u00falo\u017en\u00fdm prostorem pod\u00a0vitr\u00ednou<\/li>\n<li>LED reflektory &#8211; osv\u00edcen\u00ed zbo\u017e\u00ed<\/li>\n<li>reklamn\u00ed panel<\/li>\n<li>rozvod el. energie 230V<\/li>\n<li>ta\u0161kov\u00fd pult<\/li>\n<\/ul>\n<p>&nbsp;<\/p>\n<p>Variantn\u00ed mo\u017enosti v\u00fdbavy<img loading=\"lazy\" decoding=\"async\" class=\"alignright size-medium wp-image-683\" src=\"https:\/\/www.bodytruck.cz\/wp-content\/uploads\/2021\/05\/37555-14-300x225.jpg\" alt=\"\" width=\"300\" height=\"225\" srcset=\"https:\/\/www.bodytruck.cz\/wp-content\/uploads\/2021\/05\/37555-14-300x225.jpg 300w, https:\/\/www.bodytruck.cz\/wp-content\/uploads\/2021\/05\/37555-14-1024x769.jpg 1024w, https:\/\/www.bodytruck.cz\/wp-content\/uploads\/2021\/05\/37555-14-150x113.jpg 150w, https:\/\/www.bodytruck.cz\/wp-content\/uploads\/2021\/05\/37555-14-768x577.jpg 768w, https:\/\/www.bodytruck.cz\/wp-content\/uploads\/2021\/05\/37555-14-1536x1153.jpg 1536w, https:\/\/www.bodytruck.cz\/wp-content\/uploads\/2021\/05\/37555-14-2048x1538.jpg 2048w\" sizes=\"auto, (max-width: 300px) 100vw, 300px\" \/><\/p>\n","protected":false},"excerpt":{"rendered":"<p>celkov\u00e1 hmotnost 1,7 t u\u017eite\u010dn\u00e9 zat\u00ed\u017een\u00ed a\u017e 450 kg vnit\u0159n\u00ed rozm\u011bry (d x \u0161 x v) 5000 x 1040 x 1900 v\u00fdsuvn\u00e1 p\u0159edn\u00ed a zadn\u00ed \u010d\u00e1st stropu a pultu na d\u00e9lku prodejn\u00ed plochy a\u017e 10 m zinkovan\u00fd podvozek\u00a0Borco-H\u00f6hns Z\u00e1kladn\u00ed v\u00fdbava : prodejn\u00ed sklopen\u00fd pult d\u00e9lky 5; 7,5 nebo 10 m (dle rozlo\u017een\u00ed) Univerz\u00e1ln\u00ed z\u00e1v\u011bs kolem &hellip; <a href=\"https:\/\/www.bodytruck.cz\/index.php\/smart5017og\/\" class=\"more-link\">Pokra\u010dov\u00e1n\u00ed textu <span class=\"screen-reader-text\">5017-OG<\/span><\/a><\/p>\n","protected":false},"author":1,"featured_media":0,"parent":0,"menu_order":0,"comment_status":"closed","ping_status":"closed","template":"","meta":{"footnotes":""},"class_list":["post-680","page","type-page","status-publish","hentry"],"yoast_head":"<!-- This site is optimized with the Yoast SEO plugin v27.5 - https:\/\/yoast.com\/product\/yoast-seo-wordpress\/ -->\n<title>5017-OG * Poj\u00edzdn\u00e9 prodejny a foodtrucky BORCO-H\u00d6HNS<\/title>\n<meta name=\"description\" content=\"Poj\u00edzdn\u00e9 prodejny\" \/>\n<meta name=\"robots\" content=\"index, follow, max-snippet:-1, max-image-preview:large, max-video-preview:-1\" \/>\n<link rel=\"canonical\" href=\"https:\/\/www.bodytruck.cz\/index.php\/smart5017og\/\" \/>\n<meta property=\"og:locale\" content=\"cs_CZ\" \/>\n<meta property=\"og:type\" content=\"article\" \/>\n<meta property=\"og:title\" content=\"5017-OG * Poj\u00edzdn\u00e9 prodejny a foodtrucky BORCO-H\u00d6HNS\" \/>\n<meta property=\"og:description\" content=\"Poj\u00edzdn\u00e9 prodejny\" \/>\n<meta property=\"og:url\" content=\"https:\/\/www.bodytruck.cz\/index.php\/smart5017og\/\" \/>\n<meta property=\"og:site_name\" content=\"Poj\u00edzdn\u00e9 prodejny a foodtrucky BORCO-H\u00d6HNS\" \/>\n<meta property=\"article:publisher\" content=\"https:\/\/www.facebook.com\/bodytrucksro\" \/>\n<meta property=\"article:modified_time\" content=\"2022-03-16T19:46:07+00:00\" \/>\n<meta property=\"og:image\" content=\"https:\/\/www.bodytruck.cz\/wp-content\/uploads\/2019\/11\/Clever-5017-OG-1-e1572684724371.png\" \/>\n<meta name=\"twitter:card\" content=\"summary_large_image\" \/>\n<meta name=\"twitter:label1\" content=\"Odhadovan\u00e1 doba \u010dten\u00ed\" \/>\n\t<meta name=\"twitter:data1\" content=\"2 minuty\" \/>\n<script type=\"application\/ld+json\" class=\"yoast-schema-graph\">{\"@context\":\"https:\\\/\\\/schema.org\",\"@graph\":[{\"@type\":\"WebPage\",\"@id\":\"https:\\\/\\\/www.bodytruck.cz\\\/index.php\\\/smart5017og\\\/\",\"url\":\"https:\\\/\\\/www.bodytruck.cz\\\/index.php\\\/smart5017og\\\/\",\"name\":\"5017-OG * Poj\u00edzdn\u00e9 prodejny a foodtrucky BORCO-H\u00d6HNS\",\"isPartOf\":{\"@id\":\"https:\\\/\\\/www.bodytruck.cz\\\/#website\"},\"primaryImageOfPage\":{\"@id\":\"https:\\\/\\\/www.bodytruck.cz\\\/index.php\\\/smart5017og\\\/#primaryimage\"},\"image\":{\"@id\":\"https:\\\/\\\/www.bodytruck.cz\\\/index.php\\\/smart5017og\\\/#primaryimage\"},\"thumbnailUrl\":\"https:\\\/\\\/www.bodytruck.cz\\\/wp-content\\\/uploads\\\/2019\\\/11\\\/Clever-5017-OG-1-e1572684724371.png\",\"datePublished\":\"2021-05-31T07:47:48+00:00\",\"dateModified\":\"2022-03-16T19:46:07+00:00\",\"description\":\"Poj\u00edzdn\u00e9 prodejny\",\"breadcrumb\":{\"@id\":\"https:\\\/\\\/www.bodytruck.cz\\\/index.php\\\/smart5017og\\\/#breadcrumb\"},\"inLanguage\":\"cs\",\"potentialAction\":[{\"@type\":\"ReadAction\",\"target\":[\"https:\\\/\\\/www.bodytruck.cz\\\/index.php\\\/smart5017og\\\/\"]}]},{\"@type\":\"ImageObject\",\"inLanguage\":\"cs\",\"@id\":\"https:\\\/\\\/www.bodytruck.cz\\\/index.php\\\/smart5017og\\\/#primaryimage\",\"url\":\"https:\\\/\\\/www.bodytruck.cz\\\/wp-content\\\/uploads\\\/2019\\\/11\\\/Clever-5017-OG-1-e1572684724371.png\",\"contentUrl\":\"https:\\\/\\\/www.bodytruck.cz\\\/wp-content\\\/uploads\\\/2019\\\/11\\\/Clever-5017-OG-1-e1572684724371.png\",\"width\":800,\"height\":500},{\"@type\":\"BreadcrumbList\",\"@id\":\"https:\\\/\\\/www.bodytruck.cz\\\/index.php\\\/smart5017og\\\/#breadcrumb\",\"itemListElement\":[{\"@type\":\"ListItem\",\"position\":1,\"name\":\"Dom\u016f\",\"item\":\"https:\\\/\\\/www.bodytruck.cz\\\/\"},{\"@type\":\"ListItem\",\"position\":2,\"name\":\"5017-OG\"}]},{\"@type\":\"WebSite\",\"@id\":\"https:\\\/\\\/www.bodytruck.cz\\\/#website\",\"url\":\"https:\\\/\\\/www.bodytruck.cz\\\/\",\"name\":\"Poj\u00edzdn\u00e9 prodejny a p\u0159\u00edv\u011bsy BORCO-H\u00d6HNS\",\"description\":\"Autorizovan\u00fd prodej a servis v \u010cesk\u00e9 republice a na Slovensku\",\"publisher\":{\"@id\":\"https:\\\/\\\/www.bodytruck.cz\\\/#organization\"},\"potentialAction\":[{\"@type\":\"SearchAction\",\"target\":{\"@type\":\"EntryPoint\",\"urlTemplate\":\"https:\\\/\\\/www.bodytruck.cz\\\/?s={search_term_string}\"},\"query-input\":{\"@type\":\"PropertyValueSpecification\",\"valueRequired\":true,\"valueName\":\"search_term_string\"}}],\"inLanguage\":\"cs\"},{\"@type\":\"Organization\",\"@id\":\"https:\\\/\\\/www.bodytruck.cz\\\/#organization\",\"name\":\"BODYTRUCK s.r.o.\",\"url\":\"https:\\\/\\\/www.bodytruck.cz\\\/\",\"logo\":{\"@type\":\"ImageObject\",\"inLanguage\":\"cs\",\"@id\":\"https:\\\/\\\/www.bodytruck.cz\\\/#\\\/schema\\\/logo\\\/image\\\/\",\"url\":\"https:\\\/\\\/www.bodytruck.cz\\\/wp-content\\\/uploads\\\/2019\\\/10\\\/cropped-LOGO_BODYTRUCK_RGB_bez-pozadi.png\",\"contentUrl\":\"https:\\\/\\\/www.bodytruck.cz\\\/wp-content\\\/uploads\\\/2019\\\/10\\\/cropped-LOGO_BODYTRUCK_RGB_bez-pozadi.png\",\"width\":248,\"height\":76,\"caption\":\"BODYTRUCK s.r.o.\"},\"image\":{\"@id\":\"https:\\\/\\\/www.bodytruck.cz\\\/#\\\/schema\\\/logo\\\/image\\\/\"},\"sameAs\":[\"https:\\\/\\\/www.facebook.com\\\/bodytrucksro\",\"https:\\\/\\\/www.instagram.com\\\/bodytruck_sro\\\/\"]}]}<\/script>\n<!-- \/ Yoast SEO plugin. -->","yoast_head_json":{"title":"5017-OG * Poj\u00edzdn\u00e9 prodejny a foodtrucky BORCO-H\u00d6HNS","description":"Poj\u00edzdn\u00e9 prodejny","robots":{"index":"index","follow":"follow","max-snippet":"max-snippet:-1","max-image-preview":"max-image-preview:large","max-video-preview":"max-video-preview:-1"},"canonical":"https:\/\/www.bodytruck.cz\/index.php\/smart5017og\/","og_locale":"cs_CZ","og_type":"article","og_title":"5017-OG * Poj\u00edzdn\u00e9 prodejny a foodtrucky BORCO-H\u00d6HNS","og_description":"Poj\u00edzdn\u00e9 prodejny","og_url":"https:\/\/www.bodytruck.cz\/index.php\/smart5017og\/","og_site_name":"Poj\u00edzdn\u00e9 prodejny a foodtrucky BORCO-H\u00d6HNS","article_publisher":"https:\/\/www.facebook.com\/bodytrucksro","article_modified_time":"2022-03-16T19:46:07+00:00","og_image":[{"url":"https:\/\/www.bodytruck.cz\/wp-content\/uploads\/2019\/11\/Clever-5017-OG-1-e1572684724371.png","type":"","width":"","height":""}],"twitter_card":"summary_large_image","twitter_misc":{"Odhadovan\u00e1 doba \u010dten\u00ed":"2 minuty"},"schema":{"@context":"https:\/\/schema.org","@graph":[{"@type":"WebPage","@id":"https:\/\/www.bodytruck.cz\/index.php\/smart5017og\/","url":"https:\/\/www.bodytruck.cz\/index.php\/smart5017og\/","name":"5017-OG * Poj\u00edzdn\u00e9 prodejny a foodtrucky BORCO-H\u00d6HNS","isPartOf":{"@id":"https:\/\/www.bodytruck.cz\/#website"},"primaryImageOfPage":{"@id":"https:\/\/www.bodytruck.cz\/index.php\/smart5017og\/#primaryimage"},"image":{"@id":"https:\/\/www.bodytruck.cz\/index.php\/smart5017og\/#primaryimage"},"thumbnailUrl":"https:\/\/www.bodytruck.cz\/wp-content\/uploads\/2019\/11\/Clever-5017-OG-1-e1572684724371.png","datePublished":"2021-05-31T07:47:48+00:00","dateModified":"2022-03-16T19:46:07+00:00","description":"Poj\u00edzdn\u00e9 prodejny","breadcrumb":{"@id":"https:\/\/www.bodytruck.cz\/index.php\/smart5017og\/#breadcrumb"},"inLanguage":"cs","potentialAction":[{"@type":"ReadAction","target":["https:\/\/www.bodytruck.cz\/index.php\/smart5017og\/"]}]},{"@type":"ImageObject","inLanguage":"cs","@id":"https:\/\/www.bodytruck.cz\/index.php\/smart5017og\/#primaryimage","url":"https:\/\/www.bodytruck.cz\/wp-content\/uploads\/2019\/11\/Clever-5017-OG-1-e1572684724371.png","contentUrl":"https:\/\/www.bodytruck.cz\/wp-content\/uploads\/2019\/11\/Clever-5017-OG-1-e1572684724371.png","width":800,"height":500},{"@type":"BreadcrumbList","@id":"https:\/\/www.bodytruck.cz\/index.php\/smart5017og\/#breadcrumb","itemListElement":[{"@type":"ListItem","position":1,"name":"Dom\u016f","item":"https:\/\/www.bodytruck.cz\/"},{"@type":"ListItem","position":2,"name":"5017-OG"}]},{"@type":"WebSite","@id":"https:\/\/www.bodytruck.cz\/#website","url":"https:\/\/www.bodytruck.cz\/","name":"Poj\u00edzdn\u00e9 prodejny a p\u0159\u00edv\u011bsy BORCO-H\u00d6HNS","description":"Autorizovan\u00fd prodej a servis v \u010cesk\u00e9 republice a na Slovensku","publisher":{"@id":"https:\/\/www.bodytruck.cz\/#organization"},"potentialAction":[{"@type":"SearchAction","target":{"@type":"EntryPoint","urlTemplate":"https:\/\/www.bodytruck.cz\/?s={search_term_string}"},"query-input":{"@type":"PropertyValueSpecification","valueRequired":true,"valueName":"search_term_string"}}],"inLanguage":"cs"},{"@type":"Organization","@id":"https:\/\/www.bodytruck.cz\/#organization","name":"BODYTRUCK s.r.o.","url":"https:\/\/www.bodytruck.cz\/","logo":{"@type":"ImageObject","inLanguage":"cs","@id":"https:\/\/www.bodytruck.cz\/#\/schema\/logo\/image\/","url":"https:\/\/www.bodytruck.cz\/wp-content\/uploads\/2019\/10\/cropped-LOGO_BODYTRUCK_RGB_bez-pozadi.png","contentUrl":"https:\/\/www.bodytruck.cz\/wp-content\/uploads\/2019\/10\/cropped-LOGO_BODYTRUCK_RGB_bez-pozadi.png","width":248,"height":76,"caption":"BODYTRUCK s.r.o."},"image":{"@id":"https:\/\/www.bodytruck.cz\/#\/schema\/logo\/image\/"},"sameAs":["https:\/\/www.facebook.com\/bodytrucksro","https:\/\/www.instagram.com\/bodytruck_sro\/"]}]}},"_links":{"self":[{"href":"https:\/\/www.bodytruck.cz\/index.php\/wp-json\/wp\/v2\/pages\/680","targetHints":{"allow":["GET"]}}],"collection":[{"href":"https:\/\/www.bodytruck.cz\/index.php\/wp-json\/wp\/v2\/pages"}],"about":[{"href":"https:\/\/www.bodytruck.cz\/index.php\/wp-json\/wp\/v2\/types\/page"}],"author":[{"embeddable":true,"href":"https:\/\/www.bodytruck.cz\/index.php\/wp-json\/wp\/v2\/users\/1"}],"replies":[{"embeddable":true,"href":"https:\/\/www.bodytruck.cz\/index.php\/wp-json\/wp\/v2\/comments?post=680"}],"version-history":[{"count":4,"href":"https:\/\/www.bodytruck.cz\/index.php\/wp-json\/wp\/v2\/pages\/680\/revisions"}],"predecessor-version":[{"id":741,"href":"https:\/\/www.bodytruck.cz\/index.php\/wp-json\/wp\/v2\/pages\/680\/revisions\/741"}],"wp:attachment":[{"href":"https:\/\/www.bodytruck.cz\/index.php\/wp-json\/wp\/v2\/media?parent=680"}],"curies":[{"name":"wp","href":"https:\/\/api.w.org\/{rel}","templated":true}]}}