{"id":666,"date":"2021-05-31T07:08:31","date_gmt":"2021-05-31T07:08:31","guid":{"rendered":"https:\/\/www.bodytruck.cz\/?page_id=666"},"modified":"2022-03-16T19:39:55","modified_gmt":"2022-03-16T19:39:55","slug":"trend4525fi","status":"publish","type":"page","link":"https:\/\/www.bodytruck.cz\/index.php\/trend4525fi\/","title":{"rendered":"4525-FI"},"content":{"rendered":"<p><img loading=\"lazy\" decoding=\"async\" class=\"aligncenter size-full wp-image-323\" src=\"https:\/\/www.bodytruck.cz\/wp-content\/uploads\/2019\/11\/Clever_4524-Fi_pic37252-1-e1572630474339.png\" alt=\"\" width=\"600\" height=\"450\" \/><\/p>\n<ul>\n<li>celkov\u00e1 hmotnost 2,5 t<img loading=\"lazy\" decoding=\"async\" class=\"alignright size-medium wp-image-667\" src=\"https:\/\/www.bodytruck.cz\/wp-content\/uploads\/2021\/05\/Clever-4524-FI-5-300x153.jpg\" alt=\"\" width=\"300\" height=\"153\" srcset=\"https:\/\/www.bodytruck.cz\/wp-content\/uploads\/2021\/05\/Clever-4524-FI-5-300x153.jpg 300w, https:\/\/www.bodytruck.cz\/wp-content\/uploads\/2021\/05\/Clever-4524-FI-5-1024x521.jpg 1024w, https:\/\/www.bodytruck.cz\/wp-content\/uploads\/2021\/05\/Clever-4524-FI-5-150x76.jpg 150w, https:\/\/www.bodytruck.cz\/wp-content\/uploads\/2021\/05\/Clever-4524-FI-5-768x391.jpg 768w, https:\/\/www.bodytruck.cz\/wp-content\/uploads\/2021\/05\/Clever-4524-FI-5.jpg 1140w\" sizes=\"auto, (max-width: 300px) 100vw, 300px\" \/><\/li>\n<li>u\u017eite\u010dn\u00e9 zat\u00ed\u017een\u00ed a\u017e 800 kg<\/li>\n<li>vnit\u0159n\u00ed rozm\u011bry (d x \u0161 x v) 4500 x 2410 x 2100<\/li>\n<li>zinkovan\u00fd podvozek\u00a0Borco-H\u00f6hns<\/li>\n<\/ul>\n<p>&nbsp;<\/p>\n<p>Z\u00e1kladn\u00ed v\u00fdbava :<img loading=\"lazy\" decoding=\"async\" class=\"alignright size-medium wp-image-668\" src=\"https:\/\/www.bodytruck.cz\/wp-content\/uploads\/2021\/05\/Clever-4524-FI-10_7-300x153.jpg\" alt=\"\" width=\"300\" height=\"153\" srcset=\"https:\/\/www.bodytruck.cz\/wp-content\/uploads\/2021\/05\/Clever-4524-FI-10_7-300x153.jpg 300w, https:\/\/www.bodytruck.cz\/wp-content\/uploads\/2021\/05\/Clever-4524-FI-10_7-1024x521.jpg 1024w, https:\/\/www.bodytruck.cz\/wp-content\/uploads\/2021\/05\/Clever-4524-FI-10_7-150x76.jpg 150w, https:\/\/www.bodytruck.cz\/wp-content\/uploads\/2021\/05\/Clever-4524-FI-10_7-768x391.jpg 768w, https:\/\/www.bodytruck.cz\/wp-content\/uploads\/2021\/05\/Clever-4524-FI-10_7.jpg 1140w\" sizes=\"auto, (max-width: 300px) 100vw, 300px\" \/><\/p>\n<ul>\n<li>panoramatick\u00e1 chlad\u00edc\u00ed vitr\u00edna d\u00e9lky 4,5 m<\/li>\n<li>chlad\u00edc\u00ed box pod vitr\u00ednou<\/li>\n<li>velk\u00e1 chlad\u00edc\u00ed truhla na ryby<\/li>\n<li>centr\u00e1ln\u00ed syst\u00e9m chlazen\u00ed<\/li>\n<li>speci\u00e1ln\u00ed BARO LED osv\u011btlen\u00ed <img loading=\"lazy\" decoding=\"async\" class=\"alignright size-medium wp-image-669\" src=\"https:\/\/www.bodytruck.cz\/wp-content\/uploads\/2021\/05\/Clever-4524-FI-21-300x153.jpg\" alt=\"\" width=\"300\" height=\"153\" srcset=\"https:\/\/www.bodytruck.cz\/wp-content\/uploads\/2021\/05\/Clever-4524-FI-21-300x153.jpg 300w, https:\/\/www.bodytruck.cz\/wp-content\/uploads\/2021\/05\/Clever-4524-FI-21-1024x521.jpg 1024w, https:\/\/www.bodytruck.cz\/wp-content\/uploads\/2021\/05\/Clever-4524-FI-21-150x76.jpg 150w, https:\/\/www.bodytruck.cz\/wp-content\/uploads\/2021\/05\/Clever-4524-FI-21-768x391.jpg 768w, https:\/\/www.bodytruck.cz\/wp-content\/uploads\/2021\/05\/Clever-4524-FI-21.jpg 1140w\" sizes=\"auto, (max-width: 300px) 100vw, 300px\" \/><\/li>\n<li>prezenta\u010dn\u00ed tabule<\/li>\n<li>hygienick\u00fd kout<\/li>\n<\/ul>\n<p>Variantn\u00ed mo\u017enosti v\u00fdbavy<\/p>\n","protected":false},"excerpt":{"rendered":"<p>celkov\u00e1 hmotnost 2,5 t u\u017eite\u010dn\u00e9 zat\u00ed\u017een\u00ed a\u017e 800 kg vnit\u0159n\u00ed rozm\u011bry (d x \u0161 x v) 4500 x 2410 x 2100 zinkovan\u00fd podvozek\u00a0Borco-H\u00f6hns &nbsp; Z\u00e1kladn\u00ed v\u00fdbava : panoramatick\u00e1 chlad\u00edc\u00ed vitr\u00edna d\u00e9lky 4,5 m chlad\u00edc\u00ed box pod vitr\u00ednou velk\u00e1 chlad\u00edc\u00ed truhla na ryby centr\u00e1ln\u00ed syst\u00e9m chlazen\u00ed speci\u00e1ln\u00ed BARO LED osv\u011btlen\u00ed prezenta\u010dn\u00ed tabule hygienick\u00fd kout Variantn\u00ed mo\u017enosti &hellip; <a href=\"https:\/\/www.bodytruck.cz\/index.php\/trend4525fi\/\" class=\"more-link\">Pokra\u010dov\u00e1n\u00ed textu <span class=\"screen-reader-text\">4525-FI<\/span><\/a><\/p>\n","protected":false},"author":1,"featured_media":0,"parent":0,"menu_order":0,"comment_status":"closed","ping_status":"closed","template":"","meta":{"footnotes":""},"class_list":["post-666","page","type-page","status-publish","hentry"],"yoast_head":"<!-- This site is optimized with the Yoast SEO plugin v27.5 - https:\/\/yoast.com\/product\/yoast-seo-wordpress\/ -->\n<title>4525-FI * Poj\u00edzdn\u00e9 prodejny a foodtrucky BORCO-H\u00d6HNS<\/title>\n<meta name=\"description\" content=\"Poj\u00edzdn\u00e9 prodejny\" \/>\n<meta name=\"robots\" content=\"index, follow, max-snippet:-1, max-image-preview:large, max-video-preview:-1\" \/>\n<link rel=\"canonical\" href=\"https:\/\/www.bodytruck.cz\/index.php\/trend4525fi\/\" \/>\n<meta property=\"og:locale\" content=\"cs_CZ\" \/>\n<meta property=\"og:type\" content=\"article\" \/>\n<meta property=\"og:title\" content=\"4525-FI * Poj\u00edzdn\u00e9 prodejny a foodtrucky BORCO-H\u00d6HNS\" \/>\n<meta property=\"og:description\" content=\"Poj\u00edzdn\u00e9 prodejny\" \/>\n<meta property=\"og:url\" content=\"https:\/\/www.bodytruck.cz\/index.php\/trend4525fi\/\" \/>\n<meta property=\"og:site_name\" content=\"Poj\u00edzdn\u00e9 prodejny a foodtrucky BORCO-H\u00d6HNS\" \/>\n<meta property=\"article:publisher\" content=\"https:\/\/www.facebook.com\/bodytrucksro\" \/>\n<meta property=\"article:modified_time\" content=\"2022-03-16T19:39:55+00:00\" \/>\n<meta property=\"og:image\" content=\"https:\/\/www.bodytruck.cz\/wp-content\/uploads\/2019\/11\/Clever_4524-Fi_pic37252-1-e1572630474339.png\" \/>\n<meta name=\"twitter:card\" content=\"summary_large_image\" \/>\n<meta name=\"twitter:label1\" content=\"Odhadovan\u00e1 doba \u010dten\u00ed\" \/>\n\t<meta name=\"twitter:data1\" content=\"2 minuty\" \/>\n<script type=\"application\/ld+json\" class=\"yoast-schema-graph\">{\"@context\":\"https:\\\/\\\/schema.org\",\"@graph\":[{\"@type\":\"WebPage\",\"@id\":\"https:\\\/\\\/www.bodytruck.cz\\\/index.php\\\/trend4525fi\\\/\",\"url\":\"https:\\\/\\\/www.bodytruck.cz\\\/index.php\\\/trend4525fi\\\/\",\"name\":\"4525-FI * Poj\u00edzdn\u00e9 prodejny a foodtrucky BORCO-H\u00d6HNS\",\"isPartOf\":{\"@id\":\"https:\\\/\\\/www.bodytruck.cz\\\/#website\"},\"primaryImageOfPage\":{\"@id\":\"https:\\\/\\\/www.bodytruck.cz\\\/index.php\\\/trend4525fi\\\/#primaryimage\"},\"image\":{\"@id\":\"https:\\\/\\\/www.bodytruck.cz\\\/index.php\\\/trend4525fi\\\/#primaryimage\"},\"thumbnailUrl\":\"https:\\\/\\\/www.bodytruck.cz\\\/wp-content\\\/uploads\\\/2019\\\/11\\\/Clever_4524-Fi_pic37252-1-e1572630474339.png\",\"datePublished\":\"2021-05-31T07:08:31+00:00\",\"dateModified\":\"2022-03-16T19:39:55+00:00\",\"description\":\"Poj\u00edzdn\u00e9 prodejny\",\"breadcrumb\":{\"@id\":\"https:\\\/\\\/www.bodytruck.cz\\\/index.php\\\/trend4525fi\\\/#breadcrumb\"},\"inLanguage\":\"cs\",\"potentialAction\":[{\"@type\":\"ReadAction\",\"target\":[\"https:\\\/\\\/www.bodytruck.cz\\\/index.php\\\/trend4525fi\\\/\"]}]},{\"@type\":\"ImageObject\",\"inLanguage\":\"cs\",\"@id\":\"https:\\\/\\\/www.bodytruck.cz\\\/index.php\\\/trend4525fi\\\/#primaryimage\",\"url\":\"https:\\\/\\\/www.bodytruck.cz\\\/wp-content\\\/uploads\\\/2019\\\/11\\\/Clever_4524-Fi_pic37252-1-e1572630474339.png\",\"contentUrl\":\"https:\\\/\\\/www.bodytruck.cz\\\/wp-content\\\/uploads\\\/2019\\\/11\\\/Clever_4524-Fi_pic37252-1-e1572630474339.png\",\"width\":600,\"height\":450},{\"@type\":\"BreadcrumbList\",\"@id\":\"https:\\\/\\\/www.bodytruck.cz\\\/index.php\\\/trend4525fi\\\/#breadcrumb\",\"itemListElement\":[{\"@type\":\"ListItem\",\"position\":1,\"name\":\"Dom\u016f\",\"item\":\"https:\\\/\\\/www.bodytruck.cz\\\/\"},{\"@type\":\"ListItem\",\"position\":2,\"name\":\"4525-FI\"}]},{\"@type\":\"WebSite\",\"@id\":\"https:\\\/\\\/www.bodytruck.cz\\\/#website\",\"url\":\"https:\\\/\\\/www.bodytruck.cz\\\/\",\"name\":\"Poj\u00edzdn\u00e9 prodejny a p\u0159\u00edv\u011bsy BORCO-H\u00d6HNS\",\"description\":\"Autorizovan\u00fd prodej a servis v \u010cesk\u00e9 republice a na Slovensku\",\"publisher\":{\"@id\":\"https:\\\/\\\/www.bodytruck.cz\\\/#organization\"},\"potentialAction\":[{\"@type\":\"SearchAction\",\"target\":{\"@type\":\"EntryPoint\",\"urlTemplate\":\"https:\\\/\\\/www.bodytruck.cz\\\/?s={search_term_string}\"},\"query-input\":{\"@type\":\"PropertyValueSpecification\",\"valueRequired\":true,\"valueName\":\"search_term_string\"}}],\"inLanguage\":\"cs\"},{\"@type\":\"Organization\",\"@id\":\"https:\\\/\\\/www.bodytruck.cz\\\/#organization\",\"name\":\"BODYTRUCK s.r.o.\",\"url\":\"https:\\\/\\\/www.bodytruck.cz\\\/\",\"logo\":{\"@type\":\"ImageObject\",\"inLanguage\":\"cs\",\"@id\":\"https:\\\/\\\/www.bodytruck.cz\\\/#\\\/schema\\\/logo\\\/image\\\/\",\"url\":\"https:\\\/\\\/www.bodytruck.cz\\\/wp-content\\\/uploads\\\/2019\\\/10\\\/cropped-LOGO_BODYTRUCK_RGB_bez-pozadi.png\",\"contentUrl\":\"https:\\\/\\\/www.bodytruck.cz\\\/wp-content\\\/uploads\\\/2019\\\/10\\\/cropped-LOGO_BODYTRUCK_RGB_bez-pozadi.png\",\"width\":248,\"height\":76,\"caption\":\"BODYTRUCK s.r.o.\"},\"image\":{\"@id\":\"https:\\\/\\\/www.bodytruck.cz\\\/#\\\/schema\\\/logo\\\/image\\\/\"},\"sameAs\":[\"https:\\\/\\\/www.facebook.com\\\/bodytrucksro\",\"https:\\\/\\\/www.instagram.com\\\/bodytruck_sro\\\/\"]}]}<\/script>\n<!-- \/ Yoast SEO plugin. -->","yoast_head_json":{"title":"4525-FI * Poj\u00edzdn\u00e9 prodejny a foodtrucky BORCO-H\u00d6HNS","description":"Poj\u00edzdn\u00e9 prodejny","robots":{"index":"index","follow":"follow","max-snippet":"max-snippet:-1","max-image-preview":"max-image-preview:large","max-video-preview":"max-video-preview:-1"},"canonical":"https:\/\/www.bodytruck.cz\/index.php\/trend4525fi\/","og_locale":"cs_CZ","og_type":"article","og_title":"4525-FI * Poj\u00edzdn\u00e9 prodejny a foodtrucky BORCO-H\u00d6HNS","og_description":"Poj\u00edzdn\u00e9 prodejny","og_url":"https:\/\/www.bodytruck.cz\/index.php\/trend4525fi\/","og_site_name":"Poj\u00edzdn\u00e9 prodejny a foodtrucky BORCO-H\u00d6HNS","article_publisher":"https:\/\/www.facebook.com\/bodytrucksro","article_modified_time":"2022-03-16T19:39:55+00:00","og_image":[{"url":"https:\/\/www.bodytruck.cz\/wp-content\/uploads\/2019\/11\/Clever_4524-Fi_pic37252-1-e1572630474339.png","type":"","width":"","height":""}],"twitter_card":"summary_large_image","twitter_misc":{"Odhadovan\u00e1 doba \u010dten\u00ed":"2 minuty"},"schema":{"@context":"https:\/\/schema.org","@graph":[{"@type":"WebPage","@id":"https:\/\/www.bodytruck.cz\/index.php\/trend4525fi\/","url":"https:\/\/www.bodytruck.cz\/index.php\/trend4525fi\/","name":"4525-FI * Poj\u00edzdn\u00e9 prodejny a foodtrucky BORCO-H\u00d6HNS","isPartOf":{"@id":"https:\/\/www.bodytruck.cz\/#website"},"primaryImageOfPage":{"@id":"https:\/\/www.bodytruck.cz\/index.php\/trend4525fi\/#primaryimage"},"image":{"@id":"https:\/\/www.bodytruck.cz\/index.php\/trend4525fi\/#primaryimage"},"thumbnailUrl":"https:\/\/www.bodytruck.cz\/wp-content\/uploads\/2019\/11\/Clever_4524-Fi_pic37252-1-e1572630474339.png","datePublished":"2021-05-31T07:08:31+00:00","dateModified":"2022-03-16T19:39:55+00:00","description":"Poj\u00edzdn\u00e9 prodejny","breadcrumb":{"@id":"https:\/\/www.bodytruck.cz\/index.php\/trend4525fi\/#breadcrumb"},"inLanguage":"cs","potentialAction":[{"@type":"ReadAction","target":["https:\/\/www.bodytruck.cz\/index.php\/trend4525fi\/"]}]},{"@type":"ImageObject","inLanguage":"cs","@id":"https:\/\/www.bodytruck.cz\/index.php\/trend4525fi\/#primaryimage","url":"https:\/\/www.bodytruck.cz\/wp-content\/uploads\/2019\/11\/Clever_4524-Fi_pic37252-1-e1572630474339.png","contentUrl":"https:\/\/www.bodytruck.cz\/wp-content\/uploads\/2019\/11\/Clever_4524-Fi_pic37252-1-e1572630474339.png","width":600,"height":450},{"@type":"BreadcrumbList","@id":"https:\/\/www.bodytruck.cz\/index.php\/trend4525fi\/#breadcrumb","itemListElement":[{"@type":"ListItem","position":1,"name":"Dom\u016f","item":"https:\/\/www.bodytruck.cz\/"},{"@type":"ListItem","position":2,"name":"4525-FI"}]},{"@type":"WebSite","@id":"https:\/\/www.bodytruck.cz\/#website","url":"https:\/\/www.bodytruck.cz\/","name":"Poj\u00edzdn\u00e9 prodejny a p\u0159\u00edv\u011bsy BORCO-H\u00d6HNS","description":"Autorizovan\u00fd prodej a servis v \u010cesk\u00e9 republice a na Slovensku","publisher":{"@id":"https:\/\/www.bodytruck.cz\/#organization"},"potentialAction":[{"@type":"SearchAction","target":{"@type":"EntryPoint","urlTemplate":"https:\/\/www.bodytruck.cz\/?s={search_term_string}"},"query-input":{"@type":"PropertyValueSpecification","valueRequired":true,"valueName":"search_term_string"}}],"inLanguage":"cs"},{"@type":"Organization","@id":"https:\/\/www.bodytruck.cz\/#organization","name":"BODYTRUCK s.r.o.","url":"https:\/\/www.bodytruck.cz\/","logo":{"@type":"ImageObject","inLanguage":"cs","@id":"https:\/\/www.bodytruck.cz\/#\/schema\/logo\/image\/","url":"https:\/\/www.bodytruck.cz\/wp-content\/uploads\/2019\/10\/cropped-LOGO_BODYTRUCK_RGB_bez-pozadi.png","contentUrl":"https:\/\/www.bodytruck.cz\/wp-content\/uploads\/2019\/10\/cropped-LOGO_BODYTRUCK_RGB_bez-pozadi.png","width":248,"height":76,"caption":"BODYTRUCK s.r.o."},"image":{"@id":"https:\/\/www.bodytruck.cz\/#\/schema\/logo\/image\/"},"sameAs":["https:\/\/www.facebook.com\/bodytrucksro","https:\/\/www.instagram.com\/bodytruck_sro\/"]}]}},"_links":{"self":[{"href":"https:\/\/www.bodytruck.cz\/index.php\/wp-json\/wp\/v2\/pages\/666","targetHints":{"allow":["GET"]}}],"collection":[{"href":"https:\/\/www.bodytruck.cz\/index.php\/wp-json\/wp\/v2\/pages"}],"about":[{"href":"https:\/\/www.bodytruck.cz\/index.php\/wp-json\/wp\/v2\/types\/page"}],"author":[{"embeddable":true,"href":"https:\/\/www.bodytruck.cz\/index.php\/wp-json\/wp\/v2\/users\/1"}],"replies":[{"embeddable":true,"href":"https:\/\/www.bodytruck.cz\/index.php\/wp-json\/wp\/v2\/comments?post=666"}],"version-history":[{"count":2,"href":"https:\/\/www.bodytruck.cz\/index.php\/wp-json\/wp\/v2\/pages\/666\/revisions"}],"predecessor-version":[{"id":729,"href":"https:\/\/www.bodytruck.cz\/index.php\/wp-json\/wp\/v2\/pages\/666\/revisions\/729"}],"wp:attachment":[{"href":"https:\/\/www.bodytruck.cz\/index.php\/wp-json\/wp\/v2\/media?parent=666"}],"curies":[{"name":"wp","href":"https:\/\/api.w.org\/{rel}","templated":true}]}}