{"id":639,"date":"2021-05-28T13:57:46","date_gmt":"2021-05-28T13:57:46","guid":{"rendered":"https:\/\/www.bodytruck.cz\/?page_id=639"},"modified":"2022-03-16T19:38:12","modified_gmt":"2022-03-16T19:38:12","slug":"smart3535fi","status":"publish","type":"page","link":"https:\/\/www.bodytruck.cz\/index.php\/smart3535fi\/","title":{"rendered":"3535-FI"},"content":{"rendered":"<p><img loading=\"lazy\" decoding=\"async\" class=\"aligncenter size-full wp-image-319\" src=\"https:\/\/www.bodytruck.cz\/wp-content\/uploads\/2019\/11\/CLEVER-3535-FI_Gesamtansicht-e1572630215646.png\" alt=\"\" width=\"600\" height=\"400\" \/><\/p>\n<p>Podvozek : Renault Master<img loading=\"lazy\" decoding=\"async\" class=\"alignright size-medium wp-image-640\" src=\"https:\/\/www.bodytruck.cz\/wp-content\/uploads\/2021\/05\/64271-6-300x200.jpg\" alt=\"\" width=\"300\" height=\"200\" srcset=\"https:\/\/www.bodytruck.cz\/wp-content\/uploads\/2021\/05\/64271-6-300x200.jpg 300w, https:\/\/www.bodytruck.cz\/wp-content\/uploads\/2021\/05\/64271-6-150x100.jpg 150w, https:\/\/www.bodytruck.cz\/wp-content\/uploads\/2021\/05\/64271-6-768x513.jpg 768w, https:\/\/www.bodytruck.cz\/wp-content\/uploads\/2021\/05\/64271-6.jpg 1024w\" sizes=\"auto, (max-width: 300px) 100vw, 300px\" \/><\/p>\n<ul>\n<li>celkov\u00e1 hmotnost 3,5t<\/li>\n<li>u\u017eite\u010dn\u00e9 zat\u00ed\u017een\u00ed a\u017e 500 kg<\/li>\n<li>vnit\u0159n\u00ed rozm\u011bry (d x \u0161 x v) 3500 x 2200 x 2100<\/li>\n<li>sn\u00ed\u017een\u00fd r\u00e1m podvozku<\/li>\n<\/ul>\n<p>Z\u00e1kladn\u00ed v\u00fdbava :<\/p>\n<ul>\n<li>chlad\u00edc\u00ed vitr\u00edna Optima<img loading=\"lazy\" decoding=\"async\" class=\"alignright size-medium wp-image-641\" src=\"https:\/\/www.bodytruck.cz\/wp-content\/uploads\/2021\/05\/64271-18-300x200.jpg\" alt=\"\" width=\"300\" height=\"200\" srcset=\"https:\/\/www.bodytruck.cz\/wp-content\/uploads\/2021\/05\/64271-18-300x200.jpg 300w, https:\/\/www.bodytruck.cz\/wp-content\/uploads\/2021\/05\/64271-18-150x100.jpg 150w, https:\/\/www.bodytruck.cz\/wp-content\/uploads\/2021\/05\/64271-18-768x513.jpg 768w, https:\/\/www.bodytruck.cz\/wp-content\/uploads\/2021\/05\/64271-18.jpg 1024w\" sizes=\"auto, (max-width: 300px) 100vw, 300px\" \/><\/li>\n<li>chlad\u00edc\u00ed truhla na ryby a ryb\u00ed v\u00fdrobky<\/li>\n<li>zdroj el. energie \u2013 lithium-iontov\u00e9 baterie<\/li>\n<li>prezenta\u010dn\u00ed tabule<\/li>\n<li>odkl\u00e1dac\u00ed a pracovn\u00ed prostory<\/li>\n<li>pr\u016fchod do kabiny \u0159idi\u010de<\/li>\n<li>hygienick\u00fd kout<\/li>\n<li>ta\u0161kov\u00fd pult<\/li>\n<\/ul>\n","protected":false},"excerpt":{"rendered":"<p>Podvozek : Renault Master celkov\u00e1 hmotnost 3,5t u\u017eite\u010dn\u00e9 zat\u00ed\u017een\u00ed a\u017e 500 kg vnit\u0159n\u00ed rozm\u011bry (d x \u0161 x v) 3500 x 2200 x 2100 sn\u00ed\u017een\u00fd r\u00e1m podvozku Z\u00e1kladn\u00ed v\u00fdbava : chlad\u00edc\u00ed vitr\u00edna Optima chlad\u00edc\u00ed truhla na ryby a ryb\u00ed v\u00fdrobky zdroj el. energie \u2013 lithium-iontov\u00e9 baterie prezenta\u010dn\u00ed tabule odkl\u00e1dac\u00ed a pracovn\u00ed prostory pr\u016fchod do kabiny &hellip; <a href=\"https:\/\/www.bodytruck.cz\/index.php\/smart3535fi\/\" class=\"more-link\">Pokra\u010dov\u00e1n\u00ed textu <span class=\"screen-reader-text\">3535-FI<\/span><\/a><\/p>\n","protected":false},"author":1,"featured_media":0,"parent":0,"menu_order":0,"comment_status":"closed","ping_status":"closed","template":"","meta":{"footnotes":""},"class_list":["post-639","page","type-page","status-publish","hentry"],"yoast_head":"<!-- This site is optimized with the Yoast SEO plugin v27.5 - https:\/\/yoast.com\/product\/yoast-seo-wordpress\/ -->\n<title>3535-FI * Poj\u00edzdn\u00e9 prodejny a foodtrucky BORCO-H\u00d6HNS<\/title>\n<meta name=\"description\" content=\"Poj\u00edzdn\u00e9 prodejny\" \/>\n<meta name=\"robots\" content=\"index, follow, max-snippet:-1, max-image-preview:large, max-video-preview:-1\" \/>\n<link rel=\"canonical\" href=\"https:\/\/www.bodytruck.cz\/index.php\/smart3535fi\/\" \/>\n<meta property=\"og:locale\" content=\"cs_CZ\" \/>\n<meta property=\"og:type\" content=\"article\" \/>\n<meta property=\"og:title\" content=\"3535-FI * Poj\u00edzdn\u00e9 prodejny a foodtrucky BORCO-H\u00d6HNS\" \/>\n<meta property=\"og:description\" content=\"Poj\u00edzdn\u00e9 prodejny\" \/>\n<meta property=\"og:url\" content=\"https:\/\/www.bodytruck.cz\/index.php\/smart3535fi\/\" \/>\n<meta property=\"og:site_name\" content=\"Poj\u00edzdn\u00e9 prodejny a foodtrucky BORCO-H\u00d6HNS\" \/>\n<meta property=\"article:publisher\" content=\"https:\/\/www.facebook.com\/bodytrucksro\" \/>\n<meta property=\"article:modified_time\" content=\"2022-03-16T19:38:12+00:00\" \/>\n<meta property=\"og:image\" content=\"https:\/\/www.bodytruck.cz\/wp-content\/uploads\/2019\/11\/CLEVER-3535-FI_Gesamtansicht-e1572630215646.png\" \/>\n<meta name=\"twitter:card\" content=\"summary_large_image\" \/>\n<meta name=\"twitter:label1\" content=\"Odhadovan\u00e1 doba \u010dten\u00ed\" \/>\n\t<meta name=\"twitter:data1\" content=\"1 minuta\" \/>\n<script type=\"application\/ld+json\" class=\"yoast-schema-graph\">{\"@context\":\"https:\\\/\\\/schema.org\",\"@graph\":[{\"@type\":\"WebPage\",\"@id\":\"https:\\\/\\\/www.bodytruck.cz\\\/index.php\\\/smart3535fi\\\/\",\"url\":\"https:\\\/\\\/www.bodytruck.cz\\\/index.php\\\/smart3535fi\\\/\",\"name\":\"3535-FI * Poj\u00edzdn\u00e9 prodejny a foodtrucky BORCO-H\u00d6HNS\",\"isPartOf\":{\"@id\":\"https:\\\/\\\/www.bodytruck.cz\\\/#website\"},\"primaryImageOfPage\":{\"@id\":\"https:\\\/\\\/www.bodytruck.cz\\\/index.php\\\/smart3535fi\\\/#primaryimage\"},\"image\":{\"@id\":\"https:\\\/\\\/www.bodytruck.cz\\\/index.php\\\/smart3535fi\\\/#primaryimage\"},\"thumbnailUrl\":\"https:\\\/\\\/www.bodytruck.cz\\\/wp-content\\\/uploads\\\/2019\\\/11\\\/CLEVER-3535-FI_Gesamtansicht-e1572630215646.png\",\"datePublished\":\"2021-05-28T13:57:46+00:00\",\"dateModified\":\"2022-03-16T19:38:12+00:00\",\"description\":\"Poj\u00edzdn\u00e9 prodejny\",\"breadcrumb\":{\"@id\":\"https:\\\/\\\/www.bodytruck.cz\\\/index.php\\\/smart3535fi\\\/#breadcrumb\"},\"inLanguage\":\"cs\",\"potentialAction\":[{\"@type\":\"ReadAction\",\"target\":[\"https:\\\/\\\/www.bodytruck.cz\\\/index.php\\\/smart3535fi\\\/\"]}]},{\"@type\":\"ImageObject\",\"inLanguage\":\"cs\",\"@id\":\"https:\\\/\\\/www.bodytruck.cz\\\/index.php\\\/smart3535fi\\\/#primaryimage\",\"url\":\"https:\\\/\\\/www.bodytruck.cz\\\/wp-content\\\/uploads\\\/2019\\\/11\\\/CLEVER-3535-FI_Gesamtansicht-e1572630215646.png\",\"contentUrl\":\"https:\\\/\\\/www.bodytruck.cz\\\/wp-content\\\/uploads\\\/2019\\\/11\\\/CLEVER-3535-FI_Gesamtansicht-e1572630215646.png\",\"width\":600,\"height\":400},{\"@type\":\"BreadcrumbList\",\"@id\":\"https:\\\/\\\/www.bodytruck.cz\\\/index.php\\\/smart3535fi\\\/#breadcrumb\",\"itemListElement\":[{\"@type\":\"ListItem\",\"position\":1,\"name\":\"Dom\u016f\",\"item\":\"https:\\\/\\\/www.bodytruck.cz\\\/\"},{\"@type\":\"ListItem\",\"position\":2,\"name\":\"3535-FI\"}]},{\"@type\":\"WebSite\",\"@id\":\"https:\\\/\\\/www.bodytruck.cz\\\/#website\",\"url\":\"https:\\\/\\\/www.bodytruck.cz\\\/\",\"name\":\"Poj\u00edzdn\u00e9 prodejny a p\u0159\u00edv\u011bsy BORCO-H\u00d6HNS\",\"description\":\"Autorizovan\u00fd prodej a servis v \u010cesk\u00e9 republice a na Slovensku\",\"publisher\":{\"@id\":\"https:\\\/\\\/www.bodytruck.cz\\\/#organization\"},\"potentialAction\":[{\"@type\":\"SearchAction\",\"target\":{\"@type\":\"EntryPoint\",\"urlTemplate\":\"https:\\\/\\\/www.bodytruck.cz\\\/?s={search_term_string}\"},\"query-input\":{\"@type\":\"PropertyValueSpecification\",\"valueRequired\":true,\"valueName\":\"search_term_string\"}}],\"inLanguage\":\"cs\"},{\"@type\":\"Organization\",\"@id\":\"https:\\\/\\\/www.bodytruck.cz\\\/#organization\",\"name\":\"BODYTRUCK s.r.o.\",\"url\":\"https:\\\/\\\/www.bodytruck.cz\\\/\",\"logo\":{\"@type\":\"ImageObject\",\"inLanguage\":\"cs\",\"@id\":\"https:\\\/\\\/www.bodytruck.cz\\\/#\\\/schema\\\/logo\\\/image\\\/\",\"url\":\"https:\\\/\\\/www.bodytruck.cz\\\/wp-content\\\/uploads\\\/2019\\\/10\\\/cropped-LOGO_BODYTRUCK_RGB_bez-pozadi.png\",\"contentUrl\":\"https:\\\/\\\/www.bodytruck.cz\\\/wp-content\\\/uploads\\\/2019\\\/10\\\/cropped-LOGO_BODYTRUCK_RGB_bez-pozadi.png\",\"width\":248,\"height\":76,\"caption\":\"BODYTRUCK s.r.o.\"},\"image\":{\"@id\":\"https:\\\/\\\/www.bodytruck.cz\\\/#\\\/schema\\\/logo\\\/image\\\/\"},\"sameAs\":[\"https:\\\/\\\/www.facebook.com\\\/bodytrucksro\",\"https:\\\/\\\/www.instagram.com\\\/bodytruck_sro\\\/\"]}]}<\/script>\n<!-- \/ Yoast SEO plugin. -->","yoast_head_json":{"title":"3535-FI * Poj\u00edzdn\u00e9 prodejny a foodtrucky BORCO-H\u00d6HNS","description":"Poj\u00edzdn\u00e9 prodejny","robots":{"index":"index","follow":"follow","max-snippet":"max-snippet:-1","max-image-preview":"max-image-preview:large","max-video-preview":"max-video-preview:-1"},"canonical":"https:\/\/www.bodytruck.cz\/index.php\/smart3535fi\/","og_locale":"cs_CZ","og_type":"article","og_title":"3535-FI * Poj\u00edzdn\u00e9 prodejny a foodtrucky BORCO-H\u00d6HNS","og_description":"Poj\u00edzdn\u00e9 prodejny","og_url":"https:\/\/www.bodytruck.cz\/index.php\/smart3535fi\/","og_site_name":"Poj\u00edzdn\u00e9 prodejny a foodtrucky BORCO-H\u00d6HNS","article_publisher":"https:\/\/www.facebook.com\/bodytrucksro","article_modified_time":"2022-03-16T19:38:12+00:00","og_image":[{"url":"https:\/\/www.bodytruck.cz\/wp-content\/uploads\/2019\/11\/CLEVER-3535-FI_Gesamtansicht-e1572630215646.png","type":"","width":"","height":""}],"twitter_card":"summary_large_image","twitter_misc":{"Odhadovan\u00e1 doba \u010dten\u00ed":"1 minuta"},"schema":{"@context":"https:\/\/schema.org","@graph":[{"@type":"WebPage","@id":"https:\/\/www.bodytruck.cz\/index.php\/smart3535fi\/","url":"https:\/\/www.bodytruck.cz\/index.php\/smart3535fi\/","name":"3535-FI * Poj\u00edzdn\u00e9 prodejny a foodtrucky BORCO-H\u00d6HNS","isPartOf":{"@id":"https:\/\/www.bodytruck.cz\/#website"},"primaryImageOfPage":{"@id":"https:\/\/www.bodytruck.cz\/index.php\/smart3535fi\/#primaryimage"},"image":{"@id":"https:\/\/www.bodytruck.cz\/index.php\/smart3535fi\/#primaryimage"},"thumbnailUrl":"https:\/\/www.bodytruck.cz\/wp-content\/uploads\/2019\/11\/CLEVER-3535-FI_Gesamtansicht-e1572630215646.png","datePublished":"2021-05-28T13:57:46+00:00","dateModified":"2022-03-16T19:38:12+00:00","description":"Poj\u00edzdn\u00e9 prodejny","breadcrumb":{"@id":"https:\/\/www.bodytruck.cz\/index.php\/smart3535fi\/#breadcrumb"},"inLanguage":"cs","potentialAction":[{"@type":"ReadAction","target":["https:\/\/www.bodytruck.cz\/index.php\/smart3535fi\/"]}]},{"@type":"ImageObject","inLanguage":"cs","@id":"https:\/\/www.bodytruck.cz\/index.php\/smart3535fi\/#primaryimage","url":"https:\/\/www.bodytruck.cz\/wp-content\/uploads\/2019\/11\/CLEVER-3535-FI_Gesamtansicht-e1572630215646.png","contentUrl":"https:\/\/www.bodytruck.cz\/wp-content\/uploads\/2019\/11\/CLEVER-3535-FI_Gesamtansicht-e1572630215646.png","width":600,"height":400},{"@type":"BreadcrumbList","@id":"https:\/\/www.bodytruck.cz\/index.php\/smart3535fi\/#breadcrumb","itemListElement":[{"@type":"ListItem","position":1,"name":"Dom\u016f","item":"https:\/\/www.bodytruck.cz\/"},{"@type":"ListItem","position":2,"name":"3535-FI"}]},{"@type":"WebSite","@id":"https:\/\/www.bodytruck.cz\/#website","url":"https:\/\/www.bodytruck.cz\/","name":"Poj\u00edzdn\u00e9 prodejny a p\u0159\u00edv\u011bsy BORCO-H\u00d6HNS","description":"Autorizovan\u00fd prodej a servis v \u010cesk\u00e9 republice a na Slovensku","publisher":{"@id":"https:\/\/www.bodytruck.cz\/#organization"},"potentialAction":[{"@type":"SearchAction","target":{"@type":"EntryPoint","urlTemplate":"https:\/\/www.bodytruck.cz\/?s={search_term_string}"},"query-input":{"@type":"PropertyValueSpecification","valueRequired":true,"valueName":"search_term_string"}}],"inLanguage":"cs"},{"@type":"Organization","@id":"https:\/\/www.bodytruck.cz\/#organization","name":"BODYTRUCK s.r.o.","url":"https:\/\/www.bodytruck.cz\/","logo":{"@type":"ImageObject","inLanguage":"cs","@id":"https:\/\/www.bodytruck.cz\/#\/schema\/logo\/image\/","url":"https:\/\/www.bodytruck.cz\/wp-content\/uploads\/2019\/10\/cropped-LOGO_BODYTRUCK_RGB_bez-pozadi.png","contentUrl":"https:\/\/www.bodytruck.cz\/wp-content\/uploads\/2019\/10\/cropped-LOGO_BODYTRUCK_RGB_bez-pozadi.png","width":248,"height":76,"caption":"BODYTRUCK s.r.o."},"image":{"@id":"https:\/\/www.bodytruck.cz\/#\/schema\/logo\/image\/"},"sameAs":["https:\/\/www.facebook.com\/bodytrucksro","https:\/\/www.instagram.com\/bodytruck_sro\/"]}]}},"_links":{"self":[{"href":"https:\/\/www.bodytruck.cz\/index.php\/wp-json\/wp\/v2\/pages\/639","targetHints":{"allow":["GET"]}}],"collection":[{"href":"https:\/\/www.bodytruck.cz\/index.php\/wp-json\/wp\/v2\/pages"}],"about":[{"href":"https:\/\/www.bodytruck.cz\/index.php\/wp-json\/wp\/v2\/types\/page"}],"author":[{"embeddable":true,"href":"https:\/\/www.bodytruck.cz\/index.php\/wp-json\/wp\/v2\/users\/1"}],"replies":[{"embeddable":true,"href":"https:\/\/www.bodytruck.cz\/index.php\/wp-json\/wp\/v2\/comments?post=639"}],"version-history":[{"count":3,"href":"https:\/\/www.bodytruck.cz\/index.php\/wp-json\/wp\/v2\/pages\/639\/revisions"}],"predecessor-version":[{"id":725,"href":"https:\/\/www.bodytruck.cz\/index.php\/wp-json\/wp\/v2\/pages\/639\/revisions\/725"}],"wp:attachment":[{"href":"https:\/\/www.bodytruck.cz\/index.php\/wp-json\/wp\/v2\/media?parent=639"}],"curies":[{"name":"wp","href":"https:\/\/api.w.org\/{rel}","templated":true}]}}