{"id":604,"date":"2021-05-28T12:55:28","date_gmt":"2021-05-28T12:55:28","guid":{"rendered":"https:\/\/www.bodytruck.cz\/?page_id=604"},"modified":"2026-04-21T06:42:15","modified_gmt":"2026-04-21T06:42:15","slug":"smart3635ha","status":"publish","type":"page","link":"https:\/\/www.bodytruck.cz\/index.php\/smart3635ha\/","title":{"rendered":"3635-HA"},"content":{"rendered":"<p><img loading=\"lazy\" decoding=\"async\" class=\"aligncenter wp-image-333\" src=\"https:\/\/www.bodytruck.cz\/wp-content\/uploads\/2019\/11\/CLEVER-3635-H\u00c4_Gesamtansicht-e1572683798884.png\" alt=\"\" width=\"700\" height=\"467\" \/><\/p>\n<p>Podvozek : Renault Master\/Fiat Ducato..<\/p>\n<ul>\n<li><span style=\"font-size: 15px;\">celkov\u00e1 hmotnost 3,5t<img loading=\"lazy\" decoding=\"async\" class=\"alignright size-medium wp-image-606\" src=\"https:\/\/www.bodytruck.cz\/wp-content\/uploads\/2021\/05\/Clever-3635-HA\u0308-3-300x153.jpg\" alt=\"\" width=\"300\" height=\"153\" srcset=\"https:\/\/www.bodytruck.cz\/wp-content\/uploads\/2021\/05\/Clever-3635-HA\u0308-3-300x153.jpg 300w, https:\/\/www.bodytruck.cz\/wp-content\/uploads\/2021\/05\/Clever-3635-HA\u0308-3-1024x521.jpg 1024w, https:\/\/www.bodytruck.cz\/wp-content\/uploads\/2021\/05\/Clever-3635-HA\u0308-3-150x76.jpg 150w, https:\/\/www.bodytruck.cz\/wp-content\/uploads\/2021\/05\/Clever-3635-HA\u0308-3-768x391.jpg 768w, https:\/\/www.bodytruck.cz\/wp-content\/uploads\/2021\/05\/Clever-3635-HA\u0308-3.jpg 1140w\" sizes=\"auto, (max-width: 300px) 100vw, 300px\" \/><\/span><\/li>\n<li><span style=\"font-size: 15px;\">u\u017eite\u010dn\u00e9 zat\u00ed\u017een\u00ed cca 280 kg<\/span><\/li>\n<li><span style=\"font-size: 15px;\">vnit\u0159n\u00ed rozm\u011bry (d x \u0161 x v) 3650 x 2200 x 2300<\/span><\/li>\n<li><span style=\"font-size: 15px;\">v\u00fd\u0161ka podlahy od zem\u011b cca 44 cm<\/span><\/li>\n<li><span style=\"font-size: 15px;\">sn\u00ed\u017een\u00fd r\u00e1m<\/span><\/li>\n<\/ul>\n<p>Z\u00e1kladn\u00ed v\u00fdbava :<img loading=\"lazy\" decoding=\"async\" class=\"alignright size-medium wp-image-605\" src=\"https:\/\/www.bodytruck.cz\/wp-content\/uploads\/2021\/05\/Clever-3635-HA\u0308-2-300x153.jpg\" alt=\"\" width=\"300\" height=\"153\" srcset=\"https:\/\/www.bodytruck.cz\/wp-content\/uploads\/2021\/05\/Clever-3635-HA\u0308-2-300x153.jpg 300w, https:\/\/www.bodytruck.cz\/wp-content\/uploads\/2021\/05\/Clever-3635-HA\u0308-2-1024x521.jpg 1024w, https:\/\/www.bodytruck.cz\/wp-content\/uploads\/2021\/05\/Clever-3635-HA\u0308-2-150x76.jpg 150w, https:\/\/www.bodytruck.cz\/wp-content\/uploads\/2021\/05\/Clever-3635-HA\u0308-2-768x391.jpg 768w, https:\/\/www.bodytruck.cz\/wp-content\/uploads\/2021\/05\/Clever-3635-HA\u0308-2.jpg 1140w\" sizes=\"auto, (max-width: 300px) 100vw, 300px\" \/><\/p>\n<ul>\n<li><span style=\"font-size: 15px;\">plynov\u00fd gril na ku\u0159ata UBERT &#8211; 2 ks na 2 x 11 jehel<\/span><\/li>\n<li><span style=\"font-size: 15px;\">plynov\u00e1 dvojfrit\u00e9za UBERT<\/span><\/li>\n<li><span style=\"font-size: 15px;\">chlazen\u00e1 lednice upraven\u00e1 na jehly s ku\u0159aty<\/span><\/li>\n<li><span style=\"font-size: 15px;\">chlazen\u00e1 prezenta\u010dn\u00ed vitr\u00edna<\/span><\/li>\n<li><span style=\"font-size: 15px;\">plynov\u00e9 hospod\u00e1\u0159stv\u00ed<\/span><\/li>\n<li><span style=\"font-size: 15px;\">hygienick\u00fd kout<\/span><\/li>\n<li><span style=\"font-size: 15px;\">ta\u0161kov\u00fd pult<\/span><\/li>\n<li><span style=\"font-size: 15px;\">alternativa- plynov\u00fd gril<\/span><br \/>\n<img loading=\"lazy\" decoding=\"async\" class=\"alignright wp-image-607 size-medium\" src=\"https:\/\/www.bodytruck.cz\/wp-content\/uploads\/2021\/05\/Clever-3635-HA\u0308-4-300x153.jpg\" alt=\"\" width=\"300\" height=\"153\" srcset=\"https:\/\/www.bodytruck.cz\/wp-content\/uploads\/2021\/05\/Clever-3635-HA\u0308-4-300x153.jpg 300w, https:\/\/www.bodytruck.cz\/wp-content\/uploads\/2021\/05\/Clever-3635-HA\u0308-4-1024x521.jpg 1024w, https:\/\/www.bodytruck.cz\/wp-content\/uploads\/2021\/05\/Clever-3635-HA\u0308-4-150x76.jpg 150w, https:\/\/www.bodytruck.cz\/wp-content\/uploads\/2021\/05\/Clever-3635-HA\u0308-4-768x391.jpg 768w, https:\/\/www.bodytruck.cz\/wp-content\/uploads\/2021\/05\/Clever-3635-HA\u0308-4.jpg 1140w\" sizes=\"auto, (max-width: 300px) 100vw, 300px\" \/><\/li>\n<\/ul>\n","protected":false},"excerpt":{"rendered":"<p>Podvozek : Renault Master\/Fiat Ducato.. celkov\u00e1 hmotnost 3,5t u\u017eite\u010dn\u00e9 zat\u00ed\u017een\u00ed cca 280 kg vnit\u0159n\u00ed rozm\u011bry (d x \u0161 x v) 3650 x 2200 x 2300 v\u00fd\u0161ka podlahy od zem\u011b cca 44 cm sn\u00ed\u017een\u00fd r\u00e1m Z\u00e1kladn\u00ed v\u00fdbava : plynov\u00fd gril na ku\u0159ata UBERT &#8211; 2 ks na 2 x 11 jehel plynov\u00e1 dvojfrit\u00e9za UBERT chlazen\u00e1 lednice &hellip; <a href=\"https:\/\/www.bodytruck.cz\/index.php\/smart3635ha\/\" class=\"more-link\">Pokra\u010dov\u00e1n\u00ed textu <span class=\"screen-reader-text\">3635-HA<\/span><\/a><\/p>\n","protected":false},"author":1,"featured_media":0,"parent":0,"menu_order":0,"comment_status":"closed","ping_status":"closed","template":"","meta":{"footnotes":""},"class_list":["post-604","page","type-page","status-publish","hentry"],"yoast_head":"<!-- This site is optimized with the Yoast SEO plugin v27.4 - https:\/\/yoast.com\/product\/yoast-seo-wordpress\/ -->\n<title>3635-HA * Poj\u00edzdn\u00e9 prodejny a foodtrucky BORCO-H\u00d6HNS<\/title>\n<meta name=\"description\" content=\"Poj\u00edzdn\u00e9 prodejny\" \/>\n<meta name=\"robots\" content=\"index, follow, max-snippet:-1, max-image-preview:large, max-video-preview:-1\" \/>\n<link rel=\"canonical\" href=\"https:\/\/www.bodytruck.cz\/index.php\/smart3635ha\/\" \/>\n<meta property=\"og:locale\" content=\"cs_CZ\" \/>\n<meta property=\"og:type\" content=\"article\" \/>\n<meta property=\"og:title\" content=\"3635-HA * Poj\u00edzdn\u00e9 prodejny a foodtrucky BORCO-H\u00d6HNS\" \/>\n<meta property=\"og:description\" content=\"Poj\u00edzdn\u00e9 prodejny\" \/>\n<meta property=\"og:url\" content=\"https:\/\/www.bodytruck.cz\/index.php\/smart3635ha\/\" \/>\n<meta property=\"og:site_name\" content=\"Poj\u00edzdn\u00e9 prodejny a foodtrucky BORCO-H\u00d6HNS\" \/>\n<meta property=\"article:publisher\" content=\"https:\/\/www.facebook.com\/bodytrucksro\" \/>\n<meta property=\"article:modified_time\" content=\"2026-04-21T06:42:15+00:00\" \/>\n<meta name=\"twitter:card\" content=\"summary_large_image\" \/>\n<meta name=\"twitter:label1\" content=\"Odhadovan\u00e1 doba \u010dten\u00ed\" \/>\n\t<meta name=\"twitter:data1\" content=\"2 minuty\" \/>\n<script type=\"application\/ld+json\" class=\"yoast-schema-graph\">{\"@context\":\"https:\\\/\\\/schema.org\",\"@graph\":[{\"@type\":\"WebPage\",\"@id\":\"https:\\\/\\\/www.bodytruck.cz\\\/index.php\\\/smart3635ha\\\/\",\"url\":\"https:\\\/\\\/www.bodytruck.cz\\\/index.php\\\/smart3635ha\\\/\",\"name\":\"3635-HA * Poj\u00edzdn\u00e9 prodejny a foodtrucky BORCO-H\u00d6HNS\",\"isPartOf\":{\"@id\":\"https:\\\/\\\/www.bodytruck.cz\\\/#website\"},\"datePublished\":\"2021-05-28T12:55:28+00:00\",\"dateModified\":\"2026-04-21T06:42:15+00:00\",\"description\":\"Poj\u00edzdn\u00e9 prodejny\",\"breadcrumb\":{\"@id\":\"https:\\\/\\\/www.bodytruck.cz\\\/index.php\\\/smart3635ha\\\/#breadcrumb\"},\"inLanguage\":\"cs\",\"potentialAction\":[{\"@type\":\"ReadAction\",\"target\":[\"https:\\\/\\\/www.bodytruck.cz\\\/index.php\\\/smart3635ha\\\/\"]}]},{\"@type\":\"BreadcrumbList\",\"@id\":\"https:\\\/\\\/www.bodytruck.cz\\\/index.php\\\/smart3635ha\\\/#breadcrumb\",\"itemListElement\":[{\"@type\":\"ListItem\",\"position\":1,\"name\":\"Dom\u016f\",\"item\":\"https:\\\/\\\/www.bodytruck.cz\\\/\"},{\"@type\":\"ListItem\",\"position\":2,\"name\":\"3635-HA\"}]},{\"@type\":\"WebSite\",\"@id\":\"https:\\\/\\\/www.bodytruck.cz\\\/#website\",\"url\":\"https:\\\/\\\/www.bodytruck.cz\\\/\",\"name\":\"Poj\u00edzdn\u00e9 prodejny a p\u0159\u00edv\u011bsy BORCO-H\u00d6HNS\",\"description\":\"Autorizovan\u00fd prodej a servis v \u010cesk\u00e9 republice a na Slovensku\",\"publisher\":{\"@id\":\"https:\\\/\\\/www.bodytruck.cz\\\/#organization\"},\"potentialAction\":[{\"@type\":\"SearchAction\",\"target\":{\"@type\":\"EntryPoint\",\"urlTemplate\":\"https:\\\/\\\/www.bodytruck.cz\\\/?s={search_term_string}\"},\"query-input\":{\"@type\":\"PropertyValueSpecification\",\"valueRequired\":true,\"valueName\":\"search_term_string\"}}],\"inLanguage\":\"cs\"},{\"@type\":\"Organization\",\"@id\":\"https:\\\/\\\/www.bodytruck.cz\\\/#organization\",\"name\":\"BODYTRUCK s.r.o.\",\"url\":\"https:\\\/\\\/www.bodytruck.cz\\\/\",\"logo\":{\"@type\":\"ImageObject\",\"inLanguage\":\"cs\",\"@id\":\"https:\\\/\\\/www.bodytruck.cz\\\/#\\\/schema\\\/logo\\\/image\\\/\",\"url\":\"https:\\\/\\\/www.bodytruck.cz\\\/wp-content\\\/uploads\\\/2019\\\/10\\\/cropped-LOGO_BODYTRUCK_RGB_bez-pozadi.png\",\"contentUrl\":\"https:\\\/\\\/www.bodytruck.cz\\\/wp-content\\\/uploads\\\/2019\\\/10\\\/cropped-LOGO_BODYTRUCK_RGB_bez-pozadi.png\",\"width\":248,\"height\":76,\"caption\":\"BODYTRUCK s.r.o.\"},\"image\":{\"@id\":\"https:\\\/\\\/www.bodytruck.cz\\\/#\\\/schema\\\/logo\\\/image\\\/\"},\"sameAs\":[\"https:\\\/\\\/www.facebook.com\\\/bodytrucksro\",\"https:\\\/\\\/www.instagram.com\\\/bodytruck_sro\\\/\"]}]}<\/script>\n<!-- \/ Yoast SEO plugin. -->","yoast_head_json":{"title":"3635-HA * Poj\u00edzdn\u00e9 prodejny a foodtrucky BORCO-H\u00d6HNS","description":"Poj\u00edzdn\u00e9 prodejny","robots":{"index":"index","follow":"follow","max-snippet":"max-snippet:-1","max-image-preview":"max-image-preview:large","max-video-preview":"max-video-preview:-1"},"canonical":"https:\/\/www.bodytruck.cz\/index.php\/smart3635ha\/","og_locale":"cs_CZ","og_type":"article","og_title":"3635-HA * Poj\u00edzdn\u00e9 prodejny a foodtrucky BORCO-H\u00d6HNS","og_description":"Poj\u00edzdn\u00e9 prodejny","og_url":"https:\/\/www.bodytruck.cz\/index.php\/smart3635ha\/","og_site_name":"Poj\u00edzdn\u00e9 prodejny a foodtrucky BORCO-H\u00d6HNS","article_publisher":"https:\/\/www.facebook.com\/bodytrucksro","article_modified_time":"2026-04-21T06:42:15+00:00","twitter_card":"summary_large_image","twitter_misc":{"Odhadovan\u00e1 doba \u010dten\u00ed":"2 minuty"},"schema":{"@context":"https:\/\/schema.org","@graph":[{"@type":"WebPage","@id":"https:\/\/www.bodytruck.cz\/index.php\/smart3635ha\/","url":"https:\/\/www.bodytruck.cz\/index.php\/smart3635ha\/","name":"3635-HA * Poj\u00edzdn\u00e9 prodejny a foodtrucky BORCO-H\u00d6HNS","isPartOf":{"@id":"https:\/\/www.bodytruck.cz\/#website"},"datePublished":"2021-05-28T12:55:28+00:00","dateModified":"2026-04-21T06:42:15+00:00","description":"Poj\u00edzdn\u00e9 prodejny","breadcrumb":{"@id":"https:\/\/www.bodytruck.cz\/index.php\/smart3635ha\/#breadcrumb"},"inLanguage":"cs","potentialAction":[{"@type":"ReadAction","target":["https:\/\/www.bodytruck.cz\/index.php\/smart3635ha\/"]}]},{"@type":"BreadcrumbList","@id":"https:\/\/www.bodytruck.cz\/index.php\/smart3635ha\/#breadcrumb","itemListElement":[{"@type":"ListItem","position":1,"name":"Dom\u016f","item":"https:\/\/www.bodytruck.cz\/"},{"@type":"ListItem","position":2,"name":"3635-HA"}]},{"@type":"WebSite","@id":"https:\/\/www.bodytruck.cz\/#website","url":"https:\/\/www.bodytruck.cz\/","name":"Poj\u00edzdn\u00e9 prodejny a p\u0159\u00edv\u011bsy BORCO-H\u00d6HNS","description":"Autorizovan\u00fd prodej a servis v \u010cesk\u00e9 republice a na Slovensku","publisher":{"@id":"https:\/\/www.bodytruck.cz\/#organization"},"potentialAction":[{"@type":"SearchAction","target":{"@type":"EntryPoint","urlTemplate":"https:\/\/www.bodytruck.cz\/?s={search_term_string}"},"query-input":{"@type":"PropertyValueSpecification","valueRequired":true,"valueName":"search_term_string"}}],"inLanguage":"cs"},{"@type":"Organization","@id":"https:\/\/www.bodytruck.cz\/#organization","name":"BODYTRUCK s.r.o.","url":"https:\/\/www.bodytruck.cz\/","logo":{"@type":"ImageObject","inLanguage":"cs","@id":"https:\/\/www.bodytruck.cz\/#\/schema\/logo\/image\/","url":"https:\/\/www.bodytruck.cz\/wp-content\/uploads\/2019\/10\/cropped-LOGO_BODYTRUCK_RGB_bez-pozadi.png","contentUrl":"https:\/\/www.bodytruck.cz\/wp-content\/uploads\/2019\/10\/cropped-LOGO_BODYTRUCK_RGB_bez-pozadi.png","width":248,"height":76,"caption":"BODYTRUCK s.r.o."},"image":{"@id":"https:\/\/www.bodytruck.cz\/#\/schema\/logo\/image\/"},"sameAs":["https:\/\/www.facebook.com\/bodytrucksro","https:\/\/www.instagram.com\/bodytruck_sro\/"]}]}},"_links":{"self":[{"href":"https:\/\/www.bodytruck.cz\/index.php\/wp-json\/wp\/v2\/pages\/604","targetHints":{"allow":["GET"]}}],"collection":[{"href":"https:\/\/www.bodytruck.cz\/index.php\/wp-json\/wp\/v2\/pages"}],"about":[{"href":"https:\/\/www.bodytruck.cz\/index.php\/wp-json\/wp\/v2\/types\/page"}],"author":[{"embeddable":true,"href":"https:\/\/www.bodytruck.cz\/index.php\/wp-json\/wp\/v2\/users\/1"}],"replies":[{"embeddable":true,"href":"https:\/\/www.bodytruck.cz\/index.php\/wp-json\/wp\/v2\/comments?post=604"}],"version-history":[{"count":6,"href":"https:\/\/www.bodytruck.cz\/index.php\/wp-json\/wp\/v2\/pages\/604\/revisions"}],"predecessor-version":[{"id":1983,"href":"https:\/\/www.bodytruck.cz\/index.php\/wp-json\/wp\/v2\/pages\/604\/revisions\/1983"}],"wp:attachment":[{"href":"https:\/\/www.bodytruck.cz\/index.php\/wp-json\/wp\/v2\/media?parent=604"}],"curies":[{"name":"wp","href":"https:\/\/api.w.org\/{rel}","templated":true}]}}