{"id":592,"date":"2021-05-07T13:47:53","date_gmt":"2021-05-07T13:47:53","guid":{"rendered":"https:\/\/www.bodytruck.cz\/?page_id=592"},"modified":"2026-04-16T09:40:50","modified_gmt":"2026-04-16T09:40:50","slug":"trend4359ha","status":"publish","type":"page","link":"https:\/\/www.bodytruck.cz\/index.php\/trend4359ha\/","title":{"rendered":"4359-HA"},"content":{"rendered":"<p><img loading=\"lazy\" decoding=\"async\" class=\"aligncenter wp-image-591 size-full\" src=\"https:\/\/www.bodytruck.cz\/wp-content\/uploads\/2021\/05\/1-2.png\" alt=\"\" width=\"1000\" height=\"471\" srcset=\"https:\/\/www.bodytruck.cz\/wp-content\/uploads\/2021\/05\/1-2.png 1000w, https:\/\/www.bodytruck.cz\/wp-content\/uploads\/2021\/05\/1-2-300x141.png 300w, https:\/\/www.bodytruck.cz\/wp-content\/uploads\/2021\/05\/1-2-150x71.png 150w, https:\/\/www.bodytruck.cz\/wp-content\/uploads\/2021\/05\/1-2-768x362.png 768w\" sizes=\"auto, (max-width: 1000px) 100vw, 1000px\" \/><\/p>\n<p>Podvozek : Renault Master\/Fiat Ducato<img loading=\"lazy\" decoding=\"async\" class=\"alignright size-medium wp-image-593\" src=\"https:\/\/www.bodytruck.cz\/wp-content\/uploads\/2021\/05\/2-300x153.jpg\" alt=\"\" width=\"300\" height=\"153\" srcset=\"https:\/\/www.bodytruck.cz\/wp-content\/uploads\/2021\/05\/2-300x153.jpg 300w, https:\/\/www.bodytruck.cz\/wp-content\/uploads\/2021\/05\/2-1024x521.jpg 1024w, https:\/\/www.bodytruck.cz\/wp-content\/uploads\/2021\/05\/2-150x76.jpg 150w, https:\/\/www.bodytruck.cz\/wp-content\/uploads\/2021\/05\/2-768x391.jpg 768w, https:\/\/www.bodytruck.cz\/wp-content\/uploads\/2021\/05\/2.jpg 1140w\" sizes=\"auto, (max-width: 300px) 100vw, 300px\" \/><\/p>\n<ul>\n<li>celkov\u00e1 hmotnost 5,9t<\/li>\n<li>u\u017eite\u010dn\u00e9 zat\u00ed\u017een\u00ed a\u017e 1600 kg<\/li>\n<li>vnit\u0159n\u00ed rozm\u011bry (d x \u0161 x v) 4300 x 2200 x 2300<\/li>\n<li>v\u00fd\u0161ka podlahy od zem\u011b cca 44 cm<img loading=\"lazy\" decoding=\"async\" class=\"alignright size-medium wp-image-594\" src=\"https:\/\/www.bodytruck.cz\/wp-content\/uploads\/2021\/05\/4-300x153.jpg\" alt=\"\" width=\"300\" height=\"153\" srcset=\"https:\/\/www.bodytruck.cz\/wp-content\/uploads\/2021\/05\/4-300x153.jpg 300w, https:\/\/www.bodytruck.cz\/wp-content\/uploads\/2021\/05\/4-1024x521.jpg 1024w, https:\/\/www.bodytruck.cz\/wp-content\/uploads\/2021\/05\/4-150x76.jpg 150w, https:\/\/www.bodytruck.cz\/wp-content\/uploads\/2021\/05\/4-768x391.jpg 768w, https:\/\/www.bodytruck.cz\/wp-content\/uploads\/2021\/05\/4.jpg 1140w\" sizes=\"auto, (max-width: 300px) 100vw, 300px\" \/><\/li>\n<li>sn\u00ed\u017een\u00fd r\u00e1m Borco-H\u00f6hns<\/li>\n<\/ul>\n<p>Z\u00e1kladn\u00ed v\u00fdbava :<\/p>\n<ul>\n<li>plynov\u00fd gril na ku\u0159ata UBERT 2 ks na 2 x 11 jehel<\/li>\n<li>plynov\u00e1 dvojfrit\u00e9za UBERT<img loading=\"lazy\" decoding=\"async\" class=\"alignright size-medium wp-image-596\" src=\"https:\/\/www.bodytruck.cz\/wp-content\/uploads\/2021\/05\/7-300x153.jpg\" alt=\"\" width=\"300\" height=\"153\" srcset=\"https:\/\/www.bodytruck.cz\/wp-content\/uploads\/2021\/05\/7-300x153.jpg 300w, https:\/\/www.bodytruck.cz\/wp-content\/uploads\/2021\/05\/7-1024x521.jpg 1024w, https:\/\/www.bodytruck.cz\/wp-content\/uploads\/2021\/05\/7-150x76.jpg 150w, https:\/\/www.bodytruck.cz\/wp-content\/uploads\/2021\/05\/7-768x391.jpg 768w, https:\/\/www.bodytruck.cz\/wp-content\/uploads\/2021\/05\/7.jpg 1140w\" sizes=\"auto, (max-width: 300px) 100vw, 300px\" \/><\/li>\n<li>velk\u00e1 chlazen\u00e1 lednice upraven\u00e1 na jehly s ku\u0159aty<\/li>\n<li>chlazen\u00e1 prezenta\u010dn\u00ed vitr\u00edna<\/li>\n<li>plynov\u00e9 hospod\u00e1\u0159stv\u00ed v\u010d. PB n\u00e1dr\u017ee<\/li>\n<li>hygienick\u00fd kout<\/li>\n<li>ta\u0161kov\u00fd pult<\/li>\n<\/ul>\n<p>&nbsp;<\/p>\n","protected":false},"excerpt":{"rendered":"<p>Podvozek : Renault Master\/Fiat Ducato celkov\u00e1 hmotnost 5,9t u\u017eite\u010dn\u00e9 zat\u00ed\u017een\u00ed a\u017e 1600 kg vnit\u0159n\u00ed rozm\u011bry (d x \u0161 x v) 4300 x 2200 x 2300 v\u00fd\u0161ka podlahy od zem\u011b cca 44 cm sn\u00ed\u017een\u00fd r\u00e1m Borco-H\u00f6hns Z\u00e1kladn\u00ed v\u00fdbava : plynov\u00fd gril na ku\u0159ata UBERT 2 ks na 2 x 11 jehel plynov\u00e1 dvojfrit\u00e9za UBERT velk\u00e1 chlazen\u00e1 &hellip; <a href=\"https:\/\/www.bodytruck.cz\/index.php\/trend4359ha\/\" class=\"more-link\">Pokra\u010dov\u00e1n\u00ed textu <span class=\"screen-reader-text\">4359-HA<\/span><\/a><\/p>\n","protected":false},"author":1,"featured_media":0,"parent":0,"menu_order":0,"comment_status":"closed","ping_status":"closed","template":"","meta":{"footnotes":""},"class_list":["post-592","page","type-page","status-publish","hentry"],"yoast_head":"<!-- This site is optimized with the Yoast SEO plugin v27.5 - https:\/\/yoast.com\/product\/yoast-seo-wordpress\/ -->\n<title>4359-HA * Poj\u00edzdn\u00e9 prodejny a foodtrucky BORCO-H\u00d6HNS<\/title>\n<meta name=\"description\" content=\"Poj\u00edzdn\u00e9 prodejny\" \/>\n<meta name=\"robots\" content=\"index, follow, max-snippet:-1, max-image-preview:large, max-video-preview:-1\" \/>\n<link rel=\"canonical\" href=\"https:\/\/www.bodytruck.cz\/index.php\/trend4359ha\/\" \/>\n<meta property=\"og:locale\" content=\"cs_CZ\" \/>\n<meta property=\"og:type\" content=\"article\" \/>\n<meta property=\"og:title\" content=\"4359-HA * Poj\u00edzdn\u00e9 prodejny a foodtrucky BORCO-H\u00d6HNS\" \/>\n<meta property=\"og:description\" content=\"Poj\u00edzdn\u00e9 prodejny\" \/>\n<meta property=\"og:url\" content=\"https:\/\/www.bodytruck.cz\/index.php\/trend4359ha\/\" \/>\n<meta property=\"og:site_name\" content=\"Poj\u00edzdn\u00e9 prodejny a foodtrucky BORCO-H\u00d6HNS\" \/>\n<meta property=\"article:publisher\" content=\"https:\/\/www.facebook.com\/bodytrucksro\" \/>\n<meta property=\"article:modified_time\" content=\"2026-04-16T09:40:50+00:00\" \/>\n<meta property=\"og:image\" content=\"https:\/\/www.bodytruck.cz\/wp-content\/uploads\/2021\/05\/1-2.png\" \/>\n\t<meta property=\"og:image:width\" content=\"1000\" \/>\n\t<meta property=\"og:image:height\" content=\"471\" \/>\n\t<meta property=\"og:image:type\" content=\"image\/png\" \/>\n<meta name=\"twitter:card\" content=\"summary_large_image\" \/>\n<meta name=\"twitter:label1\" content=\"Odhadovan\u00e1 doba \u010dten\u00ed\" \/>\n\t<meta name=\"twitter:data1\" content=\"2 minuty\" \/>\n<script type=\"application\/ld+json\" class=\"yoast-schema-graph\">{\"@context\":\"https:\\\/\\\/schema.org\",\"@graph\":[{\"@type\":\"WebPage\",\"@id\":\"https:\\\/\\\/www.bodytruck.cz\\\/index.php\\\/trend4359ha\\\/\",\"url\":\"https:\\\/\\\/www.bodytruck.cz\\\/index.php\\\/trend4359ha\\\/\",\"name\":\"4359-HA * Poj\u00edzdn\u00e9 prodejny a foodtrucky BORCO-H\u00d6HNS\",\"isPartOf\":{\"@id\":\"https:\\\/\\\/www.bodytruck.cz\\\/#website\"},\"primaryImageOfPage\":{\"@id\":\"https:\\\/\\\/www.bodytruck.cz\\\/index.php\\\/trend4359ha\\\/#primaryimage\"},\"image\":{\"@id\":\"https:\\\/\\\/www.bodytruck.cz\\\/index.php\\\/trend4359ha\\\/#primaryimage\"},\"thumbnailUrl\":\"https:\\\/\\\/www.bodytruck.cz\\\/wp-content\\\/uploads\\\/2021\\\/05\\\/1-2.png\",\"datePublished\":\"2021-05-07T13:47:53+00:00\",\"dateModified\":\"2026-04-16T09:40:50+00:00\",\"description\":\"Poj\u00edzdn\u00e9 prodejny\",\"breadcrumb\":{\"@id\":\"https:\\\/\\\/www.bodytruck.cz\\\/index.php\\\/trend4359ha\\\/#breadcrumb\"},\"inLanguage\":\"cs\",\"potentialAction\":[{\"@type\":\"ReadAction\",\"target\":[\"https:\\\/\\\/www.bodytruck.cz\\\/index.php\\\/trend4359ha\\\/\"]}]},{\"@type\":\"ImageObject\",\"inLanguage\":\"cs\",\"@id\":\"https:\\\/\\\/www.bodytruck.cz\\\/index.php\\\/trend4359ha\\\/#primaryimage\",\"url\":\"https:\\\/\\\/www.bodytruck.cz\\\/wp-content\\\/uploads\\\/2021\\\/05\\\/1-2.png\",\"contentUrl\":\"https:\\\/\\\/www.bodytruck.cz\\\/wp-content\\\/uploads\\\/2021\\\/05\\\/1-2.png\",\"width\":1000,\"height\":471},{\"@type\":\"BreadcrumbList\",\"@id\":\"https:\\\/\\\/www.bodytruck.cz\\\/index.php\\\/trend4359ha\\\/#breadcrumb\",\"itemListElement\":[{\"@type\":\"ListItem\",\"position\":1,\"name\":\"Dom\u016f\",\"item\":\"https:\\\/\\\/www.bodytruck.cz\\\/\"},{\"@type\":\"ListItem\",\"position\":2,\"name\":\"4359-HA\"}]},{\"@type\":\"WebSite\",\"@id\":\"https:\\\/\\\/www.bodytruck.cz\\\/#website\",\"url\":\"https:\\\/\\\/www.bodytruck.cz\\\/\",\"name\":\"Poj\u00edzdn\u00e9 prodejny a p\u0159\u00edv\u011bsy BORCO-H\u00d6HNS\",\"description\":\"Autorizovan\u00fd prodej a servis v \u010cesk\u00e9 republice a na Slovensku\",\"publisher\":{\"@id\":\"https:\\\/\\\/www.bodytruck.cz\\\/#organization\"},\"potentialAction\":[{\"@type\":\"SearchAction\",\"target\":{\"@type\":\"EntryPoint\",\"urlTemplate\":\"https:\\\/\\\/www.bodytruck.cz\\\/?s={search_term_string}\"},\"query-input\":{\"@type\":\"PropertyValueSpecification\",\"valueRequired\":true,\"valueName\":\"search_term_string\"}}],\"inLanguage\":\"cs\"},{\"@type\":\"Organization\",\"@id\":\"https:\\\/\\\/www.bodytruck.cz\\\/#organization\",\"name\":\"BODYTRUCK s.r.o.\",\"url\":\"https:\\\/\\\/www.bodytruck.cz\\\/\",\"logo\":{\"@type\":\"ImageObject\",\"inLanguage\":\"cs\",\"@id\":\"https:\\\/\\\/www.bodytruck.cz\\\/#\\\/schema\\\/logo\\\/image\\\/\",\"url\":\"https:\\\/\\\/www.bodytruck.cz\\\/wp-content\\\/uploads\\\/2019\\\/10\\\/cropped-LOGO_BODYTRUCK_RGB_bez-pozadi.png\",\"contentUrl\":\"https:\\\/\\\/www.bodytruck.cz\\\/wp-content\\\/uploads\\\/2019\\\/10\\\/cropped-LOGO_BODYTRUCK_RGB_bez-pozadi.png\",\"width\":248,\"height\":76,\"caption\":\"BODYTRUCK s.r.o.\"},\"image\":{\"@id\":\"https:\\\/\\\/www.bodytruck.cz\\\/#\\\/schema\\\/logo\\\/image\\\/\"},\"sameAs\":[\"https:\\\/\\\/www.facebook.com\\\/bodytrucksro\",\"https:\\\/\\\/www.instagram.com\\\/bodytruck_sro\\\/\"]}]}<\/script>\n<!-- \/ Yoast SEO plugin. -->","yoast_head_json":{"title":"4359-HA * Poj\u00edzdn\u00e9 prodejny a foodtrucky BORCO-H\u00d6HNS","description":"Poj\u00edzdn\u00e9 prodejny","robots":{"index":"index","follow":"follow","max-snippet":"max-snippet:-1","max-image-preview":"max-image-preview:large","max-video-preview":"max-video-preview:-1"},"canonical":"https:\/\/www.bodytruck.cz\/index.php\/trend4359ha\/","og_locale":"cs_CZ","og_type":"article","og_title":"4359-HA * Poj\u00edzdn\u00e9 prodejny a foodtrucky BORCO-H\u00d6HNS","og_description":"Poj\u00edzdn\u00e9 prodejny","og_url":"https:\/\/www.bodytruck.cz\/index.php\/trend4359ha\/","og_site_name":"Poj\u00edzdn\u00e9 prodejny a foodtrucky BORCO-H\u00d6HNS","article_publisher":"https:\/\/www.facebook.com\/bodytrucksro","article_modified_time":"2026-04-16T09:40:50+00:00","og_image":[{"width":1000,"height":471,"url":"https:\/\/www.bodytruck.cz\/wp-content\/uploads\/2021\/05\/1-2.png","type":"image\/png"}],"twitter_card":"summary_large_image","twitter_misc":{"Odhadovan\u00e1 doba \u010dten\u00ed":"2 minuty"},"schema":{"@context":"https:\/\/schema.org","@graph":[{"@type":"WebPage","@id":"https:\/\/www.bodytruck.cz\/index.php\/trend4359ha\/","url":"https:\/\/www.bodytruck.cz\/index.php\/trend4359ha\/","name":"4359-HA * Poj\u00edzdn\u00e9 prodejny a foodtrucky BORCO-H\u00d6HNS","isPartOf":{"@id":"https:\/\/www.bodytruck.cz\/#website"},"primaryImageOfPage":{"@id":"https:\/\/www.bodytruck.cz\/index.php\/trend4359ha\/#primaryimage"},"image":{"@id":"https:\/\/www.bodytruck.cz\/index.php\/trend4359ha\/#primaryimage"},"thumbnailUrl":"https:\/\/www.bodytruck.cz\/wp-content\/uploads\/2021\/05\/1-2.png","datePublished":"2021-05-07T13:47:53+00:00","dateModified":"2026-04-16T09:40:50+00:00","description":"Poj\u00edzdn\u00e9 prodejny","breadcrumb":{"@id":"https:\/\/www.bodytruck.cz\/index.php\/trend4359ha\/#breadcrumb"},"inLanguage":"cs","potentialAction":[{"@type":"ReadAction","target":["https:\/\/www.bodytruck.cz\/index.php\/trend4359ha\/"]}]},{"@type":"ImageObject","inLanguage":"cs","@id":"https:\/\/www.bodytruck.cz\/index.php\/trend4359ha\/#primaryimage","url":"https:\/\/www.bodytruck.cz\/wp-content\/uploads\/2021\/05\/1-2.png","contentUrl":"https:\/\/www.bodytruck.cz\/wp-content\/uploads\/2021\/05\/1-2.png","width":1000,"height":471},{"@type":"BreadcrumbList","@id":"https:\/\/www.bodytruck.cz\/index.php\/trend4359ha\/#breadcrumb","itemListElement":[{"@type":"ListItem","position":1,"name":"Dom\u016f","item":"https:\/\/www.bodytruck.cz\/"},{"@type":"ListItem","position":2,"name":"4359-HA"}]},{"@type":"WebSite","@id":"https:\/\/www.bodytruck.cz\/#website","url":"https:\/\/www.bodytruck.cz\/","name":"Poj\u00edzdn\u00e9 prodejny a p\u0159\u00edv\u011bsy BORCO-H\u00d6HNS","description":"Autorizovan\u00fd prodej a servis v \u010cesk\u00e9 republice a na Slovensku","publisher":{"@id":"https:\/\/www.bodytruck.cz\/#organization"},"potentialAction":[{"@type":"SearchAction","target":{"@type":"EntryPoint","urlTemplate":"https:\/\/www.bodytruck.cz\/?s={search_term_string}"},"query-input":{"@type":"PropertyValueSpecification","valueRequired":true,"valueName":"search_term_string"}}],"inLanguage":"cs"},{"@type":"Organization","@id":"https:\/\/www.bodytruck.cz\/#organization","name":"BODYTRUCK s.r.o.","url":"https:\/\/www.bodytruck.cz\/","logo":{"@type":"ImageObject","inLanguage":"cs","@id":"https:\/\/www.bodytruck.cz\/#\/schema\/logo\/image\/","url":"https:\/\/www.bodytruck.cz\/wp-content\/uploads\/2019\/10\/cropped-LOGO_BODYTRUCK_RGB_bez-pozadi.png","contentUrl":"https:\/\/www.bodytruck.cz\/wp-content\/uploads\/2019\/10\/cropped-LOGO_BODYTRUCK_RGB_bez-pozadi.png","width":248,"height":76,"caption":"BODYTRUCK s.r.o."},"image":{"@id":"https:\/\/www.bodytruck.cz\/#\/schema\/logo\/image\/"},"sameAs":["https:\/\/www.facebook.com\/bodytrucksro","https:\/\/www.instagram.com\/bodytruck_sro\/"]}]}},"_links":{"self":[{"href":"https:\/\/www.bodytruck.cz\/index.php\/wp-json\/wp\/v2\/pages\/592","targetHints":{"allow":["GET"]}}],"collection":[{"href":"https:\/\/www.bodytruck.cz\/index.php\/wp-json\/wp\/v2\/pages"}],"about":[{"href":"https:\/\/www.bodytruck.cz\/index.php\/wp-json\/wp\/v2\/types\/page"}],"author":[{"embeddable":true,"href":"https:\/\/www.bodytruck.cz\/index.php\/wp-json\/wp\/v2\/users\/1"}],"replies":[{"embeddable":true,"href":"https:\/\/www.bodytruck.cz\/index.php\/wp-json\/wp\/v2\/comments?post=592"}],"version-history":[{"count":4,"href":"https:\/\/www.bodytruck.cz\/index.php\/wp-json\/wp\/v2\/pages\/592\/revisions"}],"predecessor-version":[{"id":1896,"href":"https:\/\/www.bodytruck.cz\/index.php\/wp-json\/wp\/v2\/pages\/592\/revisions\/1896"}],"wp:attachment":[{"href":"https:\/\/www.bodytruck.cz\/index.php\/wp-json\/wp\/v2\/media?parent=592"}],"curies":[{"name":"wp","href":"https:\/\/api.w.org\/{rel}","templated":true}]}}