{"id":553,"date":"2021-05-03T10:58:29","date_gmt":"2021-05-03T10:58:29","guid":{"rendered":"https:\/\/www.bodytruck.cz\/?page_id=553"},"modified":"2026-04-16T08:44:31","modified_gmt":"2026-04-16T08:44:31","slug":"trend4525fl","status":"publish","type":"page","link":"https:\/\/www.bodytruck.cz\/index.php\/trend4525fl\/","title":{"rendered":"4525-FL"},"content":{"rendered":"<p><img loading=\"lazy\" decoding=\"async\" class=\"aligncenter wp-image-554 size-full\" src=\"https:\/\/www.bodytruck.cz\/wp-content\/uploads\/2021\/05\/CLEVER-4520-FL.png\" alt=\"\" width=\"800\" height=\"362\" srcset=\"https:\/\/www.bodytruck.cz\/wp-content\/uploads\/2021\/05\/CLEVER-4520-FL.png 800w, https:\/\/www.bodytruck.cz\/wp-content\/uploads\/2021\/05\/CLEVER-4520-FL-300x136.png 300w, https:\/\/www.bodytruck.cz\/wp-content\/uploads\/2021\/05\/CLEVER-4520-FL-150x68.png 150w, https:\/\/www.bodytruck.cz\/wp-content\/uploads\/2021\/05\/CLEVER-4520-FL-768x348.png 768w\" sizes=\"auto, (max-width: 800px) 100vw, 800px\" \/><\/p>\n<ul>\n<li><span style=\"font-size: 15px;\">celkov\u00e1 hmotnost 2,5t<img loading=\"lazy\" decoding=\"async\" class=\"alignright size-medium wp-image-555\" src=\"https:\/\/www.bodytruck.cz\/wp-content\/uploads\/2021\/05\/Clever-4520-FL-04-300x153.jpg\" alt=\"\" width=\"300\" height=\"153\" srcset=\"https:\/\/www.bodytruck.cz\/wp-content\/uploads\/2021\/05\/Clever-4520-FL-04-300x153.jpg 300w, https:\/\/www.bodytruck.cz\/wp-content\/uploads\/2021\/05\/Clever-4520-FL-04-1024x521.jpg 1024w, https:\/\/www.bodytruck.cz\/wp-content\/uploads\/2021\/05\/Clever-4520-FL-04-150x76.jpg 150w, https:\/\/www.bodytruck.cz\/wp-content\/uploads\/2021\/05\/Clever-4520-FL-04-768x391.jpg 768w, https:\/\/www.bodytruck.cz\/wp-content\/uploads\/2021\/05\/Clever-4520-FL-04.jpg 1140w\" sizes=\"auto, (max-width: 300px) 100vw, 300px\" \/><\/span><\/li>\n<li><span style=\"font-size: 15px;\">u\u017eite\u010dn\u00e9 zat\u00ed\u017een\u00ed a\u017e 900 kg<\/span><\/li>\n<li><span style=\"font-size: 15px;\">vnit\u0159n\u00ed rozm\u011bry (d x \u0161 x v) 4500 x 2410 x 2100<\/span><\/li>\n<li><span style=\"font-size: 15px;\">zinkovan\u00fd podvozek\u00a0Borco-H\u00f6hns<\/span><\/li>\n<\/ul>\n<p>&nbsp;<\/p>\n<p>Z\u00e1kladn\u00ed v\u00fdbava :<img loading=\"lazy\" decoding=\"async\" class=\"alignright size-medium wp-image-556\" src=\"https:\/\/www.bodytruck.cz\/wp-content\/uploads\/2021\/05\/Clever-4520-FL-5-300x153.jpg\" alt=\"\" width=\"300\" height=\"153\" srcset=\"https:\/\/www.bodytruck.cz\/wp-content\/uploads\/2021\/05\/Clever-4520-FL-5-300x153.jpg 300w, https:\/\/www.bodytruck.cz\/wp-content\/uploads\/2021\/05\/Clever-4520-FL-5-1024x521.jpg 1024w, https:\/\/www.bodytruck.cz\/wp-content\/uploads\/2021\/05\/Clever-4520-FL-5-150x76.jpg 150w, https:\/\/www.bodytruck.cz\/wp-content\/uploads\/2021\/05\/Clever-4520-FL-5-768x391.jpg 768w, https:\/\/www.bodytruck.cz\/wp-content\/uploads\/2021\/05\/Clever-4520-FL-5.jpg 1140w\" sizes=\"auto, (max-width: 300px) 100vw, 300px\" \/><\/p>\n<ul>\n<li><span style=\"font-size: 15px;\">chlad\u00edc\u00ed vitr\u00edna d\u00e9lky 4,5 m<\/span><\/li>\n<li><span style=\"font-size: 15px;\">chlad\u00edc\u00ed box pod vitr\u00ednou<\/span><\/li>\n<li><span style=\"font-size: 15px;\">kolejnice s h\u00e1ky na uzeniny<\/span><\/li>\n<li><span style=\"font-size: 15px;\">prezenta\u010dn\u00ed tabule<\/span><\/li>\n<li><span style=\"font-size: 15px;\">hygienick\u00fd kout<\/span><\/li>\n<li><span style=\"font-size: 15px;\">odkl\u00e1dac\u00ed police a sk\u0159\u00ed\u0148ky<\/span><\/li>\n<\/ul>\n<p>Variabiln\u00ed mo\u017enosti v\u00fdbavy<\/p>\n","protected":false},"excerpt":{"rendered":"<p>celkov\u00e1 hmotnost 2,5t u\u017eite\u010dn\u00e9 zat\u00ed\u017een\u00ed a\u017e 900 kg vnit\u0159n\u00ed rozm\u011bry (d x \u0161 x v) 4500 x 2410 x 2100 zinkovan\u00fd podvozek\u00a0Borco-H\u00f6hns &nbsp; Z\u00e1kladn\u00ed v\u00fdbava : chlad\u00edc\u00ed vitr\u00edna d\u00e9lky 4,5 m chlad\u00edc\u00ed box pod vitr\u00ednou kolejnice s h\u00e1ky na uzeniny prezenta\u010dn\u00ed tabule hygienick\u00fd kout odkl\u00e1dac\u00ed police a sk\u0159\u00ed\u0148ky Variabiln\u00ed mo\u017enosti v\u00fdbavy<\/p>\n","protected":false},"author":1,"featured_media":0,"parent":0,"menu_order":0,"comment_status":"closed","ping_status":"closed","template":"","meta":{"footnotes":""},"class_list":["post-553","page","type-page","status-publish","hentry"],"yoast_head":"<!-- This site is optimized with the Yoast SEO plugin v27.4 - https:\/\/yoast.com\/product\/yoast-seo-wordpress\/ -->\n<title>4525-FL * Poj\u00edzdn\u00e9 prodejny a foodtrucky BORCO-H\u00d6HNS<\/title>\n<meta name=\"description\" content=\"Poj\u00edzdn\u00e9 prodejny\" \/>\n<meta name=\"robots\" content=\"index, follow, max-snippet:-1, max-image-preview:large, max-video-preview:-1\" \/>\n<link rel=\"canonical\" href=\"https:\/\/www.bodytruck.cz\/index.php\/trend4525fl\/\" \/>\n<meta property=\"og:locale\" content=\"cs_CZ\" \/>\n<meta property=\"og:type\" content=\"article\" \/>\n<meta property=\"og:title\" content=\"4525-FL * Poj\u00edzdn\u00e9 prodejny a foodtrucky BORCO-H\u00d6HNS\" \/>\n<meta property=\"og:description\" content=\"Poj\u00edzdn\u00e9 prodejny\" \/>\n<meta property=\"og:url\" content=\"https:\/\/www.bodytruck.cz\/index.php\/trend4525fl\/\" \/>\n<meta property=\"og:site_name\" content=\"Poj\u00edzdn\u00e9 prodejny a foodtrucky BORCO-H\u00d6HNS\" \/>\n<meta property=\"article:publisher\" content=\"https:\/\/www.facebook.com\/bodytrucksro\" \/>\n<meta property=\"article:modified_time\" content=\"2026-04-16T08:44:31+00:00\" \/>\n<meta property=\"og:image\" content=\"https:\/\/www.bodytruck.cz\/wp-content\/uploads\/2021\/05\/CLEVER-4520-FL.png\" \/>\n\t<meta property=\"og:image:width\" content=\"800\" \/>\n\t<meta property=\"og:image:height\" content=\"362\" \/>\n\t<meta property=\"og:image:type\" content=\"image\/png\" \/>\n<meta name=\"twitter:card\" content=\"summary_large_image\" \/>\n<meta name=\"twitter:label1\" content=\"Odhadovan\u00e1 doba \u010dten\u00ed\" \/>\n\t<meta name=\"twitter:data1\" content=\"1 minuta\" \/>\n<script type=\"application\/ld+json\" class=\"yoast-schema-graph\">{\"@context\":\"https:\\\/\\\/schema.org\",\"@graph\":[{\"@type\":\"WebPage\",\"@id\":\"https:\\\/\\\/www.bodytruck.cz\\\/index.php\\\/trend4525fl\\\/\",\"url\":\"https:\\\/\\\/www.bodytruck.cz\\\/index.php\\\/trend4525fl\\\/\",\"name\":\"4525-FL * Poj\u00edzdn\u00e9 prodejny a foodtrucky BORCO-H\u00d6HNS\",\"isPartOf\":{\"@id\":\"https:\\\/\\\/www.bodytruck.cz\\\/#website\"},\"primaryImageOfPage\":{\"@id\":\"https:\\\/\\\/www.bodytruck.cz\\\/index.php\\\/trend4525fl\\\/#primaryimage\"},\"image\":{\"@id\":\"https:\\\/\\\/www.bodytruck.cz\\\/index.php\\\/trend4525fl\\\/#primaryimage\"},\"thumbnailUrl\":\"https:\\\/\\\/www.bodytruck.cz\\\/wp-content\\\/uploads\\\/2021\\\/05\\\/CLEVER-4520-FL.png\",\"datePublished\":\"2021-05-03T10:58:29+00:00\",\"dateModified\":\"2026-04-16T08:44:31+00:00\",\"description\":\"Poj\u00edzdn\u00e9 prodejny\",\"breadcrumb\":{\"@id\":\"https:\\\/\\\/www.bodytruck.cz\\\/index.php\\\/trend4525fl\\\/#breadcrumb\"},\"inLanguage\":\"cs\",\"potentialAction\":[{\"@type\":\"ReadAction\",\"target\":[\"https:\\\/\\\/www.bodytruck.cz\\\/index.php\\\/trend4525fl\\\/\"]}]},{\"@type\":\"ImageObject\",\"inLanguage\":\"cs\",\"@id\":\"https:\\\/\\\/www.bodytruck.cz\\\/index.php\\\/trend4525fl\\\/#primaryimage\",\"url\":\"https:\\\/\\\/www.bodytruck.cz\\\/wp-content\\\/uploads\\\/2021\\\/05\\\/CLEVER-4520-FL.png\",\"contentUrl\":\"https:\\\/\\\/www.bodytruck.cz\\\/wp-content\\\/uploads\\\/2021\\\/05\\\/CLEVER-4520-FL.png\",\"width\":800,\"height\":362},{\"@type\":\"BreadcrumbList\",\"@id\":\"https:\\\/\\\/www.bodytruck.cz\\\/index.php\\\/trend4525fl\\\/#breadcrumb\",\"itemListElement\":[{\"@type\":\"ListItem\",\"position\":1,\"name\":\"Dom\u016f\",\"item\":\"https:\\\/\\\/www.bodytruck.cz\\\/\"},{\"@type\":\"ListItem\",\"position\":2,\"name\":\"4525-FL\"}]},{\"@type\":\"WebSite\",\"@id\":\"https:\\\/\\\/www.bodytruck.cz\\\/#website\",\"url\":\"https:\\\/\\\/www.bodytruck.cz\\\/\",\"name\":\"Poj\u00edzdn\u00e9 prodejny a p\u0159\u00edv\u011bsy BORCO-H\u00d6HNS\",\"description\":\"Autorizovan\u00fd prodej a servis v \u010cesk\u00e9 republice a na Slovensku\",\"publisher\":{\"@id\":\"https:\\\/\\\/www.bodytruck.cz\\\/#organization\"},\"potentialAction\":[{\"@type\":\"SearchAction\",\"target\":{\"@type\":\"EntryPoint\",\"urlTemplate\":\"https:\\\/\\\/www.bodytruck.cz\\\/?s={search_term_string}\"},\"query-input\":{\"@type\":\"PropertyValueSpecification\",\"valueRequired\":true,\"valueName\":\"search_term_string\"}}],\"inLanguage\":\"cs\"},{\"@type\":\"Organization\",\"@id\":\"https:\\\/\\\/www.bodytruck.cz\\\/#organization\",\"name\":\"BODYTRUCK s.r.o.\",\"url\":\"https:\\\/\\\/www.bodytruck.cz\\\/\",\"logo\":{\"@type\":\"ImageObject\",\"inLanguage\":\"cs\",\"@id\":\"https:\\\/\\\/www.bodytruck.cz\\\/#\\\/schema\\\/logo\\\/image\\\/\",\"url\":\"https:\\\/\\\/www.bodytruck.cz\\\/wp-content\\\/uploads\\\/2019\\\/10\\\/cropped-LOGO_BODYTRUCK_RGB_bez-pozadi.png\",\"contentUrl\":\"https:\\\/\\\/www.bodytruck.cz\\\/wp-content\\\/uploads\\\/2019\\\/10\\\/cropped-LOGO_BODYTRUCK_RGB_bez-pozadi.png\",\"width\":248,\"height\":76,\"caption\":\"BODYTRUCK s.r.o.\"},\"image\":{\"@id\":\"https:\\\/\\\/www.bodytruck.cz\\\/#\\\/schema\\\/logo\\\/image\\\/\"},\"sameAs\":[\"https:\\\/\\\/www.facebook.com\\\/bodytrucksro\",\"https:\\\/\\\/www.instagram.com\\\/bodytruck_sro\\\/\"]}]}<\/script>\n<!-- \/ Yoast SEO plugin. -->","yoast_head_json":{"title":"4525-FL * Poj\u00edzdn\u00e9 prodejny a foodtrucky BORCO-H\u00d6HNS","description":"Poj\u00edzdn\u00e9 prodejny","robots":{"index":"index","follow":"follow","max-snippet":"max-snippet:-1","max-image-preview":"max-image-preview:large","max-video-preview":"max-video-preview:-1"},"canonical":"https:\/\/www.bodytruck.cz\/index.php\/trend4525fl\/","og_locale":"cs_CZ","og_type":"article","og_title":"4525-FL * Poj\u00edzdn\u00e9 prodejny a foodtrucky BORCO-H\u00d6HNS","og_description":"Poj\u00edzdn\u00e9 prodejny","og_url":"https:\/\/www.bodytruck.cz\/index.php\/trend4525fl\/","og_site_name":"Poj\u00edzdn\u00e9 prodejny a foodtrucky BORCO-H\u00d6HNS","article_publisher":"https:\/\/www.facebook.com\/bodytrucksro","article_modified_time":"2026-04-16T08:44:31+00:00","og_image":[{"width":800,"height":362,"url":"https:\/\/www.bodytruck.cz\/wp-content\/uploads\/2021\/05\/CLEVER-4520-FL.png","type":"image\/png"}],"twitter_card":"summary_large_image","twitter_misc":{"Odhadovan\u00e1 doba \u010dten\u00ed":"1 minuta"},"schema":{"@context":"https:\/\/schema.org","@graph":[{"@type":"WebPage","@id":"https:\/\/www.bodytruck.cz\/index.php\/trend4525fl\/","url":"https:\/\/www.bodytruck.cz\/index.php\/trend4525fl\/","name":"4525-FL * Poj\u00edzdn\u00e9 prodejny a foodtrucky BORCO-H\u00d6HNS","isPartOf":{"@id":"https:\/\/www.bodytruck.cz\/#website"},"primaryImageOfPage":{"@id":"https:\/\/www.bodytruck.cz\/index.php\/trend4525fl\/#primaryimage"},"image":{"@id":"https:\/\/www.bodytruck.cz\/index.php\/trend4525fl\/#primaryimage"},"thumbnailUrl":"https:\/\/www.bodytruck.cz\/wp-content\/uploads\/2021\/05\/CLEVER-4520-FL.png","datePublished":"2021-05-03T10:58:29+00:00","dateModified":"2026-04-16T08:44:31+00:00","description":"Poj\u00edzdn\u00e9 prodejny","breadcrumb":{"@id":"https:\/\/www.bodytruck.cz\/index.php\/trend4525fl\/#breadcrumb"},"inLanguage":"cs","potentialAction":[{"@type":"ReadAction","target":["https:\/\/www.bodytruck.cz\/index.php\/trend4525fl\/"]}]},{"@type":"ImageObject","inLanguage":"cs","@id":"https:\/\/www.bodytruck.cz\/index.php\/trend4525fl\/#primaryimage","url":"https:\/\/www.bodytruck.cz\/wp-content\/uploads\/2021\/05\/CLEVER-4520-FL.png","contentUrl":"https:\/\/www.bodytruck.cz\/wp-content\/uploads\/2021\/05\/CLEVER-4520-FL.png","width":800,"height":362},{"@type":"BreadcrumbList","@id":"https:\/\/www.bodytruck.cz\/index.php\/trend4525fl\/#breadcrumb","itemListElement":[{"@type":"ListItem","position":1,"name":"Dom\u016f","item":"https:\/\/www.bodytruck.cz\/"},{"@type":"ListItem","position":2,"name":"4525-FL"}]},{"@type":"WebSite","@id":"https:\/\/www.bodytruck.cz\/#website","url":"https:\/\/www.bodytruck.cz\/","name":"Poj\u00edzdn\u00e9 prodejny a p\u0159\u00edv\u011bsy BORCO-H\u00d6HNS","description":"Autorizovan\u00fd prodej a servis v \u010cesk\u00e9 republice a na Slovensku","publisher":{"@id":"https:\/\/www.bodytruck.cz\/#organization"},"potentialAction":[{"@type":"SearchAction","target":{"@type":"EntryPoint","urlTemplate":"https:\/\/www.bodytruck.cz\/?s={search_term_string}"},"query-input":{"@type":"PropertyValueSpecification","valueRequired":true,"valueName":"search_term_string"}}],"inLanguage":"cs"},{"@type":"Organization","@id":"https:\/\/www.bodytruck.cz\/#organization","name":"BODYTRUCK s.r.o.","url":"https:\/\/www.bodytruck.cz\/","logo":{"@type":"ImageObject","inLanguage":"cs","@id":"https:\/\/www.bodytruck.cz\/#\/schema\/logo\/image\/","url":"https:\/\/www.bodytruck.cz\/wp-content\/uploads\/2019\/10\/cropped-LOGO_BODYTRUCK_RGB_bez-pozadi.png","contentUrl":"https:\/\/www.bodytruck.cz\/wp-content\/uploads\/2019\/10\/cropped-LOGO_BODYTRUCK_RGB_bez-pozadi.png","width":248,"height":76,"caption":"BODYTRUCK s.r.o."},"image":{"@id":"https:\/\/www.bodytruck.cz\/#\/schema\/logo\/image\/"},"sameAs":["https:\/\/www.facebook.com\/bodytrucksro","https:\/\/www.instagram.com\/bodytruck_sro\/"]}]}},"_links":{"self":[{"href":"https:\/\/www.bodytruck.cz\/index.php\/wp-json\/wp\/v2\/pages\/553","targetHints":{"allow":["GET"]}}],"collection":[{"href":"https:\/\/www.bodytruck.cz\/index.php\/wp-json\/wp\/v2\/pages"}],"about":[{"href":"https:\/\/www.bodytruck.cz\/index.php\/wp-json\/wp\/v2\/types\/page"}],"author":[{"embeddable":true,"href":"https:\/\/www.bodytruck.cz\/index.php\/wp-json\/wp\/v2\/users\/1"}],"replies":[{"embeddable":true,"href":"https:\/\/www.bodytruck.cz\/index.php\/wp-json\/wp\/v2\/comments?post=553"}],"version-history":[{"count":3,"href":"https:\/\/www.bodytruck.cz\/index.php\/wp-json\/wp\/v2\/pages\/553\/revisions"}],"predecessor-version":[{"id":1875,"href":"https:\/\/www.bodytruck.cz\/index.php\/wp-json\/wp\/v2\/pages\/553\/revisions\/1875"}],"wp:attachment":[{"href":"https:\/\/www.bodytruck.cz\/index.php\/wp-json\/wp\/v2\/media?parent=553"}],"curies":[{"name":"wp","href":"https:\/\/api.w.org\/{rel}","templated":true}]}}