{"id":332,"date":"2019-11-02T08:38:22","date_gmt":"2019-11-02T08:38:22","guid":{"rendered":"http:\/\/www.bodytruck.cz\/?page_id=332"},"modified":"2022-03-16T19:42:15","modified_gmt":"2022-03-16T19:42:15","slug":"gril","status":"publish","type":"page","link":"https:\/\/www.bodytruck.cz\/index.php\/domu\/gril\/","title":{"rendered":"Poj\u00edzdn\u00e9 grily na ku\u0159ata"},"content":{"rendered":"<p>Z\u00e1kladn\u00ed typy vozidel SELECTION &#8211; grilovan\u00e1 ku\u0159ata (s\u00e9riov\u00e9 proveden\u00ed vozidel)<\/p>\n<p><a href=\"https:\/\/www.bodytruck.cz\/index.php\/smart3635ha\/\">3635-HA<img loading=\"lazy\" decoding=\"async\" class=\"aligncenter size-medium wp-image-333\" src=\"http:\/\/www.bodytruck.cz\/wp-content\/uploads\/2019\/11\/CLEVER-3635-H\u00c4_Gesamtansicht-300x200.png\" alt=\"\" width=\"300\" height=\"200\" \/><\/a><\/p>\n<p><a href=\"https:\/\/www.bodytruck.cz\/index.php\/trend4359ha\/\">4359-HA<img loading=\"lazy\" decoding=\"async\" class=\"aligncenter wp-image-591 size-medium\" src=\"https:\/\/www.bodytruck.cz\/wp-content\/uploads\/2021\/05\/1-2-300x141.png\" alt=\"\" width=\"300\" height=\"141\" srcset=\"https:\/\/www.bodytruck.cz\/wp-content\/uploads\/2021\/05\/1-2-300x141.png 300w, https:\/\/www.bodytruck.cz\/wp-content\/uploads\/2021\/05\/1-2-150x71.png 150w, https:\/\/www.bodytruck.cz\/wp-content\/uploads\/2021\/05\/1-2-768x362.png 768w, https:\/\/www.bodytruck.cz\/wp-content\/uploads\/2021\/05\/1-2.png 1000w\" sizes=\"auto, (max-width: 300px) 100vw, 300px\" \/><\/a><\/p>\n<p>INDIVIDU\u00c1LN\u00cd STAVBY VOZIDEL A P\u0158\u00cdV\u011aS\u016e<\/p>\n","protected":false},"excerpt":{"rendered":"<p>Z\u00e1kladn\u00ed typy vozidel SELECTION &#8211; grilovan\u00e1 ku\u0159ata (s\u00e9riov\u00e9 proveden\u00ed vozidel) 3635-HA 4359-HA INDIVIDU\u00c1LN\u00cd STAVBY VOZIDEL A P\u0158\u00cdV\u011aS\u016e<\/p>\n","protected":false},"author":1,"featured_media":0,"parent":26,"menu_order":0,"comment_status":"closed","ping_status":"closed","template":"","meta":{"footnotes":""},"class_list":["post-332","page","type-page","status-publish","hentry"],"yoast_head":"<!-- This site is optimized with the Yoast SEO plugin v27.4 - https:\/\/yoast.com\/product\/yoast-seo-wordpress\/ -->\n<title>Poj\u00edzdn\u00e9 grily na ku\u0159ata * Poj\u00edzdn\u00e9 prodejny a foodtrucky BORCO-H\u00d6HNS<\/title>\n<meta name=\"description\" content=\"Poj\u00edzdn\u00e9 prodejny\" \/>\n<meta name=\"robots\" content=\"index, follow, max-snippet:-1, max-image-preview:large, max-video-preview:-1\" \/>\n<link rel=\"canonical\" href=\"https:\/\/www.bodytruck.cz\/index.php\/domu\/gril\/\" \/>\n<meta property=\"og:locale\" content=\"cs_CZ\" \/>\n<meta property=\"og:type\" content=\"article\" \/>\n<meta property=\"og:title\" content=\"Poj\u00edzdn\u00e9 grily na ku\u0159ata * Poj\u00edzdn\u00e9 prodejny a foodtrucky BORCO-H\u00d6HNS\" \/>\n<meta property=\"og:description\" content=\"Poj\u00edzdn\u00e9 prodejny\" \/>\n<meta property=\"og:url\" content=\"https:\/\/www.bodytruck.cz\/index.php\/domu\/gril\/\" \/>\n<meta property=\"og:site_name\" content=\"Poj\u00edzdn\u00e9 prodejny a foodtrucky BORCO-H\u00d6HNS\" \/>\n<meta property=\"article:publisher\" content=\"https:\/\/www.facebook.com\/bodytrucksro\" \/>\n<meta property=\"article:modified_time\" content=\"2022-03-16T19:42:15+00:00\" \/>\n<meta property=\"og:image\" content=\"http:\/\/www.bodytruck.cz\/wp-content\/uploads\/2019\/11\/CLEVER-3635-H\u00c4_Gesamtansicht-300x200.png\" \/>\n<meta name=\"twitter:card\" content=\"summary_large_image\" \/>\n<meta name=\"twitter:label1\" content=\"Odhadovan\u00e1 doba \u010dten\u00ed\" \/>\n\t<meta name=\"twitter:data1\" content=\"1 minuta\" \/>\n<script type=\"application\/ld+json\" class=\"yoast-schema-graph\">{\"@context\":\"https:\\\/\\\/schema.org\",\"@graph\":[{\"@type\":\"WebPage\",\"@id\":\"https:\\\/\\\/www.bodytruck.cz\\\/index.php\\\/domu\\\/gril\\\/\",\"url\":\"https:\\\/\\\/www.bodytruck.cz\\\/index.php\\\/domu\\\/gril\\\/\",\"name\":\"Poj\u00edzdn\u00e9 grily na ku\u0159ata * Poj\u00edzdn\u00e9 prodejny a foodtrucky BORCO-H\u00d6HNS\",\"isPartOf\":{\"@id\":\"https:\\\/\\\/www.bodytruck.cz\\\/#website\"},\"primaryImageOfPage\":{\"@id\":\"https:\\\/\\\/www.bodytruck.cz\\\/index.php\\\/domu\\\/gril\\\/#primaryimage\"},\"image\":{\"@id\":\"https:\\\/\\\/www.bodytruck.cz\\\/index.php\\\/domu\\\/gril\\\/#primaryimage\"},\"thumbnailUrl\":\"https:\\\/\\\/www.bodytruck.cz\\\/wp-content\\\/uploads\\\/2021\\\/05\\\/1-2-300x141.png\",\"datePublished\":\"2019-11-02T08:38:22+00:00\",\"dateModified\":\"2022-03-16T19:42:15+00:00\",\"description\":\"Poj\u00edzdn\u00e9 prodejny\",\"breadcrumb\":{\"@id\":\"https:\\\/\\\/www.bodytruck.cz\\\/index.php\\\/domu\\\/gril\\\/#breadcrumb\"},\"inLanguage\":\"cs\",\"potentialAction\":[{\"@type\":\"ReadAction\",\"target\":[\"https:\\\/\\\/www.bodytruck.cz\\\/index.php\\\/domu\\\/gril\\\/\"]}]},{\"@type\":\"ImageObject\",\"inLanguage\":\"cs\",\"@id\":\"https:\\\/\\\/www.bodytruck.cz\\\/index.php\\\/domu\\\/gril\\\/#primaryimage\",\"url\":\"https:\\\/\\\/www.bodytruck.cz\\\/wp-content\\\/uploads\\\/2021\\\/05\\\/1-2.png\",\"contentUrl\":\"https:\\\/\\\/www.bodytruck.cz\\\/wp-content\\\/uploads\\\/2021\\\/05\\\/1-2.png\",\"width\":1000,\"height\":471},{\"@type\":\"BreadcrumbList\",\"@id\":\"https:\\\/\\\/www.bodytruck.cz\\\/index.php\\\/domu\\\/gril\\\/#breadcrumb\",\"itemListElement\":[{\"@type\":\"ListItem\",\"position\":1,\"name\":\"Dom\u016f\",\"item\":\"https:\\\/\\\/www.bodytruck.cz\\\/\"},{\"@type\":\"ListItem\",\"position\":2,\"name\":\"Poj\u00edzdn\u00e9 prodejny a foodtrucky\",\"item\":\"https:\\\/\\\/www.bodytruck.cz\\\/\"},{\"@type\":\"ListItem\",\"position\":3,\"name\":\"Poj\u00edzdn\u00e9 grily na ku\u0159ata\"}]},{\"@type\":\"WebSite\",\"@id\":\"https:\\\/\\\/www.bodytruck.cz\\\/#website\",\"url\":\"https:\\\/\\\/www.bodytruck.cz\\\/\",\"name\":\"Poj\u00edzdn\u00e9 prodejny a p\u0159\u00edv\u011bsy BORCO-H\u00d6HNS\",\"description\":\"Autorizovan\u00fd prodej a servis v \u010cesk\u00e9 republice a na Slovensku\",\"publisher\":{\"@id\":\"https:\\\/\\\/www.bodytruck.cz\\\/#organization\"},\"potentialAction\":[{\"@type\":\"SearchAction\",\"target\":{\"@type\":\"EntryPoint\",\"urlTemplate\":\"https:\\\/\\\/www.bodytruck.cz\\\/?s={search_term_string}\"},\"query-input\":{\"@type\":\"PropertyValueSpecification\",\"valueRequired\":true,\"valueName\":\"search_term_string\"}}],\"inLanguage\":\"cs\"},{\"@type\":\"Organization\",\"@id\":\"https:\\\/\\\/www.bodytruck.cz\\\/#organization\",\"name\":\"BODYTRUCK s.r.o.\",\"url\":\"https:\\\/\\\/www.bodytruck.cz\\\/\",\"logo\":{\"@type\":\"ImageObject\",\"inLanguage\":\"cs\",\"@id\":\"https:\\\/\\\/www.bodytruck.cz\\\/#\\\/schema\\\/logo\\\/image\\\/\",\"url\":\"https:\\\/\\\/www.bodytruck.cz\\\/wp-content\\\/uploads\\\/2019\\\/10\\\/cropped-LOGO_BODYTRUCK_RGB_bez-pozadi.png\",\"contentUrl\":\"https:\\\/\\\/www.bodytruck.cz\\\/wp-content\\\/uploads\\\/2019\\\/10\\\/cropped-LOGO_BODYTRUCK_RGB_bez-pozadi.png\",\"width\":248,\"height\":76,\"caption\":\"BODYTRUCK s.r.o.\"},\"image\":{\"@id\":\"https:\\\/\\\/www.bodytruck.cz\\\/#\\\/schema\\\/logo\\\/image\\\/\"},\"sameAs\":[\"https:\\\/\\\/www.facebook.com\\\/bodytrucksro\",\"https:\\\/\\\/www.instagram.com\\\/bodytruck_sro\\\/\"]}]}<\/script>\n<!-- \/ Yoast SEO plugin. -->","yoast_head_json":{"title":"Poj\u00edzdn\u00e9 grily na ku\u0159ata * Poj\u00edzdn\u00e9 prodejny a foodtrucky BORCO-H\u00d6HNS","description":"Poj\u00edzdn\u00e9 prodejny","robots":{"index":"index","follow":"follow","max-snippet":"max-snippet:-1","max-image-preview":"max-image-preview:large","max-video-preview":"max-video-preview:-1"},"canonical":"https:\/\/www.bodytruck.cz\/index.php\/domu\/gril\/","og_locale":"cs_CZ","og_type":"article","og_title":"Poj\u00edzdn\u00e9 grily na ku\u0159ata * Poj\u00edzdn\u00e9 prodejny a foodtrucky BORCO-H\u00d6HNS","og_description":"Poj\u00edzdn\u00e9 prodejny","og_url":"https:\/\/www.bodytruck.cz\/index.php\/domu\/gril\/","og_site_name":"Poj\u00edzdn\u00e9 prodejny a foodtrucky BORCO-H\u00d6HNS","article_publisher":"https:\/\/www.facebook.com\/bodytrucksro","article_modified_time":"2022-03-16T19:42:15+00:00","og_image":[{"url":"http:\/\/www.bodytruck.cz\/wp-content\/uploads\/2019\/11\/CLEVER-3635-H\u00c4_Gesamtansicht-300x200.png","type":"","width":"","height":""}],"twitter_card":"summary_large_image","twitter_misc":{"Odhadovan\u00e1 doba \u010dten\u00ed":"1 minuta"},"schema":{"@context":"https:\/\/schema.org","@graph":[{"@type":"WebPage","@id":"https:\/\/www.bodytruck.cz\/index.php\/domu\/gril\/","url":"https:\/\/www.bodytruck.cz\/index.php\/domu\/gril\/","name":"Poj\u00edzdn\u00e9 grily na ku\u0159ata * Poj\u00edzdn\u00e9 prodejny a foodtrucky BORCO-H\u00d6HNS","isPartOf":{"@id":"https:\/\/www.bodytruck.cz\/#website"},"primaryImageOfPage":{"@id":"https:\/\/www.bodytruck.cz\/index.php\/domu\/gril\/#primaryimage"},"image":{"@id":"https:\/\/www.bodytruck.cz\/index.php\/domu\/gril\/#primaryimage"},"thumbnailUrl":"https:\/\/www.bodytruck.cz\/wp-content\/uploads\/2021\/05\/1-2-300x141.png","datePublished":"2019-11-02T08:38:22+00:00","dateModified":"2022-03-16T19:42:15+00:00","description":"Poj\u00edzdn\u00e9 prodejny","breadcrumb":{"@id":"https:\/\/www.bodytruck.cz\/index.php\/domu\/gril\/#breadcrumb"},"inLanguage":"cs","potentialAction":[{"@type":"ReadAction","target":["https:\/\/www.bodytruck.cz\/index.php\/domu\/gril\/"]}]},{"@type":"ImageObject","inLanguage":"cs","@id":"https:\/\/www.bodytruck.cz\/index.php\/domu\/gril\/#primaryimage","url":"https:\/\/www.bodytruck.cz\/wp-content\/uploads\/2021\/05\/1-2.png","contentUrl":"https:\/\/www.bodytruck.cz\/wp-content\/uploads\/2021\/05\/1-2.png","width":1000,"height":471},{"@type":"BreadcrumbList","@id":"https:\/\/www.bodytruck.cz\/index.php\/domu\/gril\/#breadcrumb","itemListElement":[{"@type":"ListItem","position":1,"name":"Dom\u016f","item":"https:\/\/www.bodytruck.cz\/"},{"@type":"ListItem","position":2,"name":"Poj\u00edzdn\u00e9 prodejny a foodtrucky","item":"https:\/\/www.bodytruck.cz\/"},{"@type":"ListItem","position":3,"name":"Poj\u00edzdn\u00e9 grily na ku\u0159ata"}]},{"@type":"WebSite","@id":"https:\/\/www.bodytruck.cz\/#website","url":"https:\/\/www.bodytruck.cz\/","name":"Poj\u00edzdn\u00e9 prodejny a p\u0159\u00edv\u011bsy BORCO-H\u00d6HNS","description":"Autorizovan\u00fd prodej a servis v \u010cesk\u00e9 republice a na Slovensku","publisher":{"@id":"https:\/\/www.bodytruck.cz\/#organization"},"potentialAction":[{"@type":"SearchAction","target":{"@type":"EntryPoint","urlTemplate":"https:\/\/www.bodytruck.cz\/?s={search_term_string}"},"query-input":{"@type":"PropertyValueSpecification","valueRequired":true,"valueName":"search_term_string"}}],"inLanguage":"cs"},{"@type":"Organization","@id":"https:\/\/www.bodytruck.cz\/#organization","name":"BODYTRUCK s.r.o.","url":"https:\/\/www.bodytruck.cz\/","logo":{"@type":"ImageObject","inLanguage":"cs","@id":"https:\/\/www.bodytruck.cz\/#\/schema\/logo\/image\/","url":"https:\/\/www.bodytruck.cz\/wp-content\/uploads\/2019\/10\/cropped-LOGO_BODYTRUCK_RGB_bez-pozadi.png","contentUrl":"https:\/\/www.bodytruck.cz\/wp-content\/uploads\/2019\/10\/cropped-LOGO_BODYTRUCK_RGB_bez-pozadi.png","width":248,"height":76,"caption":"BODYTRUCK s.r.o."},"image":{"@id":"https:\/\/www.bodytruck.cz\/#\/schema\/logo\/image\/"},"sameAs":["https:\/\/www.facebook.com\/bodytrucksro","https:\/\/www.instagram.com\/bodytruck_sro\/"]}]}},"_links":{"self":[{"href":"https:\/\/www.bodytruck.cz\/index.php\/wp-json\/wp\/v2\/pages\/332","targetHints":{"allow":["GET"]}}],"collection":[{"href":"https:\/\/www.bodytruck.cz\/index.php\/wp-json\/wp\/v2\/pages"}],"about":[{"href":"https:\/\/www.bodytruck.cz\/index.php\/wp-json\/wp\/v2\/types\/page"}],"author":[{"embeddable":true,"href":"https:\/\/www.bodytruck.cz\/index.php\/wp-json\/wp\/v2\/users\/1"}],"replies":[{"embeddable":true,"href":"https:\/\/www.bodytruck.cz\/index.php\/wp-json\/wp\/v2\/comments?post=332"}],"version-history":[{"count":8,"href":"https:\/\/www.bodytruck.cz\/index.php\/wp-json\/wp\/v2\/pages\/332\/revisions"}],"predecessor-version":[{"id":733,"href":"https:\/\/www.bodytruck.cz\/index.php\/wp-json\/wp\/v2\/pages\/332\/revisions\/733"}],"up":[{"embeddable":true,"href":"https:\/\/www.bodytruck.cz\/index.php\/wp-json\/wp\/v2\/pages\/26"}],"wp:attachment":[{"href":"https:\/\/www.bodytruck.cz\/index.php\/wp-json\/wp\/v2\/media?parent=332"}],"curies":[{"name":"wp","href":"https:\/\/api.w.org\/{rel}","templated":true}]}}