{"id":26,"date":"2019-01-13T19:05:13","date_gmt":"2019-01-13T19:05:13","guid":{"rendered":"http:\/\/www.bodytruck.cz\/?page_id=26"},"modified":"2026-04-22T09:29:11","modified_gmt":"2026-04-22T09:29:11","slug":"domu","status":"publish","type":"page","link":"https:\/\/www.bodytruck.cz\/","title":{"rendered":"Poj\u00edzdn\u00e9 prodejny a foodtrucky"},"content":{"rendered":"<p><!-- Global site tag (gtag.js) - Google Analytics --><\/p>\n<p><img loading=\"lazy\" decoding=\"async\" class=\"aligncenter wp-image-1968 size-large\" src=\"https:\/\/www.bodytruck.cz\/wp-content\/uploads\/2026\/04\/GrillnavesScania-1024x533.png\" alt=\"\" width=\"660\" height=\"344\" srcset=\"https:\/\/www.bodytruck.cz\/wp-content\/uploads\/2026\/04\/GrillnavesScania-1024x533.png 1024w, https:\/\/www.bodytruck.cz\/wp-content\/uploads\/2026\/04\/GrillnavesScania-300x156.png 300w, https:\/\/www.bodytruck.cz\/wp-content\/uploads\/2026\/04\/GrillnavesScania-150x78.png 150w, https:\/\/www.bodytruck.cz\/wp-content\/uploads\/2026\/04\/GrillnavesScania-768x400.png 768w, https:\/\/www.bodytruck.cz\/wp-content\/uploads\/2026\/04\/GrillnavesScania-1536x800.png 1536w, https:\/\/www.bodytruck.cz\/wp-content\/uploads\/2026\/04\/GrillnavesScania-2048x1066.png 2048w\" sizes=\"auto, (max-width: 660px) 100vw, 660px\" \/><\/p>\n<h4 style=\"text-align: center;\"><strong>Poj\u00edzdn\u00e9 prodejny a foodtrucky <a href=\"http:\/\/www.borco.de\" target=\"_blank\" rel=\"noopener\">BORCO-H\u00d6HNS<\/a><\/strong><\/h4>\n<p style=\"text-align: center;\"><span style=\"font-family: 'trebuchet ms', geneva; font-size: 12px;\">Zde si m\u016f\u017eete prohl\u00e9dnout p\u0159ehled v\u0161ech na\u0161ich model\u016f s\u00e9riov\u011b vyr\u00e1b\u011bn\u00fdch vozidel.<\/span><\/p>\n<p style=\"text-align: center;\"><span style=\"font-family: 'trebuchet ms', geneva; font-size: 12px;\">Abychom v\u00e1m pomohli v za\u010d\u00e1tc\u00edch podnik\u00e1n\u00ed, m\u00e1me v\u017edy skladem velk\u00e9 mno\u017estv\u00ed t\u011bchto na\u0161ich s\u00e9riov\u00fdch model\u016f. Tato okam\u017eit\u011b dostupn\u00e1 prodejn\u00ed vozidla a prodejn\u00ed p\u0159\u00edv\u011bsy naleznete na na\u0161ich webov\u00fdch str\u00e1nk\u00e1ch v sekci <a href=\"https:\/\/www.bodytruck.cz\/index.php\/pouzite-prodejny\/\">\u201eSkladov\u00e1 a pou\u017eit\u00e1 vozidla\u201c<\/a>.<\/span><\/p>\n<p>&nbsp;<\/p>\n<p><a href=\"http:\/\/www.bodytruck.cz\/index.php\/domu\/maso\/\">Masn\u00e9 v\u00fdrobky<img loading=\"lazy\" decoding=\"async\" class=\"alignright wp-image-1767 size-medium\" src=\"https:\/\/www.bodytruck.cz\/wp-content\/uploads\/2025\/10\/101-6-300x141.jpg\" alt=\"\" width=\"300\" height=\"141\" srcset=\"https:\/\/www.bodytruck.cz\/wp-content\/uploads\/2025\/10\/101-6-300x141.jpg 300w, https:\/\/www.bodytruck.cz\/wp-content\/uploads\/2025\/10\/101-6-1024x480.jpg 1024w, https:\/\/www.bodytruck.cz\/wp-content\/uploads\/2025\/10\/101-6-150x70.jpg 150w, https:\/\/www.bodytruck.cz\/wp-content\/uploads\/2025\/10\/101-6-768x360.jpg 768w, https:\/\/www.bodytruck.cz\/wp-content\/uploads\/2025\/10\/101-6.jpg 1400w\" sizes=\"auto, (max-width: 300px) 100vw, 300px\" \/><\/a><\/p>\n<p>&nbsp;<\/p>\n<p>&nbsp;<\/p>\n<hr \/>\n<p><a href=\"http:\/\/www.bodytruck.cz\/index.php\/pecivo\/\">Pe\u010divo<\/a><img loading=\"lazy\" decoding=\"async\" class=\"alignright wp-image-1766 size-medium\" src=\"https:\/\/www.bodytruck.cz\/wp-content\/uploads\/2025\/10\/101-5-300x158.jpg\" alt=\"\" width=\"300\" height=\"158\" srcset=\"https:\/\/www.bodytruck.cz\/wp-content\/uploads\/2025\/10\/101-5-300x158.jpg 300w, https:\/\/www.bodytruck.cz\/wp-content\/uploads\/2025\/10\/101-5-1024x540.jpg 1024w, https:\/\/www.bodytruck.cz\/wp-content\/uploads\/2025\/10\/101-5-150x79.jpg 150w, https:\/\/www.bodytruck.cz\/wp-content\/uploads\/2025\/10\/101-5-768x405.jpg 768w, https:\/\/www.bodytruck.cz\/wp-content\/uploads\/2025\/10\/101-5.jpg 1343w\" sizes=\"auto, (max-width: 300px) 100vw, 300px\" \/><\/p>\n<p>&nbsp;<\/p>\n<p>&nbsp;<\/p>\n<p>&nbsp;<\/p>\n<hr \/>\n<p><a href=\"http:\/\/www.bodytruck.cz\/index.php\/ryby\/\">Ryby<\/a><\/p>\n<p><img loading=\"lazy\" decoding=\"async\" class=\"alignright wp-image-1765 size-medium\" src=\"https:\/\/www.bodytruck.cz\/wp-content\/uploads\/2025\/10\/101-4-300x128.jpg\" alt=\"\" width=\"300\" height=\"128\" srcset=\"https:\/\/www.bodytruck.cz\/wp-content\/uploads\/2025\/10\/101-4-300x128.jpg 300w, https:\/\/www.bodytruck.cz\/wp-content\/uploads\/2025\/10\/101-4-1024x438.jpg 1024w, https:\/\/www.bodytruck.cz\/wp-content\/uploads\/2025\/10\/101-4-150x64.jpg 150w, https:\/\/www.bodytruck.cz\/wp-content\/uploads\/2025\/10\/101-4-768x328.jpg 768w, https:\/\/www.bodytruck.cz\/wp-content\/uploads\/2025\/10\/101-4.jpg 1369w\" sizes=\"auto, (max-width: 300px) 100vw, 300px\" \/><\/p>\n<p>&nbsp;<\/p>\n<p>&nbsp;<\/p>\n<p>&nbsp;<\/p>\n<hr \/>\n<p><a href=\"http:\/\/www.bodytruck.cz\/index.php\/domu\/snack\/\">Sn\u00edda\u0148ov\u00e9 vozy, Snack<\/a><\/p>\n<p><img loading=\"lazy\" decoding=\"async\" class=\"alignright wp-image-1762 size-medium\" src=\"https:\/\/www.bodytruck.cz\/wp-content\/uploads\/2025\/10\/3335FS-101-1-300x153.jpg\" alt=\"\" width=\"300\" height=\"153\" srcset=\"https:\/\/www.bodytruck.cz\/wp-content\/uploads\/2025\/10\/3335FS-101-1-300x153.jpg 300w, https:\/\/www.bodytruck.cz\/wp-content\/uploads\/2025\/10\/3335FS-101-1-1024x524.jpg 1024w, https:\/\/www.bodytruck.cz\/wp-content\/uploads\/2025\/10\/3335FS-101-1-150x77.jpg 150w, https:\/\/www.bodytruck.cz\/wp-content\/uploads\/2025\/10\/3335FS-101-1-768x393.jpg 768w, https:\/\/www.bodytruck.cz\/wp-content\/uploads\/2025\/10\/3335FS-101-1.jpg 1374w\" sizes=\"auto, (max-width: 300px) 100vw, 300px\" \/><\/p>\n<p>&nbsp;<\/p>\n<p>&nbsp;<\/p>\n<p>&nbsp;<\/p>\n<p>&nbsp;<\/p>\n<hr \/>\n<p><a href=\"http:\/\/www.bodytruck.cz\/index.php\/domu\/foodtruck\/\">Foodtruck, Streetfood<img loading=\"lazy\" decoding=\"async\" class=\"alignright wp-image-1763 size-medium\" src=\"https:\/\/www.bodytruck.cz\/wp-content\/uploads\/2025\/10\/21-300x136.jpg\" alt=\"\" width=\"300\" height=\"136\" srcset=\"https:\/\/www.bodytruck.cz\/wp-content\/uploads\/2025\/10\/21-300x136.jpg 300w, https:\/\/www.bodytruck.cz\/wp-content\/uploads\/2025\/10\/21-1024x464.jpg 1024w, https:\/\/www.bodytruck.cz\/wp-content\/uploads\/2025\/10\/21-150x68.jpg 150w, https:\/\/www.bodytruck.cz\/wp-content\/uploads\/2025\/10\/21-768x348.jpg 768w, https:\/\/www.bodytruck.cz\/wp-content\/uploads\/2025\/10\/21-1536x697.jpg 1536w, https:\/\/www.bodytruck.cz\/wp-content\/uploads\/2025\/10\/21.jpg 1837w\" sizes=\"auto, (max-width: 300px) 100vw, 300px\" \/><\/a><\/p>\n<p>&nbsp;<\/p>\n<p>&nbsp;<\/p>\n<p>&nbsp;<\/p>\n<hr \/>\n<p><a href=\"http:\/\/www.bodytruck.cz\/index.php\/domu\/gril\/\">Grilovan\u00e1 ku\u0159ata<\/a><img loading=\"lazy\" decoding=\"async\" class=\"alignright wp-image-1764 size-medium\" src=\"https:\/\/www.bodytruck.cz\/wp-content\/uploads\/2025\/10\/101-3-300x149.jpg\" alt=\"\" width=\"300\" height=\"149\" srcset=\"https:\/\/www.bodytruck.cz\/wp-content\/uploads\/2025\/10\/101-3-300x149.jpg 300w, https:\/\/www.bodytruck.cz\/wp-content\/uploads\/2025\/10\/101-3-1024x509.jpg 1024w, https:\/\/www.bodytruck.cz\/wp-content\/uploads\/2025\/10\/101-3-150x75.jpg 150w, https:\/\/www.bodytruck.cz\/wp-content\/uploads\/2025\/10\/101-3-768x382.jpg 768w, https:\/\/www.bodytruck.cz\/wp-content\/uploads\/2025\/10\/101-3.jpg 1370w\" sizes=\"auto, (max-width: 300px) 100vw, 300px\" \/><\/p>\n<p>&nbsp;<\/p>\n<p>&nbsp;<\/p>\n<p>&nbsp;<\/p>\n<hr \/>\n<p><a href=\"http:\/\/www.bodytruck.cz\/index.php\/domu\/mleko-2\/\">Ml\u00e9\u010dn\u00e9 v\u00fdrobky<\/a><a href=\"http:\/\/www.bodytruck.cz\/index.php\/domu\/mleko-2\/\"><img loading=\"lazy\" decoding=\"async\" class=\"alignright wp-image-1508 size-medium\" src=\"https:\/\/www.bodytruck.cz\/wp-content\/uploads\/2024\/09\/Mleko-300x120.jpg\" alt=\"\" width=\"300\" height=\"120\" srcset=\"https:\/\/www.bodytruck.cz\/wp-content\/uploads\/2024\/09\/Mleko-300x120.jpg 300w, https:\/\/www.bodytruck.cz\/wp-content\/uploads\/2024\/09\/Mleko-1024x409.jpg 1024w, https:\/\/www.bodytruck.cz\/wp-content\/uploads\/2024\/09\/Mleko-150x60.jpg 150w, https:\/\/www.bodytruck.cz\/wp-content\/uploads\/2024\/09\/Mleko-768x307.jpg 768w, https:\/\/www.bodytruck.cz\/wp-content\/uploads\/2024\/09\/Mleko.jpg 1503w\" sizes=\"auto, (max-width: 300px) 100vw, 300px\" \/><\/a><\/p>\n<p>&nbsp;<\/p>\n<p>&nbsp;<\/p>\n<hr \/>\n<p><a href=\"http:\/\/www.bodytruck.cz\/index.php\/domu\/delikatesy-2\/\">Delikatesy,\u00a0 speciality<\/a><a href=\"http:\/\/www.bodytruck.cz\/index.php\/domu\/delikatesy-2\/\"><img loading=\"lazy\" decoding=\"async\" class=\"alignright wp-image-263 size-medium\" src=\"http:\/\/www.bodytruck.cz\/wp-content\/uploads\/2019\/10\/delikatesy-300x160.png\" alt=\"Delikatesy\" width=\"300\" height=\"160\" \/><\/a><\/p>\n<p>&nbsp;<\/p>\n<p>&nbsp;<\/p>\n<p>&nbsp;<\/p>\n<hr \/>\n<p>&nbsp;<\/p>\n<p><a href=\"https:\/\/www.bodytruck.cz\/index.php\/domu\/ovocezelenina\/\">Ovoce a zelenina<img loading=\"lazy\" decoding=\"async\" class=\"size-medium wp-image-257 alignright\" src=\"http:\/\/www.bodytruck.cz\/wp-content\/uploads\/2019\/10\/csm_Clever-5017-OG-1_e34d3047eb-300x74.png\" alt=\"Ovoce a zelenina\" width=\"300\" height=\"74\" srcset=\"https:\/\/www.bodytruck.cz\/wp-content\/uploads\/2019\/10\/csm_Clever-5017-OG-1_e34d3047eb-300x74.png 300w, https:\/\/www.bodytruck.cz\/wp-content\/uploads\/2019\/10\/csm_Clever-5017-OG-1_e34d3047eb-150x37.png 150w, https:\/\/www.bodytruck.cz\/wp-content\/uploads\/2019\/10\/csm_Clever-5017-OG-1_e34d3047eb-768x189.png 768w, https:\/\/www.bodytruck.cz\/wp-content\/uploads\/2019\/10\/csm_Clever-5017-OG-1_e34d3047eb.png 1000w\" sizes=\"auto, (max-width: 300px) 100vw, 300px\" \/><\/a><\/p>\n<p>&nbsp;<\/p>\n<p>&nbsp;<\/p>\n<hr \/>\n<p>Poj\u00edzdn\u00e9 bankomaty<img loading=\"lazy\" decoding=\"async\" class=\"alignright wp-image-258 size-medium\" src=\"http:\/\/www.bodytruck.cz\/wp-content\/uploads\/2019\/10\/20180223_FBH_Individual_02_Mobile_Bankfiliale-300x150.png\" alt=\"Poj\u00edzdn\u00fd bankomat\" width=\"300\" height=\"150\" \/><\/p>\n<p>&nbsp;<\/p>\n<p>&nbsp;<\/p>\n<p>&nbsp;<\/p>\n<hr \/>\n<p><a href=\"http:\/\/www.bodytruck.cz\/index.php\/domu\/samoobsluhy\/\">Poj\u00edzdn\u00e9 samoobsluhy<\/a><a href=\"http:\/\/www.bodytruck.cz\/index.php\/domu\/samoobsluhy\/\"><img loading=\"lazy\" decoding=\"async\" class=\"alignright wp-image-260 size-medium\" src=\"http:\/\/www.bodytruck.cz\/wp-content\/uploads\/2019\/10\/Samoobsluha-300x165.png\" alt=\"Samoobsluha\" width=\"300\" height=\"165\" \/><\/a><\/p>\n<p>&nbsp;<\/p>\n<p>&nbsp;<\/p>\n<p>&nbsp;<\/p>\n<hr \/>\n<p>Prezenta\u010dn\u00ed vozidla, ostatn\u00ed<img loading=\"lazy\" decoding=\"async\" class=\"alignright wp-image-261 size-medium\" src=\"http:\/\/www.bodytruck.cz\/wp-content\/uploads\/2019\/10\/Prezentace-300x150.png\" alt=\"Prezentace\" width=\"300\" height=\"150\" \/><\/p>\n","protected":false},"excerpt":{"rendered":"<p>Poj\u00edzdn\u00e9 prodejny a foodtrucky BORCO-H\u00d6HNS Zde si m\u016f\u017eete prohl\u00e9dnout p\u0159ehled v\u0161ech na\u0161ich model\u016f s\u00e9riov\u011b vyr\u00e1b\u011bn\u00fdch vozidel. Abychom v\u00e1m pomohli v za\u010d\u00e1tc\u00edch podnik\u00e1n\u00ed, m\u00e1me v\u017edy skladem velk\u00e9 mno\u017estv\u00ed t\u011bchto na\u0161ich s\u00e9riov\u00fdch model\u016f. Tato okam\u017eit\u011b dostupn\u00e1 prodejn\u00ed vozidla a prodejn\u00ed p\u0159\u00edv\u011bsy naleznete na na\u0161ich webov\u00fdch str\u00e1nk\u00e1ch v sekci \u201eSkladov\u00e1 a pou\u017eit\u00e1 vozidla\u201c. &nbsp; Masn\u00e9 v\u00fdrobky &nbsp; &nbsp; &hellip; <a href=\"https:\/\/www.bodytruck.cz\/\" class=\"more-link\">Pokra\u010dov\u00e1n\u00ed textu <span class=\"screen-reader-text\">Poj\u00edzdn\u00e9 prodejny a foodtrucky<\/span><\/a><\/p>\n","protected":false},"author":1,"featured_media":0,"parent":0,"menu_order":0,"comment_status":"closed","ping_status":"closed","template":"","meta":{"footnotes":""},"class_list":["post-26","page","type-page","status-publish","hentry"],"yoast_head":"<!-- This site is optimized with the Yoast SEO plugin v27.4 - https:\/\/yoast.com\/product\/yoast-seo-wordpress\/ -->\n<title>Poj\u00edzdn\u00e9 prodejny a foodtrucky * Poj\u00edzdn\u00e9 prodejny a foodtrucky BORCO-H\u00d6HNS *<\/title>\n<meta name=\"description\" content=\"Poj\u00edzdn\u00e9 prodejny, foodtrucky, gril na ku\u0159ata, poj\u00edzdn\u00e1 prodejna Borco, poj\u00edzdn\u00e9 prodejny Bodytruck, maso uzeniny, nov\u00e9 prodejny\" \/>\n<meta name=\"robots\" content=\"index, follow, max-snippet:-1, max-image-preview:large, max-video-preview:-1\" \/>\n<link rel=\"canonical\" href=\"https:\/\/www.bodytruck.cz\/\" \/>\n<meta property=\"og:locale\" content=\"cs_CZ\" \/>\n<meta property=\"og:type\" content=\"article\" \/>\n<meta property=\"og:title\" content=\"Poj\u00edzdn\u00e9 prodejny a foodtrucky * Poj\u00edzdn\u00e9 prodejny a foodtrucky BORCO-H\u00d6HNS *\" \/>\n<meta property=\"og:description\" content=\"Poj\u00edzdn\u00e9 prodejny, foodtrucky, gril na ku\u0159ata, poj\u00edzdn\u00e1 prodejna Borco, poj\u00edzdn\u00e9 prodejny Bodytruck, maso uzeniny, nov\u00e9 prodejny\" \/>\n<meta property=\"og:url\" content=\"https:\/\/www.bodytruck.cz\/\" \/>\n<meta property=\"og:site_name\" content=\"Poj\u00edzdn\u00e9 prodejny a foodtrucky BORCO-H\u00d6HNS\" \/>\n<meta property=\"article:publisher\" content=\"https:\/\/www.facebook.com\/bodytrucksro\" \/>\n<meta property=\"article:modified_time\" content=\"2026-04-22T09:29:11+00:00\" \/>\n<meta property=\"og:image\" content=\"https:\/\/www.bodytruck.cz\/wp-content\/uploads\/2026\/04\/GrillnavesScania-1024x533.png\" \/>\n\t<meta property=\"og:image:width\" content=\"1024\" \/>\n\t<meta property=\"og:image:height\" content=\"533\" \/>\n\t<meta property=\"og:image:type\" content=\"image\/png\" \/>\n<meta name=\"twitter:card\" content=\"summary_large_image\" \/>\n<meta name=\"twitter:label1\" content=\"Odhadovan\u00e1 doba \u010dten\u00ed\" \/>\n\t<meta name=\"twitter:data1\" content=\"4 minuty\" \/>\n<script type=\"application\/ld+json\" class=\"yoast-schema-graph\">{\"@context\":\"https:\\\/\\\/schema.org\",\"@graph\":[{\"@type\":\"WebPage\",\"@id\":\"https:\\\/\\\/www.bodytruck.cz\\\/\",\"url\":\"https:\\\/\\\/www.bodytruck.cz\\\/\",\"name\":\"Poj\u00edzdn\u00e9 prodejny a foodtrucky * Poj\u00edzdn\u00e9 prodejny a foodtrucky BORCO-H\u00d6HNS *\",\"isPartOf\":{\"@id\":\"https:\\\/\\\/www.bodytruck.cz\\\/#website\"},\"primaryImageOfPage\":{\"@id\":\"https:\\\/\\\/www.bodytruck.cz\\\/#primaryimage\"},\"image\":{\"@id\":\"https:\\\/\\\/www.bodytruck.cz\\\/#primaryimage\"},\"thumbnailUrl\":\"https:\\\/\\\/www.bodytruck.cz\\\/wp-content\\\/uploads\\\/2026\\\/04\\\/GrillnavesScania-1024x533.png\",\"datePublished\":\"2019-01-13T19:05:13+00:00\",\"dateModified\":\"2026-04-22T09:29:11+00:00\",\"description\":\"Poj\u00edzdn\u00e9 prodejny, foodtrucky, gril na ku\u0159ata, poj\u00edzdn\u00e1 prodejna Borco, poj\u00edzdn\u00e9 prodejny Bodytruck, maso uzeniny, nov\u00e9 prodejny\",\"breadcrumb\":{\"@id\":\"https:\\\/\\\/www.bodytruck.cz\\\/#breadcrumb\"},\"inLanguage\":\"cs\",\"potentialAction\":[{\"@type\":\"ReadAction\",\"target\":[\"https:\\\/\\\/www.bodytruck.cz\\\/\"]}]},{\"@type\":\"ImageObject\",\"inLanguage\":\"cs\",\"@id\":\"https:\\\/\\\/www.bodytruck.cz\\\/#primaryimage\",\"url\":\"https:\\\/\\\/www.bodytruck.cz\\\/wp-content\\\/uploads\\\/2026\\\/04\\\/GrillnavesScania-scaled.png\",\"contentUrl\":\"https:\\\/\\\/www.bodytruck.cz\\\/wp-content\\\/uploads\\\/2026\\\/04\\\/GrillnavesScania-scaled.png\",\"width\":2560,\"height\":1333},{\"@type\":\"BreadcrumbList\",\"@id\":\"https:\\\/\\\/www.bodytruck.cz\\\/#breadcrumb\",\"itemListElement\":[{\"@type\":\"ListItem\",\"position\":1,\"name\":\"Dom\u016f\",\"item\":\"https:\\\/\\\/www.bodytruck.cz\\\/\"},{\"@type\":\"ListItem\",\"position\":2,\"name\":\"Poj\u00edzdn\u00e9 prodejny a foodtrucky\"}]},{\"@type\":\"WebSite\",\"@id\":\"https:\\\/\\\/www.bodytruck.cz\\\/#website\",\"url\":\"https:\\\/\\\/www.bodytruck.cz\\\/\",\"name\":\"Poj\u00edzdn\u00e9 prodejny a p\u0159\u00edv\u011bsy BORCO-H\u00d6HNS\",\"description\":\"Autorizovan\u00fd prodej a servis v \u010cesk\u00e9 republice a na Slovensku\",\"publisher\":{\"@id\":\"https:\\\/\\\/www.bodytruck.cz\\\/#organization\"},\"potentialAction\":[{\"@type\":\"SearchAction\",\"target\":{\"@type\":\"EntryPoint\",\"urlTemplate\":\"https:\\\/\\\/www.bodytruck.cz\\\/?s={search_term_string}\"},\"query-input\":{\"@type\":\"PropertyValueSpecification\",\"valueRequired\":true,\"valueName\":\"search_term_string\"}}],\"inLanguage\":\"cs\"},{\"@type\":\"Organization\",\"@id\":\"https:\\\/\\\/www.bodytruck.cz\\\/#organization\",\"name\":\"BODYTRUCK s.r.o.\",\"url\":\"https:\\\/\\\/www.bodytruck.cz\\\/\",\"logo\":{\"@type\":\"ImageObject\",\"inLanguage\":\"cs\",\"@id\":\"https:\\\/\\\/www.bodytruck.cz\\\/#\\\/schema\\\/logo\\\/image\\\/\",\"url\":\"https:\\\/\\\/www.bodytruck.cz\\\/wp-content\\\/uploads\\\/2019\\\/10\\\/cropped-LOGO_BODYTRUCK_RGB_bez-pozadi.png\",\"contentUrl\":\"https:\\\/\\\/www.bodytruck.cz\\\/wp-content\\\/uploads\\\/2019\\\/10\\\/cropped-LOGO_BODYTRUCK_RGB_bez-pozadi.png\",\"width\":248,\"height\":76,\"caption\":\"BODYTRUCK s.r.o.\"},\"image\":{\"@id\":\"https:\\\/\\\/www.bodytruck.cz\\\/#\\\/schema\\\/logo\\\/image\\\/\"},\"sameAs\":[\"https:\\\/\\\/www.facebook.com\\\/bodytrucksro\",\"https:\\\/\\\/www.instagram.com\\\/bodytruck_sro\\\/\"]}]}<\/script>\n<!-- \/ Yoast SEO plugin. -->","yoast_head_json":{"title":"Poj\u00edzdn\u00e9 prodejny a foodtrucky * Poj\u00edzdn\u00e9 prodejny a foodtrucky BORCO-H\u00d6HNS *","description":"Poj\u00edzdn\u00e9 prodejny, foodtrucky, gril na ku\u0159ata, poj\u00edzdn\u00e1 prodejna Borco, poj\u00edzdn\u00e9 prodejny Bodytruck, maso uzeniny, nov\u00e9 prodejny","robots":{"index":"index","follow":"follow","max-snippet":"max-snippet:-1","max-image-preview":"max-image-preview:large","max-video-preview":"max-video-preview:-1"},"canonical":"https:\/\/www.bodytruck.cz\/","og_locale":"cs_CZ","og_type":"article","og_title":"Poj\u00edzdn\u00e9 prodejny a foodtrucky * Poj\u00edzdn\u00e9 prodejny a foodtrucky BORCO-H\u00d6HNS *","og_description":"Poj\u00edzdn\u00e9 prodejny, foodtrucky, gril na ku\u0159ata, poj\u00edzdn\u00e1 prodejna Borco, poj\u00edzdn\u00e9 prodejny Bodytruck, maso uzeniny, nov\u00e9 prodejny","og_url":"https:\/\/www.bodytruck.cz\/","og_site_name":"Poj\u00edzdn\u00e9 prodejny a foodtrucky BORCO-H\u00d6HNS","article_publisher":"https:\/\/www.facebook.com\/bodytrucksro","article_modified_time":"2026-04-22T09:29:11+00:00","og_image":[{"width":1024,"height":533,"url":"https:\/\/www.bodytruck.cz\/wp-content\/uploads\/2026\/04\/GrillnavesScania-1024x533.png","type":"image\/png"}],"twitter_card":"summary_large_image","twitter_misc":{"Odhadovan\u00e1 doba \u010dten\u00ed":"4 minuty"},"schema":{"@context":"https:\/\/schema.org","@graph":[{"@type":"WebPage","@id":"https:\/\/www.bodytruck.cz\/","url":"https:\/\/www.bodytruck.cz\/","name":"Poj\u00edzdn\u00e9 prodejny a foodtrucky * Poj\u00edzdn\u00e9 prodejny a foodtrucky BORCO-H\u00d6HNS *","isPartOf":{"@id":"https:\/\/www.bodytruck.cz\/#website"},"primaryImageOfPage":{"@id":"https:\/\/www.bodytruck.cz\/#primaryimage"},"image":{"@id":"https:\/\/www.bodytruck.cz\/#primaryimage"},"thumbnailUrl":"https:\/\/www.bodytruck.cz\/wp-content\/uploads\/2026\/04\/GrillnavesScania-1024x533.png","datePublished":"2019-01-13T19:05:13+00:00","dateModified":"2026-04-22T09:29:11+00:00","description":"Poj\u00edzdn\u00e9 prodejny, foodtrucky, gril na ku\u0159ata, poj\u00edzdn\u00e1 prodejna Borco, poj\u00edzdn\u00e9 prodejny Bodytruck, maso uzeniny, nov\u00e9 prodejny","breadcrumb":{"@id":"https:\/\/www.bodytruck.cz\/#breadcrumb"},"inLanguage":"cs","potentialAction":[{"@type":"ReadAction","target":["https:\/\/www.bodytruck.cz\/"]}]},{"@type":"ImageObject","inLanguage":"cs","@id":"https:\/\/www.bodytruck.cz\/#primaryimage","url":"https:\/\/www.bodytruck.cz\/wp-content\/uploads\/2026\/04\/GrillnavesScania-scaled.png","contentUrl":"https:\/\/www.bodytruck.cz\/wp-content\/uploads\/2026\/04\/GrillnavesScania-scaled.png","width":2560,"height":1333},{"@type":"BreadcrumbList","@id":"https:\/\/www.bodytruck.cz\/#breadcrumb","itemListElement":[{"@type":"ListItem","position":1,"name":"Dom\u016f","item":"https:\/\/www.bodytruck.cz\/"},{"@type":"ListItem","position":2,"name":"Poj\u00edzdn\u00e9 prodejny a foodtrucky"}]},{"@type":"WebSite","@id":"https:\/\/www.bodytruck.cz\/#website","url":"https:\/\/www.bodytruck.cz\/","name":"Poj\u00edzdn\u00e9 prodejny a p\u0159\u00edv\u011bsy BORCO-H\u00d6HNS","description":"Autorizovan\u00fd prodej a servis v \u010cesk\u00e9 republice a na Slovensku","publisher":{"@id":"https:\/\/www.bodytruck.cz\/#organization"},"potentialAction":[{"@type":"SearchAction","target":{"@type":"EntryPoint","urlTemplate":"https:\/\/www.bodytruck.cz\/?s={search_term_string}"},"query-input":{"@type":"PropertyValueSpecification","valueRequired":true,"valueName":"search_term_string"}}],"inLanguage":"cs"},{"@type":"Organization","@id":"https:\/\/www.bodytruck.cz\/#organization","name":"BODYTRUCK s.r.o.","url":"https:\/\/www.bodytruck.cz\/","logo":{"@type":"ImageObject","inLanguage":"cs","@id":"https:\/\/www.bodytruck.cz\/#\/schema\/logo\/image\/","url":"https:\/\/www.bodytruck.cz\/wp-content\/uploads\/2019\/10\/cropped-LOGO_BODYTRUCK_RGB_bez-pozadi.png","contentUrl":"https:\/\/www.bodytruck.cz\/wp-content\/uploads\/2019\/10\/cropped-LOGO_BODYTRUCK_RGB_bez-pozadi.png","width":248,"height":76,"caption":"BODYTRUCK s.r.o."},"image":{"@id":"https:\/\/www.bodytruck.cz\/#\/schema\/logo\/image\/"},"sameAs":["https:\/\/www.facebook.com\/bodytrucksro","https:\/\/www.instagram.com\/bodytruck_sro\/"]}]}},"_links":{"self":[{"href":"https:\/\/www.bodytruck.cz\/index.php\/wp-json\/wp\/v2\/pages\/26","targetHints":{"allow":["GET"]}}],"collection":[{"href":"https:\/\/www.bodytruck.cz\/index.php\/wp-json\/wp\/v2\/pages"}],"about":[{"href":"https:\/\/www.bodytruck.cz\/index.php\/wp-json\/wp\/v2\/types\/page"}],"author":[{"embeddable":true,"href":"https:\/\/www.bodytruck.cz\/index.php\/wp-json\/wp\/v2\/users\/1"}],"replies":[{"embeddable":true,"href":"https:\/\/www.bodytruck.cz\/index.php\/wp-json\/wp\/v2\/comments?post=26"}],"version-history":[{"count":80,"href":"https:\/\/www.bodytruck.cz\/index.php\/wp-json\/wp\/v2\/pages\/26\/revisions"}],"predecessor-version":[{"id":1969,"href":"https:\/\/www.bodytruck.cz\/index.php\/wp-json\/wp\/v2\/pages\/26\/revisions\/1969"}],"wp:attachment":[{"href":"https:\/\/www.bodytruck.cz\/index.php\/wp-json\/wp\/v2\/media?parent=26"}],"curies":[{"name":"wp","href":"https:\/\/api.w.org\/{rel}","templated":true}]}}