{"id":214,"date":"2019-10-10T18:53:18","date_gmt":"2019-10-10T18:53:18","guid":{"rendered":"http:\/\/www.bodytruck.cz\/?page_id=214"},"modified":"2026-04-22T11:40:09","modified_gmt":"2026-04-22T11:40:09","slug":"pujcovna-pojizdnych-prodejen","status":"publish","type":"page","link":"https:\/\/www.bodytruck.cz\/index.php\/pujcovna-pojizdnych-prodejen\/","title":{"rendered":"P\u016fj\u010dovna poj\u00edzdn\u00fdch prodejen"},"content":{"rendered":"<p>P\u0159ehled vozidel :<\/p>\n<ol>\n<li>Renault Master- poj\u00edzdn\u00e1 prodejna na masn\u00e9 a ml\u00e9\u010dn\u00e9 v\u00fdrobky, d\u00e9lka 3,5 m<\/li>\n<\/ol>\n<p>&nbsp;<\/p>\n<p><img loading=\"lazy\" decoding=\"async\" class=\"aligncenter wp-image-1801 size-large\" src=\"https:\/\/www.bodytruck.cz\/wp-content\/uploads\/2026\/03\/101-3-1024x699.jpg\" alt=\"\" width=\"660\" height=\"451\" srcset=\"https:\/\/www.bodytruck.cz\/wp-content\/uploads\/2026\/03\/101-3-1024x699.jpg 1024w, https:\/\/www.bodytruck.cz\/wp-content\/uploads\/2026\/03\/101-3-300x205.jpg 300w, https:\/\/www.bodytruck.cz\/wp-content\/uploads\/2026\/03\/101-3-150x102.jpg 150w, https:\/\/www.bodytruck.cz\/wp-content\/uploads\/2026\/03\/101-3-768x525.jpg 768w, https:\/\/www.bodytruck.cz\/wp-content\/uploads\/2026\/03\/101-3.jpg 1208w\" sizes=\"auto, (max-width: 660px) 100vw, 660px\" \/><\/p>\n<p>2. Fiat Ducato &#8211; poj\u00edzdn\u00e1 prodejna na masn\u00e9 a ml\u00e9\u010dn\u00e9 v\u00fdrobky, d\u00e9lka 4 m<img loading=\"lazy\" decoding=\"async\" class=\"aligncenter wp-image-1777 size-large\" src=\"https:\/\/www.bodytruck.cz\/wp-content\/uploads\/2025\/10\/1-2-1024x683.jpg\" alt=\"\" width=\"660\" height=\"440\" srcset=\"https:\/\/www.bodytruck.cz\/wp-content\/uploads\/2025\/10\/1-2-1024x683.jpg 1024w, https:\/\/www.bodytruck.cz\/wp-content\/uploads\/2025\/10\/1-2-300x200.jpg 300w, https:\/\/www.bodytruck.cz\/wp-content\/uploads\/2025\/10\/1-2-150x100.jpg 150w, https:\/\/www.bodytruck.cz\/wp-content\/uploads\/2025\/10\/1-2-768x512.jpg 768w, https:\/\/www.bodytruck.cz\/wp-content\/uploads\/2025\/10\/1-2.jpg 1500w\" sizes=\"auto, (max-width: 660px) 100vw, 660px\" \/><\/p>\n<p>3. Fiat Ducato &#8211; poj\u00edzdn\u00e1 prodejna na chlazen\u00e9 potraviny, d\u00e9lka 4 m<\/p>\n<p>&nbsp;<\/p>\n<p><img loading=\"lazy\" decoding=\"async\" class=\"aligncenter size-large wp-image-1742\" src=\"https:\/\/www.bodytruck.cz\/wp-content\/uploads\/2025\/10\/101-2-1024x453.jpg\" alt=\"\" width=\"660\" height=\"292\" srcset=\"https:\/\/www.bodytruck.cz\/wp-content\/uploads\/2025\/10\/101-2-1024x453.jpg 1024w, https:\/\/www.bodytruck.cz\/wp-content\/uploads\/2025\/10\/101-2-300x133.jpg 300w, https:\/\/www.bodytruck.cz\/wp-content\/uploads\/2025\/10\/101-2-150x66.jpg 150w, https:\/\/www.bodytruck.cz\/wp-content\/uploads\/2025\/10\/101-2-768x340.jpg 768w, https:\/\/www.bodytruck.cz\/wp-content\/uploads\/2025\/10\/101-2.jpg 1391w\" sizes=\"auto, (max-width: 660px) 100vw, 660px\" \/><\/p>\n<p>&nbsp;<\/p>\n<p>4. Fiat Ducato &#8211; poj\u00edzdn\u00e1 prodejna na pe\u010divo, d\u00e9lka 5,8 m, 5,9 t<\/p>\n<p>&nbsp;<\/p>\n<p><img loading=\"lazy\" decoding=\"async\" class=\"aligncenter size-full wp-image-1778\" src=\"https:\/\/www.bodytruck.cz\/wp-content\/uploads\/2025\/10\/1-3.jpg\" alt=\"\" width=\"1024\" height=\"576\" srcset=\"https:\/\/www.bodytruck.cz\/wp-content\/uploads\/2025\/10\/1-3.jpg 1024w, https:\/\/www.bodytruck.cz\/wp-content\/uploads\/2025\/10\/1-3-300x169.jpg 300w, https:\/\/www.bodytruck.cz\/wp-content\/uploads\/2025\/10\/1-3-150x84.jpg 150w, https:\/\/www.bodytruck.cz\/wp-content\/uploads\/2025\/10\/1-3-768x432.jpg 768w\" sizes=\"auto, (max-width: 1024px) 100vw, 1024px\" \/><\/p>\n<p>5. Foodtruckov\u00fd p\u0159\u00edv\u011bs &#8211; rychl\u00e9 ob\u010derstven\u00ed, d\u00e9lka 4 m<\/p>\n<p>&nbsp;<\/p>\n<p><img loading=\"lazy\" decoding=\"async\" class=\"aligncenter size-large wp-image-1655\" src=\"https:\/\/www.bodytruck.cz\/wp-content\/uploads\/2025\/07\/20250724_112010-1024x577.jpg\" alt=\"\" width=\"660\" height=\"372\" srcset=\"https:\/\/www.bodytruck.cz\/wp-content\/uploads\/2025\/07\/20250724_112010-1024x577.jpg 1024w, https:\/\/www.bodytruck.cz\/wp-content\/uploads\/2025\/07\/20250724_112010-300x169.jpg 300w, https:\/\/www.bodytruck.cz\/wp-content\/uploads\/2025\/07\/20250724_112010-150x84.jpg 150w, https:\/\/www.bodytruck.cz\/wp-content\/uploads\/2025\/07\/20250724_112010-768x432.jpg 768w, https:\/\/www.bodytruck.cz\/wp-content\/uploads\/2025\/07\/20250724_112010-1536x865.jpg 1536w, https:\/\/www.bodytruck.cz\/wp-content\/uploads\/2025\/07\/20250724_112010-2048x1153.jpg 2048w\" sizes=\"auto, (max-width: 660px) 100vw, 660px\" \/><\/p>\n<p>&nbsp;<\/p>\n<p style=\"text-align: right;\"><a href=\"mailto:info@bodytruck.cz\">Bli\u017e\u0161\u00ed informace, ceny a podm\u00ednky na vy\u017e\u00e1d\u00e1n\u00ed<\/a><\/p>\n","protected":false},"excerpt":{"rendered":"<p>P\u0159ehled vozidel : Renault Master- poj\u00edzdn\u00e1 prodejna na masn\u00e9 a ml\u00e9\u010dn\u00e9 v\u00fdrobky, d\u00e9lka 3,5 m &nbsp; 2. Fiat Ducato &#8211; poj\u00edzdn\u00e1 prodejna na masn\u00e9 a ml\u00e9\u010dn\u00e9 v\u00fdrobky, d\u00e9lka 4 m 3. Fiat Ducato &#8211; poj\u00edzdn\u00e1 prodejna na chlazen\u00e9 potraviny, d\u00e9lka 4 m &nbsp; &nbsp; 4. Fiat Ducato &#8211; poj\u00edzdn\u00e1 prodejna na pe\u010divo, d\u00e9lka 5,8 m, &hellip; <a href=\"https:\/\/www.bodytruck.cz\/index.php\/pujcovna-pojizdnych-prodejen\/\" class=\"more-link\">Pokra\u010dov\u00e1n\u00ed textu <span class=\"screen-reader-text\">P\u016fj\u010dovna poj\u00edzdn\u00fdch prodejen<\/span><\/a><\/p>\n","protected":false},"author":1,"featured_media":0,"parent":0,"menu_order":0,"comment_status":"closed","ping_status":"closed","template":"","meta":{"footnotes":""},"class_list":["post-214","page","type-page","status-publish","hentry"],"yoast_head":"<!-- This site is optimized with the Yoast SEO plugin v27.4 - https:\/\/yoast.com\/product\/yoast-seo-wordpress\/ -->\n<title>P\u016fj\u010dovna poj\u00edzdn\u00fdch prodejen * Poj\u00edzdn\u00e9 prodejny a foodtrucky BORCO-H\u00d6HNS<\/title>\n<meta name=\"description\" content=\"Poj\u00edzdn\u00e9 prodejny, pron\u00e1jem poj\u00edzdn\u00e9 prodejny, p\u016fj\u010dovna poj\u00edzdn\u00fdch prodejen, p\u016fj\u010dovna foodtruck, rychl\u00e9 ob\u010derstven\u00ed k pron\u00e1jmu\" \/>\n<meta name=\"robots\" content=\"index, follow, max-snippet:-1, max-image-preview:large, max-video-preview:-1\" \/>\n<link rel=\"canonical\" href=\"https:\/\/www.bodytruck.cz\/index.php\/pujcovna-pojizdnych-prodejen\/\" \/>\n<meta property=\"og:locale\" content=\"cs_CZ\" \/>\n<meta property=\"og:type\" content=\"article\" \/>\n<meta property=\"og:title\" content=\"P\u016fj\u010dovna poj\u00edzdn\u00fdch prodejen * Poj\u00edzdn\u00e9 prodejny a foodtrucky BORCO-H\u00d6HNS\" \/>\n<meta property=\"og:description\" content=\"Poj\u00edzdn\u00e9 prodejny, pron\u00e1jem poj\u00edzdn\u00e9 prodejny, p\u016fj\u010dovna poj\u00edzdn\u00fdch prodejen, p\u016fj\u010dovna foodtruck, rychl\u00e9 ob\u010derstven\u00ed k pron\u00e1jmu\" \/>\n<meta property=\"og:url\" content=\"https:\/\/www.bodytruck.cz\/index.php\/pujcovna-pojizdnych-prodejen\/\" \/>\n<meta property=\"og:site_name\" content=\"Poj\u00edzdn\u00e9 prodejny a foodtrucky BORCO-H\u00d6HNS\" \/>\n<meta property=\"article:publisher\" content=\"https:\/\/www.facebook.com\/bodytrucksro\" \/>\n<meta property=\"article:modified_time\" content=\"2026-04-22T11:40:09+00:00\" \/>\n<meta property=\"og:image\" content=\"https:\/\/www.bodytruck.cz\/wp-content\/uploads\/2026\/03\/101-3.jpg\" \/>\n\t<meta property=\"og:image:width\" content=\"1208\" \/>\n\t<meta property=\"og:image:height\" content=\"825\" \/>\n\t<meta property=\"og:image:type\" content=\"image\/jpeg\" \/>\n<meta name=\"twitter:card\" content=\"summary_large_image\" \/>\n<meta name=\"twitter:label1\" content=\"Odhadovan\u00e1 doba \u010dten\u00ed\" \/>\n\t<meta name=\"twitter:data1\" content=\"2 minuty\" \/>\n<script type=\"application\/ld+json\" class=\"yoast-schema-graph\">{\"@context\":\"https:\\\/\\\/schema.org\",\"@graph\":[{\"@type\":\"WebPage\",\"@id\":\"https:\\\/\\\/www.bodytruck.cz\\\/index.php\\\/pujcovna-pojizdnych-prodejen\\\/\",\"url\":\"https:\\\/\\\/www.bodytruck.cz\\\/index.php\\\/pujcovna-pojizdnych-prodejen\\\/\",\"name\":\"P\u016fj\u010dovna poj\u00edzdn\u00fdch prodejen * Poj\u00edzdn\u00e9 prodejny a foodtrucky BORCO-H\u00d6HNS\",\"isPartOf\":{\"@id\":\"https:\\\/\\\/www.bodytruck.cz\\\/#website\"},\"primaryImageOfPage\":{\"@id\":\"https:\\\/\\\/www.bodytruck.cz\\\/index.php\\\/pujcovna-pojizdnych-prodejen\\\/#primaryimage\"},\"image\":{\"@id\":\"https:\\\/\\\/www.bodytruck.cz\\\/index.php\\\/pujcovna-pojizdnych-prodejen\\\/#primaryimage\"},\"thumbnailUrl\":\"https:\\\/\\\/www.bodytruck.cz\\\/wp-content\\\/uploads\\\/2026\\\/03\\\/101-3-1024x699.jpg\",\"datePublished\":\"2019-10-10T18:53:18+00:00\",\"dateModified\":\"2026-04-22T11:40:09+00:00\",\"description\":\"Poj\u00edzdn\u00e9 prodejny, pron\u00e1jem poj\u00edzdn\u00e9 prodejny, p\u016fj\u010dovna poj\u00edzdn\u00fdch prodejen, p\u016fj\u010dovna foodtruck, rychl\u00e9 ob\u010derstven\u00ed k pron\u00e1jmu\",\"breadcrumb\":{\"@id\":\"https:\\\/\\\/www.bodytruck.cz\\\/index.php\\\/pujcovna-pojizdnych-prodejen\\\/#breadcrumb\"},\"inLanguage\":\"cs\",\"potentialAction\":[{\"@type\":\"ReadAction\",\"target\":[\"https:\\\/\\\/www.bodytruck.cz\\\/index.php\\\/pujcovna-pojizdnych-prodejen\\\/\"]}]},{\"@type\":\"ImageObject\",\"inLanguage\":\"cs\",\"@id\":\"https:\\\/\\\/www.bodytruck.cz\\\/index.php\\\/pujcovna-pojizdnych-prodejen\\\/#primaryimage\",\"url\":\"https:\\\/\\\/www.bodytruck.cz\\\/wp-content\\\/uploads\\\/2026\\\/03\\\/101-3.jpg\",\"contentUrl\":\"https:\\\/\\\/www.bodytruck.cz\\\/wp-content\\\/uploads\\\/2026\\\/03\\\/101-3.jpg\",\"width\":1208,\"height\":825},{\"@type\":\"BreadcrumbList\",\"@id\":\"https:\\\/\\\/www.bodytruck.cz\\\/index.php\\\/pujcovna-pojizdnych-prodejen\\\/#breadcrumb\",\"itemListElement\":[{\"@type\":\"ListItem\",\"position\":1,\"name\":\"Dom\u016f\",\"item\":\"https:\\\/\\\/www.bodytruck.cz\\\/\"},{\"@type\":\"ListItem\",\"position\":2,\"name\":\"P\u016fj\u010dovna poj\u00edzdn\u00fdch prodejen\"}]},{\"@type\":\"WebSite\",\"@id\":\"https:\\\/\\\/www.bodytruck.cz\\\/#website\",\"url\":\"https:\\\/\\\/www.bodytruck.cz\\\/\",\"name\":\"Poj\u00edzdn\u00e9 prodejny a p\u0159\u00edv\u011bsy BORCO-H\u00d6HNS\",\"description\":\"Autorizovan\u00fd prodej a servis v \u010cesk\u00e9 republice a na Slovensku\",\"publisher\":{\"@id\":\"https:\\\/\\\/www.bodytruck.cz\\\/#organization\"},\"potentialAction\":[{\"@type\":\"SearchAction\",\"target\":{\"@type\":\"EntryPoint\",\"urlTemplate\":\"https:\\\/\\\/www.bodytruck.cz\\\/?s={search_term_string}\"},\"query-input\":{\"@type\":\"PropertyValueSpecification\",\"valueRequired\":true,\"valueName\":\"search_term_string\"}}],\"inLanguage\":\"cs\"},{\"@type\":\"Organization\",\"@id\":\"https:\\\/\\\/www.bodytruck.cz\\\/#organization\",\"name\":\"BODYTRUCK s.r.o.\",\"url\":\"https:\\\/\\\/www.bodytruck.cz\\\/\",\"logo\":{\"@type\":\"ImageObject\",\"inLanguage\":\"cs\",\"@id\":\"https:\\\/\\\/www.bodytruck.cz\\\/#\\\/schema\\\/logo\\\/image\\\/\",\"url\":\"https:\\\/\\\/www.bodytruck.cz\\\/wp-content\\\/uploads\\\/2019\\\/10\\\/cropped-LOGO_BODYTRUCK_RGB_bez-pozadi.png\",\"contentUrl\":\"https:\\\/\\\/www.bodytruck.cz\\\/wp-content\\\/uploads\\\/2019\\\/10\\\/cropped-LOGO_BODYTRUCK_RGB_bez-pozadi.png\",\"width\":248,\"height\":76,\"caption\":\"BODYTRUCK s.r.o.\"},\"image\":{\"@id\":\"https:\\\/\\\/www.bodytruck.cz\\\/#\\\/schema\\\/logo\\\/image\\\/\"},\"sameAs\":[\"https:\\\/\\\/www.facebook.com\\\/bodytrucksro\",\"https:\\\/\\\/www.instagram.com\\\/bodytruck_sro\\\/\"]}]}<\/script>\n<!-- \/ Yoast SEO plugin. -->","yoast_head_json":{"title":"P\u016fj\u010dovna poj\u00edzdn\u00fdch prodejen * Poj\u00edzdn\u00e9 prodejny a foodtrucky BORCO-H\u00d6HNS","description":"Poj\u00edzdn\u00e9 prodejny, pron\u00e1jem poj\u00edzdn\u00e9 prodejny, p\u016fj\u010dovna poj\u00edzdn\u00fdch prodejen, p\u016fj\u010dovna foodtruck, rychl\u00e9 ob\u010derstven\u00ed k pron\u00e1jmu","robots":{"index":"index","follow":"follow","max-snippet":"max-snippet:-1","max-image-preview":"max-image-preview:large","max-video-preview":"max-video-preview:-1"},"canonical":"https:\/\/www.bodytruck.cz\/index.php\/pujcovna-pojizdnych-prodejen\/","og_locale":"cs_CZ","og_type":"article","og_title":"P\u016fj\u010dovna poj\u00edzdn\u00fdch prodejen * Poj\u00edzdn\u00e9 prodejny a foodtrucky BORCO-H\u00d6HNS","og_description":"Poj\u00edzdn\u00e9 prodejny, pron\u00e1jem poj\u00edzdn\u00e9 prodejny, p\u016fj\u010dovna poj\u00edzdn\u00fdch prodejen, p\u016fj\u010dovna foodtruck, rychl\u00e9 ob\u010derstven\u00ed k pron\u00e1jmu","og_url":"https:\/\/www.bodytruck.cz\/index.php\/pujcovna-pojizdnych-prodejen\/","og_site_name":"Poj\u00edzdn\u00e9 prodejny a foodtrucky BORCO-H\u00d6HNS","article_publisher":"https:\/\/www.facebook.com\/bodytrucksro","article_modified_time":"2026-04-22T11:40:09+00:00","og_image":[{"width":1208,"height":825,"url":"https:\/\/www.bodytruck.cz\/wp-content\/uploads\/2026\/03\/101-3.jpg","type":"image\/jpeg"}],"twitter_card":"summary_large_image","twitter_misc":{"Odhadovan\u00e1 doba \u010dten\u00ed":"2 minuty"},"schema":{"@context":"https:\/\/schema.org","@graph":[{"@type":"WebPage","@id":"https:\/\/www.bodytruck.cz\/index.php\/pujcovna-pojizdnych-prodejen\/","url":"https:\/\/www.bodytruck.cz\/index.php\/pujcovna-pojizdnych-prodejen\/","name":"P\u016fj\u010dovna poj\u00edzdn\u00fdch prodejen * Poj\u00edzdn\u00e9 prodejny a foodtrucky BORCO-H\u00d6HNS","isPartOf":{"@id":"https:\/\/www.bodytruck.cz\/#website"},"primaryImageOfPage":{"@id":"https:\/\/www.bodytruck.cz\/index.php\/pujcovna-pojizdnych-prodejen\/#primaryimage"},"image":{"@id":"https:\/\/www.bodytruck.cz\/index.php\/pujcovna-pojizdnych-prodejen\/#primaryimage"},"thumbnailUrl":"https:\/\/www.bodytruck.cz\/wp-content\/uploads\/2026\/03\/101-3-1024x699.jpg","datePublished":"2019-10-10T18:53:18+00:00","dateModified":"2026-04-22T11:40:09+00:00","description":"Poj\u00edzdn\u00e9 prodejny, pron\u00e1jem poj\u00edzdn\u00e9 prodejny, p\u016fj\u010dovna poj\u00edzdn\u00fdch prodejen, p\u016fj\u010dovna foodtruck, rychl\u00e9 ob\u010derstven\u00ed k pron\u00e1jmu","breadcrumb":{"@id":"https:\/\/www.bodytruck.cz\/index.php\/pujcovna-pojizdnych-prodejen\/#breadcrumb"},"inLanguage":"cs","potentialAction":[{"@type":"ReadAction","target":["https:\/\/www.bodytruck.cz\/index.php\/pujcovna-pojizdnych-prodejen\/"]}]},{"@type":"ImageObject","inLanguage":"cs","@id":"https:\/\/www.bodytruck.cz\/index.php\/pujcovna-pojizdnych-prodejen\/#primaryimage","url":"https:\/\/www.bodytruck.cz\/wp-content\/uploads\/2026\/03\/101-3.jpg","contentUrl":"https:\/\/www.bodytruck.cz\/wp-content\/uploads\/2026\/03\/101-3.jpg","width":1208,"height":825},{"@type":"BreadcrumbList","@id":"https:\/\/www.bodytruck.cz\/index.php\/pujcovna-pojizdnych-prodejen\/#breadcrumb","itemListElement":[{"@type":"ListItem","position":1,"name":"Dom\u016f","item":"https:\/\/www.bodytruck.cz\/"},{"@type":"ListItem","position":2,"name":"P\u016fj\u010dovna poj\u00edzdn\u00fdch prodejen"}]},{"@type":"WebSite","@id":"https:\/\/www.bodytruck.cz\/#website","url":"https:\/\/www.bodytruck.cz\/","name":"Poj\u00edzdn\u00e9 prodejny a p\u0159\u00edv\u011bsy BORCO-H\u00d6HNS","description":"Autorizovan\u00fd prodej a servis v \u010cesk\u00e9 republice a na Slovensku","publisher":{"@id":"https:\/\/www.bodytruck.cz\/#organization"},"potentialAction":[{"@type":"SearchAction","target":{"@type":"EntryPoint","urlTemplate":"https:\/\/www.bodytruck.cz\/?s={search_term_string}"},"query-input":{"@type":"PropertyValueSpecification","valueRequired":true,"valueName":"search_term_string"}}],"inLanguage":"cs"},{"@type":"Organization","@id":"https:\/\/www.bodytruck.cz\/#organization","name":"BODYTRUCK s.r.o.","url":"https:\/\/www.bodytruck.cz\/","logo":{"@type":"ImageObject","inLanguage":"cs","@id":"https:\/\/www.bodytruck.cz\/#\/schema\/logo\/image\/","url":"https:\/\/www.bodytruck.cz\/wp-content\/uploads\/2019\/10\/cropped-LOGO_BODYTRUCK_RGB_bez-pozadi.png","contentUrl":"https:\/\/www.bodytruck.cz\/wp-content\/uploads\/2019\/10\/cropped-LOGO_BODYTRUCK_RGB_bez-pozadi.png","width":248,"height":76,"caption":"BODYTRUCK s.r.o."},"image":{"@id":"https:\/\/www.bodytruck.cz\/#\/schema\/logo\/image\/"},"sameAs":["https:\/\/www.facebook.com\/bodytrucksro","https:\/\/www.instagram.com\/bodytruck_sro\/"]}]}},"_links":{"self":[{"href":"https:\/\/www.bodytruck.cz\/index.php\/wp-json\/wp\/v2\/pages\/214","targetHints":{"allow":["GET"]}}],"collection":[{"href":"https:\/\/www.bodytruck.cz\/index.php\/wp-json\/wp\/v2\/pages"}],"about":[{"href":"https:\/\/www.bodytruck.cz\/index.php\/wp-json\/wp\/v2\/types\/page"}],"author":[{"embeddable":true,"href":"https:\/\/www.bodytruck.cz\/index.php\/wp-json\/wp\/v2\/users\/1"}],"replies":[{"embeddable":true,"href":"https:\/\/www.bodytruck.cz\/index.php\/wp-json\/wp\/v2\/comments?post=214"}],"version-history":[{"count":20,"href":"https:\/\/www.bodytruck.cz\/index.php\/wp-json\/wp\/v2\/pages\/214\/revisions"}],"predecessor-version":[{"id":2073,"href":"https:\/\/www.bodytruck.cz\/index.php\/wp-json\/wp\/v2\/pages\/214\/revisions\/2073"}],"wp:attachment":[{"href":"https:\/\/www.bodytruck.cz\/index.php\/wp-json\/wp\/v2\/media?parent=214"}],"curies":[{"name":"wp","href":"https:\/\/api.w.org\/{rel}","templated":true}]}}