{"id":1531,"date":"2024-09-30T08:02:47","date_gmt":"2024-09-30T08:02:47","guid":{"rendered":"https:\/\/www.bodytruck.cz\/?page_id=1531"},"modified":"2026-04-17T10:17:47","modified_gmt":"2026-04-17T10:17:47","slug":"66158-2","status":"publish","type":"page","link":"https:\/\/www.bodytruck.cz\/index.php\/66158-2\/","title":{"rendered":"Foodtruck Fiat Ducato"},"content":{"rendered":"<div>\n<div style=\"text-align: center;\">\n<div><\/div>\n<\/div>\n<\/div>\n<div><\/div>\n<div class=\"p-uw-item__first-line\"><span class=\"c-price p-uw-item__price\"><span class=\"c-price__title\">Cena:\u00a0<b>Na vy\u017e\u00e1d\u00e1n\u00ed<\/b><\/span><\/span><\/div>\n<p>&nbsp;<\/p>\n<p>Podvozek : Fiat Ducato<\/p>\n<ul>\n<li><span style=\"font-size: 15px;\">uveden\u00ed do provozu 12\/2025, najeto 800 km,\u00a0<\/span><\/li>\n<li><span style=\"font-size: 15px;\">motor 103 kW, EURO 6<\/span><\/li>\n<li><span style=\"font-size: 15px;\">celkov\u00e1 hmotnost 3,5t<\/span><\/li>\n<li><span style=\"font-size: 15px;\">u\u017eite\u010dn\u00e9 zat\u00ed\u017een\u00ed 450 kg<\/span><\/li>\n<li><span style=\"font-size: 15px;\">vnit\u0159n\u00ed rozm\u011bry (d x \u0161 x v) 3990 x 2400 x 2300<\/span><\/li>\n<li><span style=\"font-size: 15px;\">v\u00fd\u0161ka podlahy od zem\u011b cca 42 cm<\/span><\/li>\n<li><span style=\"font-size: 15px;\">couvac\u00ed kamera<\/span><\/li>\n<li><span style=\"font-size: 15px;\">sn\u00ed\u017een\u00fd zinkovan\u00fd r\u00e1m BORCO-HOHNS<\/span><\/li>\n<\/ul>\n<p>Z\u00e1kladn\u00ed v\u00fdbava :<\/p>\n<ul>\n<li><span style=\"font-size: 15px;\">Plynov\u00fd gril Ubert deskov\u00fd\/ro\u0161tov\u00fd<\/span><\/li>\n<li><span style=\"font-size: 15px;\">plynov\u00e1 dvojfrit\u00e9za UBERT<\/span><\/li>\n<li><span style=\"font-size: 15px;\">plynov\u00e1 oh\u0159evn\u00e1 l\u00e1ze\u0148<\/span><\/li>\n<li><span style=\"font-size: 15px;\">lednice Liebherr s prosklen\u00fdmi dve\u0159mi<\/span><\/li>\n<li><span style=\"font-size: 15px;\">Lednice Liebherr pod pracovn\u00ed plochou<\/span><\/li>\n<li><span style=\"font-size: 15px;\">schr\u00e1nka na PB lahve, rozvod plynu<\/span><\/li>\n<li><span style=\"font-size: 15px;\">hygienick\u00e9 z\u00e1zem\u00ed<\/span><\/li>\n<\/ul>\n<p style=\"text-align: center;\"><a href=\"mailto:info@bodytruck.cz?subject=\u017d\u00e1dost%20o%20informace%20k%20vozidlu%2066158\">V\u00cdCE INFORMAC\u00cd<\/a><\/p>\n<div class=\"yrm-btn-wrapper yrm-btn-wrapper-3 yrm-more-button-wrapper \" style=\"text-align: center;\" data-custom-more-class-name=\"\" data-custom-less-class-name=\"\"><a href=\"https:\/\/www.bodytruck.cz\/index.php\/pouzite-prodejny\/\"><span class=\"yrm-toggle-expand yrm-toggle-expand-3 \" title=\"\" data-less-title=\"\" data-more-title=\"\" data-rel=\"yrm-rGVjT\" data-more=\"Vr\u00e1tit zp\u011bt\" data-less=\"Vr\u00e1tit zp\u011bt\"><span class=\"yrm-text-wrapper yrm-text-wrapper-custom-dimensions\"><span class=\"yrm-button-text-3 yrm-button-text-span\">Vr\u00e1tit zp\u011bt<\/span><\/span><\/span><\/a><\/div>\n","protected":false},"excerpt":{"rendered":"<p>Cena:\u00a0Na vy\u017e\u00e1d\u00e1n\u00ed &nbsp; Podvozek : Fiat Ducato uveden\u00ed do provozu 12\/2025, najeto 800 km,\u00a0 motor 103 kW, EURO 6 celkov\u00e1 hmotnost 3,5t u\u017eite\u010dn\u00e9 zat\u00ed\u017een\u00ed 450 kg vnit\u0159n\u00ed rozm\u011bry (d x \u0161 x v) 3990 x 2400 x 2300 v\u00fd\u0161ka podlahy od zem\u011b cca 42 cm couvac\u00ed kamera sn\u00ed\u017een\u00fd zinkovan\u00fd r\u00e1m BORCO-HOHNS Z\u00e1kladn\u00ed v\u00fdbava : Plynov\u00fd &hellip; <a href=\"https:\/\/www.bodytruck.cz\/index.php\/66158-2\/\" class=\"more-link\">Pokra\u010dov\u00e1n\u00ed textu <span class=\"screen-reader-text\">Foodtruck Fiat Ducato<\/span><\/a><\/p>\n","protected":false},"author":1,"featured_media":0,"parent":0,"menu_order":0,"comment_status":"closed","ping_status":"closed","template":"","meta":{"footnotes":""},"class_list":["post-1531","page","type-page","status-publish","hentry"],"yoast_head":"<!-- This site is optimized with the Yoast SEO plugin v27.4 - https:\/\/yoast.com\/product\/yoast-seo-wordpress\/ -->\n<title>Foodtruck Fiat Ducato * Poj\u00edzdn\u00e9 prodejny a foodtrucky BORCO-H\u00d6HNS<\/title>\n<meta name=\"description\" content=\"Poj\u00edzdn\u00e9 prodejny, Foodtrucky, streetfood, Poj\u00edzdn\u00e1 prodejna Borco, Poj\u00edzdn\u00e1 prodejna Bodytruck, rychl\u00e9 ob\u010derstven\u00ed, snack, imbis\" \/>\n<meta name=\"robots\" content=\"index, follow, max-snippet:-1, max-image-preview:large, max-video-preview:-1\" \/>\n<link rel=\"canonical\" href=\"https:\/\/www.bodytruck.cz\/index.php\/66158-2\/\" \/>\n<meta property=\"og:locale\" content=\"cs_CZ\" \/>\n<meta property=\"og:type\" content=\"article\" \/>\n<meta property=\"og:title\" content=\"Foodtruck Fiat Ducato * Poj\u00edzdn\u00e9 prodejny a foodtrucky BORCO-H\u00d6HNS\" \/>\n<meta property=\"og:description\" content=\"Poj\u00edzdn\u00e9 prodejny, Foodtrucky, streetfood, Poj\u00edzdn\u00e1 prodejna Borco, Poj\u00edzdn\u00e1 prodejna Bodytruck, rychl\u00e9 ob\u010derstven\u00ed, snack, imbis\" \/>\n<meta property=\"og:url\" content=\"https:\/\/www.bodytruck.cz\/index.php\/66158-2\/\" \/>\n<meta property=\"og:site_name\" content=\"Poj\u00edzdn\u00e9 prodejny a foodtrucky BORCO-H\u00d6HNS\" \/>\n<meta property=\"article:publisher\" content=\"https:\/\/www.facebook.com\/bodytrucksro\" \/>\n<meta property=\"article:modified_time\" content=\"2026-04-17T10:17:47+00:00\" \/>\n<meta name=\"twitter:card\" content=\"summary_large_image\" \/>\n<meta name=\"twitter:label1\" content=\"Odhadovan\u00e1 doba \u010dten\u00ed\" \/>\n\t<meta name=\"twitter:data1\" content=\"1 minuta\" \/>\n<script type=\"application\/ld+json\" class=\"yoast-schema-graph\">{\"@context\":\"https:\\\/\\\/schema.org\",\"@graph\":[{\"@type\":\"WebPage\",\"@id\":\"https:\\\/\\\/www.bodytruck.cz\\\/index.php\\\/66158-2\\\/\",\"url\":\"https:\\\/\\\/www.bodytruck.cz\\\/index.php\\\/66158-2\\\/\",\"name\":\"Foodtruck Fiat Ducato * Poj\u00edzdn\u00e9 prodejny a foodtrucky BORCO-H\u00d6HNS\",\"isPartOf\":{\"@id\":\"https:\\\/\\\/www.bodytruck.cz\\\/#website\"},\"datePublished\":\"2024-09-30T08:02:47+00:00\",\"dateModified\":\"2026-04-17T10:17:47+00:00\",\"description\":\"Poj\u00edzdn\u00e9 prodejny, Foodtrucky, streetfood, Poj\u00edzdn\u00e1 prodejna Borco, Poj\u00edzdn\u00e1 prodejna Bodytruck, rychl\u00e9 ob\u010derstven\u00ed, snack, imbis\",\"breadcrumb\":{\"@id\":\"https:\\\/\\\/www.bodytruck.cz\\\/index.php\\\/66158-2\\\/#breadcrumb\"},\"inLanguage\":\"cs\",\"potentialAction\":[{\"@type\":\"ReadAction\",\"target\":[\"https:\\\/\\\/www.bodytruck.cz\\\/index.php\\\/66158-2\\\/\"]}]},{\"@type\":\"BreadcrumbList\",\"@id\":\"https:\\\/\\\/www.bodytruck.cz\\\/index.php\\\/66158-2\\\/#breadcrumb\",\"itemListElement\":[{\"@type\":\"ListItem\",\"position\":1,\"name\":\"Dom\u016f\",\"item\":\"https:\\\/\\\/www.bodytruck.cz\\\/\"},{\"@type\":\"ListItem\",\"position\":2,\"name\":\"Foodtruck Fiat Ducato\"}]},{\"@type\":\"WebSite\",\"@id\":\"https:\\\/\\\/www.bodytruck.cz\\\/#website\",\"url\":\"https:\\\/\\\/www.bodytruck.cz\\\/\",\"name\":\"Poj\u00edzdn\u00e9 prodejny a p\u0159\u00edv\u011bsy BORCO-H\u00d6HNS\",\"description\":\"Autorizovan\u00fd prodej a servis v \u010cesk\u00e9 republice a na Slovensku\",\"publisher\":{\"@id\":\"https:\\\/\\\/www.bodytruck.cz\\\/#organization\"},\"potentialAction\":[{\"@type\":\"SearchAction\",\"target\":{\"@type\":\"EntryPoint\",\"urlTemplate\":\"https:\\\/\\\/www.bodytruck.cz\\\/?s={search_term_string}\"},\"query-input\":{\"@type\":\"PropertyValueSpecification\",\"valueRequired\":true,\"valueName\":\"search_term_string\"}}],\"inLanguage\":\"cs\"},{\"@type\":\"Organization\",\"@id\":\"https:\\\/\\\/www.bodytruck.cz\\\/#organization\",\"name\":\"BODYTRUCK s.r.o.\",\"url\":\"https:\\\/\\\/www.bodytruck.cz\\\/\",\"logo\":{\"@type\":\"ImageObject\",\"inLanguage\":\"cs\",\"@id\":\"https:\\\/\\\/www.bodytruck.cz\\\/#\\\/schema\\\/logo\\\/image\\\/\",\"url\":\"https:\\\/\\\/www.bodytruck.cz\\\/wp-content\\\/uploads\\\/2019\\\/10\\\/cropped-LOGO_BODYTRUCK_RGB_bez-pozadi.png\",\"contentUrl\":\"https:\\\/\\\/www.bodytruck.cz\\\/wp-content\\\/uploads\\\/2019\\\/10\\\/cropped-LOGO_BODYTRUCK_RGB_bez-pozadi.png\",\"width\":248,\"height\":76,\"caption\":\"BODYTRUCK s.r.o.\"},\"image\":{\"@id\":\"https:\\\/\\\/www.bodytruck.cz\\\/#\\\/schema\\\/logo\\\/image\\\/\"},\"sameAs\":[\"https:\\\/\\\/www.facebook.com\\\/bodytrucksro\",\"https:\\\/\\\/www.instagram.com\\\/bodytruck_sro\\\/\"]}]}<\/script>\n<!-- \/ Yoast SEO plugin. -->","yoast_head_json":{"title":"Foodtruck Fiat Ducato * Poj\u00edzdn\u00e9 prodejny a foodtrucky BORCO-H\u00d6HNS","description":"Poj\u00edzdn\u00e9 prodejny, Foodtrucky, streetfood, Poj\u00edzdn\u00e1 prodejna Borco, Poj\u00edzdn\u00e1 prodejna Bodytruck, rychl\u00e9 ob\u010derstven\u00ed, snack, imbis","robots":{"index":"index","follow":"follow","max-snippet":"max-snippet:-1","max-image-preview":"max-image-preview:large","max-video-preview":"max-video-preview:-1"},"canonical":"https:\/\/www.bodytruck.cz\/index.php\/66158-2\/","og_locale":"cs_CZ","og_type":"article","og_title":"Foodtruck Fiat Ducato * Poj\u00edzdn\u00e9 prodejny a foodtrucky BORCO-H\u00d6HNS","og_description":"Poj\u00edzdn\u00e9 prodejny, Foodtrucky, streetfood, Poj\u00edzdn\u00e1 prodejna Borco, Poj\u00edzdn\u00e1 prodejna Bodytruck, rychl\u00e9 ob\u010derstven\u00ed, snack, imbis","og_url":"https:\/\/www.bodytruck.cz\/index.php\/66158-2\/","og_site_name":"Poj\u00edzdn\u00e9 prodejny a foodtrucky BORCO-H\u00d6HNS","article_publisher":"https:\/\/www.facebook.com\/bodytrucksro","article_modified_time":"2026-04-17T10:17:47+00:00","twitter_card":"summary_large_image","twitter_misc":{"Odhadovan\u00e1 doba \u010dten\u00ed":"1 minuta"},"schema":{"@context":"https:\/\/schema.org","@graph":[{"@type":"WebPage","@id":"https:\/\/www.bodytruck.cz\/index.php\/66158-2\/","url":"https:\/\/www.bodytruck.cz\/index.php\/66158-2\/","name":"Foodtruck Fiat Ducato * Poj\u00edzdn\u00e9 prodejny a foodtrucky BORCO-H\u00d6HNS","isPartOf":{"@id":"https:\/\/www.bodytruck.cz\/#website"},"datePublished":"2024-09-30T08:02:47+00:00","dateModified":"2026-04-17T10:17:47+00:00","description":"Poj\u00edzdn\u00e9 prodejny, Foodtrucky, streetfood, Poj\u00edzdn\u00e1 prodejna Borco, Poj\u00edzdn\u00e1 prodejna Bodytruck, rychl\u00e9 ob\u010derstven\u00ed, snack, imbis","breadcrumb":{"@id":"https:\/\/www.bodytruck.cz\/index.php\/66158-2\/#breadcrumb"},"inLanguage":"cs","potentialAction":[{"@type":"ReadAction","target":["https:\/\/www.bodytruck.cz\/index.php\/66158-2\/"]}]},{"@type":"BreadcrumbList","@id":"https:\/\/www.bodytruck.cz\/index.php\/66158-2\/#breadcrumb","itemListElement":[{"@type":"ListItem","position":1,"name":"Dom\u016f","item":"https:\/\/www.bodytruck.cz\/"},{"@type":"ListItem","position":2,"name":"Foodtruck Fiat Ducato"}]},{"@type":"WebSite","@id":"https:\/\/www.bodytruck.cz\/#website","url":"https:\/\/www.bodytruck.cz\/","name":"Poj\u00edzdn\u00e9 prodejny a p\u0159\u00edv\u011bsy BORCO-H\u00d6HNS","description":"Autorizovan\u00fd prodej a servis v \u010cesk\u00e9 republice a na Slovensku","publisher":{"@id":"https:\/\/www.bodytruck.cz\/#organization"},"potentialAction":[{"@type":"SearchAction","target":{"@type":"EntryPoint","urlTemplate":"https:\/\/www.bodytruck.cz\/?s={search_term_string}"},"query-input":{"@type":"PropertyValueSpecification","valueRequired":true,"valueName":"search_term_string"}}],"inLanguage":"cs"},{"@type":"Organization","@id":"https:\/\/www.bodytruck.cz\/#organization","name":"BODYTRUCK s.r.o.","url":"https:\/\/www.bodytruck.cz\/","logo":{"@type":"ImageObject","inLanguage":"cs","@id":"https:\/\/www.bodytruck.cz\/#\/schema\/logo\/image\/","url":"https:\/\/www.bodytruck.cz\/wp-content\/uploads\/2019\/10\/cropped-LOGO_BODYTRUCK_RGB_bez-pozadi.png","contentUrl":"https:\/\/www.bodytruck.cz\/wp-content\/uploads\/2019\/10\/cropped-LOGO_BODYTRUCK_RGB_bez-pozadi.png","width":248,"height":76,"caption":"BODYTRUCK s.r.o."},"image":{"@id":"https:\/\/www.bodytruck.cz\/#\/schema\/logo\/image\/"},"sameAs":["https:\/\/www.facebook.com\/bodytrucksro","https:\/\/www.instagram.com\/bodytruck_sro\/"]}]}},"_links":{"self":[{"href":"https:\/\/www.bodytruck.cz\/index.php\/wp-json\/wp\/v2\/pages\/1531","targetHints":{"allow":["GET"]}}],"collection":[{"href":"https:\/\/www.bodytruck.cz\/index.php\/wp-json\/wp\/v2\/pages"}],"about":[{"href":"https:\/\/www.bodytruck.cz\/index.php\/wp-json\/wp\/v2\/types\/page"}],"author":[{"embeddable":true,"href":"https:\/\/www.bodytruck.cz\/index.php\/wp-json\/wp\/v2\/users\/1"}],"replies":[{"embeddable":true,"href":"https:\/\/www.bodytruck.cz\/index.php\/wp-json\/wp\/v2\/comments?post=1531"}],"version-history":[{"count":5,"href":"https:\/\/www.bodytruck.cz\/index.php\/wp-json\/wp\/v2\/pages\/1531\/revisions"}],"predecessor-version":[{"id":1922,"href":"https:\/\/www.bodytruck.cz\/index.php\/wp-json\/wp\/v2\/pages\/1531\/revisions\/1922"}],"wp:attachment":[{"href":"https:\/\/www.bodytruck.cz\/index.php\/wp-json\/wp\/v2\/media?parent=1531"}],"curies":[{"name":"wp","href":"https:\/\/api.w.org\/{rel}","templated":true}]}}