{"id":1140,"date":"2024-01-08T21:37:26","date_gmt":"2024-01-08T21:37:26","guid":{"rendered":"https:\/\/www.bodytruck.cz\/?page_id=1140"},"modified":"2024-10-30T13:46:58","modified_gmt":"2024-10-30T13:46:58","slug":"pojizdny-gril-na-kurata","status":"publish","type":"page","link":"https:\/\/www.bodytruck.cz\/index.php\/pojizdny-gril-na-kurata\/","title":{"rendered":"Poj\u00edzdn\u00fd gril na ku\u0159ata"},"content":{"rendered":"<div>\n<div><\/div>\n<\/div>\n<div class=\"p-uw-item__first-line\"><span class=\"c-price p-uw-item__price\"><span class=\"c-price__title\">Cena: <strong>Prod\u00e1no<\/strong><\/span><b class=\"c-price__price\">\u00a0<\/b><\/span><\/div>\n<p class=\"p-uw-item__description\">Renault Master, celkov\u00e1 hmotnost 5,9 t uveden\u00ed do provozu 12\/2023, sn\u00ed\u017een\u00fd podvozek BORCO-HOHNS \u017e\u00e1rov\u011b zinkovan\u00fd, motor 107 kW EURO 6, najeto 2 tis. km, prodejna d\u00e9lky 4,3 m, 2 ks plynov\u00fd gril UBERT pro 2&#215;11 jehel (a\u017e 110 ku\u0159at), 2 ks velk\u00fdch lednic s dr\u017e\u00e1ky na jehly, plynov\u00e1 schr\u00e1nka v\u010detn\u011b plynov\u00e9 n\u00e1dr\u017ee, prezenta\u010dn\u00ed lednice na n\u00e1poje, hygienick\u00e9 p\u0159\u00edslu\u0161enstv\u00ed, plynov\u00e1 frit\u00e9za s dv\u011bma ko\u0161i, hygienick\u00e9 p\u0159\u00edslu\u0161enstv\u00ed, stropn\u00ed syst\u00e9m odv\u011btr\u00e1n\u00ed gril\u016f, sklopn\u00e9 kryty gril\u016f, odtokov\u00fd a odkapov\u00fd syst\u00e9m a dal\u0161\u00ed p\u0159\u00edslu\u0161enstv\u00ed<\/p>\n<p>TOP PROVEDEN\u00cd<\/p>\n<p>MO\u017dNOST SPL\u00c1CEN\u00cd<\/p>\n<p class=\"p-uw-item__description\"><a href=\"https:\/\/www.bodytruck.cz\/index.php\/pouzite-prodejny\/\"><div class='yrm-content yrm-content-3 yrm-content-hide  ' id='yrm-p4qal' data-id='3' data-show-status='false' data-after-action='' style=\"visibility: hidden;height: 0;\">\n\t\t\t<div id='yrm-inner-content-yrm-p4qal' class='yrm-inner-content-wrapper yrm-cntent-3'><\/div>\n\t\t<\/div><div class='yrm-btn-wrapper yrm-btn-wrapper-3 yrm-more-button-wrapper  '\n\t\tdata-custom-more-class-name='' data-custom-less-class-name=''><span title='' data-less-title='' data-more-title='' class='yrm-toggle-expand  yrm-toggle-expand-3 ' data-rel='yrm-p4qal' data-more='Vr\u00e1tit zp\u011bt' data-less='Vr\u00e1tit zp\u011bt'><span class='yrm-text-wrapper yrm-text-wrapper-custom-dimensions'><span class=\"yrm-button-text-3 yrm-button-text-span\">Vr\u00e1tit zp\u011bt<\/span><\/span><\/span><\/div><\/a><\/p>\n","protected":false},"excerpt":{"rendered":"<p>Cena: Prod\u00e1no\u00a0 Renault Master, celkov\u00e1 hmotnost 5,9 t uveden\u00ed do provozu 12\/2023, sn\u00ed\u017een\u00fd podvozek BORCO-HOHNS \u017e\u00e1rov\u011b zinkovan\u00fd, motor 107 kW EURO 6, najeto 2 tis. km, prodejna d\u00e9lky 4,3 m, 2 ks plynov\u00fd gril UBERT pro 2&#215;11 jehel (a\u017e 110 ku\u0159at), 2 ks velk\u00fdch lednic s dr\u017e\u00e1ky na jehly, plynov\u00e1 schr\u00e1nka v\u010detn\u011b plynov\u00e9 n\u00e1dr\u017ee, prezenta\u010dn\u00ed &hellip; <a href=\"https:\/\/www.bodytruck.cz\/index.php\/pojizdny-gril-na-kurata\/\" class=\"more-link\">Pokra\u010dov\u00e1n\u00ed textu <span class=\"screen-reader-text\">Poj\u00edzdn\u00fd gril na ku\u0159ata<\/span><\/a><\/p>\n","protected":false},"author":1,"featured_media":0,"parent":0,"menu_order":0,"comment_status":"closed","ping_status":"closed","template":"","meta":{"footnotes":""},"class_list":["post-1140","page","type-page","status-publish","hentry"],"yoast_head":"<!-- This site is optimized with the Yoast SEO plugin v27.5 - https:\/\/yoast.com\/product\/yoast-seo-wordpress\/ -->\n<title>Poj\u00edzdn\u00fd gril na ku\u0159ata * Poj\u00edzdn\u00e9 prodejny a foodtrucky BORCO-H\u00d6HNS<\/title>\n<meta name=\"description\" content=\"Poj\u00edzdn\u00e9 prodejny, foodtrucky, grilovan\u00e1 ku\u0159ata, bodytruck, Borco-hohns, bazar poj\u00edzdn\u00fdch prodejen, poj\u00edzdn\u00e9 ob\u010derstven\u00ed\" \/>\n<meta name=\"robots\" content=\"index, follow, max-snippet:-1, max-image-preview:large, max-video-preview:-1\" \/>\n<link rel=\"canonical\" href=\"https:\/\/www.bodytruck.cz\/index.php\/pojizdny-gril-na-kurata\/\" \/>\n<meta property=\"og:locale\" content=\"cs_CZ\" \/>\n<meta property=\"og:type\" content=\"article\" \/>\n<meta property=\"og:title\" content=\"Poj\u00edzdn\u00fd gril na ku\u0159ata * Poj\u00edzdn\u00e9 prodejny a foodtrucky BORCO-H\u00d6HNS\" \/>\n<meta property=\"og:description\" content=\"Poj\u00edzdn\u00e9 prodejny, foodtrucky, grilovan\u00e1 ku\u0159ata, bodytruck, Borco-hohns, bazar poj\u00edzdn\u00fdch prodejen, poj\u00edzdn\u00e9 ob\u010derstven\u00ed\" \/>\n<meta property=\"og:url\" content=\"https:\/\/www.bodytruck.cz\/index.php\/pojizdny-gril-na-kurata\/\" \/>\n<meta property=\"og:site_name\" content=\"Poj\u00edzdn\u00e9 prodejny a foodtrucky BORCO-H\u00d6HNS\" \/>\n<meta property=\"article:publisher\" content=\"https:\/\/www.facebook.com\/bodytrucksro\" \/>\n<meta property=\"article:modified_time\" content=\"2024-10-30T13:46:58+00:00\" \/>\n<meta name=\"twitter:card\" content=\"summary_large_image\" \/>\n<meta name=\"twitter:label1\" content=\"Odhadovan\u00e1 doba \u010dten\u00ed\" \/>\n\t<meta name=\"twitter:data1\" content=\"1 minuta\" \/>\n<script type=\"application\/ld+json\" class=\"yoast-schema-graph\">{\"@context\":\"https:\\\/\\\/schema.org\",\"@graph\":[{\"@type\":\"WebPage\",\"@id\":\"https:\\\/\\\/www.bodytruck.cz\\\/index.php\\\/pojizdny-gril-na-kurata\\\/\",\"url\":\"https:\\\/\\\/www.bodytruck.cz\\\/index.php\\\/pojizdny-gril-na-kurata\\\/\",\"name\":\"Poj\u00edzdn\u00fd gril na ku\u0159ata * Poj\u00edzdn\u00e9 prodejny a foodtrucky BORCO-H\u00d6HNS\",\"isPartOf\":{\"@id\":\"https:\\\/\\\/www.bodytruck.cz\\\/#website\"},\"datePublished\":\"2024-01-08T21:37:26+00:00\",\"dateModified\":\"2024-10-30T13:46:58+00:00\",\"description\":\"Poj\u00edzdn\u00e9 prodejny, foodtrucky, grilovan\u00e1 ku\u0159ata, bodytruck, Borco-hohns, bazar poj\u00edzdn\u00fdch prodejen, poj\u00edzdn\u00e9 ob\u010derstven\u00ed\",\"breadcrumb\":{\"@id\":\"https:\\\/\\\/www.bodytruck.cz\\\/index.php\\\/pojizdny-gril-na-kurata\\\/#breadcrumb\"},\"inLanguage\":\"cs\",\"potentialAction\":[{\"@type\":\"ReadAction\",\"target\":[\"https:\\\/\\\/www.bodytruck.cz\\\/index.php\\\/pojizdny-gril-na-kurata\\\/\"]}]},{\"@type\":\"BreadcrumbList\",\"@id\":\"https:\\\/\\\/www.bodytruck.cz\\\/index.php\\\/pojizdny-gril-na-kurata\\\/#breadcrumb\",\"itemListElement\":[{\"@type\":\"ListItem\",\"position\":1,\"name\":\"Dom\u016f\",\"item\":\"https:\\\/\\\/www.bodytruck.cz\\\/\"},{\"@type\":\"ListItem\",\"position\":2,\"name\":\"Poj\u00edzdn\u00fd gril na ku\u0159ata\"}]},{\"@type\":\"WebSite\",\"@id\":\"https:\\\/\\\/www.bodytruck.cz\\\/#website\",\"url\":\"https:\\\/\\\/www.bodytruck.cz\\\/\",\"name\":\"Poj\u00edzdn\u00e9 prodejny a p\u0159\u00edv\u011bsy BORCO-H\u00d6HNS\",\"description\":\"Autorizovan\u00fd prodej a servis v \u010cesk\u00e9 republice a na Slovensku\",\"publisher\":{\"@id\":\"https:\\\/\\\/www.bodytruck.cz\\\/#organization\"},\"potentialAction\":[{\"@type\":\"SearchAction\",\"target\":{\"@type\":\"EntryPoint\",\"urlTemplate\":\"https:\\\/\\\/www.bodytruck.cz\\\/?s={search_term_string}\"},\"query-input\":{\"@type\":\"PropertyValueSpecification\",\"valueRequired\":true,\"valueName\":\"search_term_string\"}}],\"inLanguage\":\"cs\"},{\"@type\":\"Organization\",\"@id\":\"https:\\\/\\\/www.bodytruck.cz\\\/#organization\",\"name\":\"BODYTRUCK s.r.o.\",\"url\":\"https:\\\/\\\/www.bodytruck.cz\\\/\",\"logo\":{\"@type\":\"ImageObject\",\"inLanguage\":\"cs\",\"@id\":\"https:\\\/\\\/www.bodytruck.cz\\\/#\\\/schema\\\/logo\\\/image\\\/\",\"url\":\"https:\\\/\\\/www.bodytruck.cz\\\/wp-content\\\/uploads\\\/2019\\\/10\\\/cropped-LOGO_BODYTRUCK_RGB_bez-pozadi.png\",\"contentUrl\":\"https:\\\/\\\/www.bodytruck.cz\\\/wp-content\\\/uploads\\\/2019\\\/10\\\/cropped-LOGO_BODYTRUCK_RGB_bez-pozadi.png\",\"width\":248,\"height\":76,\"caption\":\"BODYTRUCK s.r.o.\"},\"image\":{\"@id\":\"https:\\\/\\\/www.bodytruck.cz\\\/#\\\/schema\\\/logo\\\/image\\\/\"},\"sameAs\":[\"https:\\\/\\\/www.facebook.com\\\/bodytrucksro\",\"https:\\\/\\\/www.instagram.com\\\/bodytruck_sro\\\/\"]}]}<\/script>\n<!-- \/ Yoast SEO plugin. -->","yoast_head_json":{"title":"Poj\u00edzdn\u00fd gril na ku\u0159ata * Poj\u00edzdn\u00e9 prodejny a foodtrucky BORCO-H\u00d6HNS","description":"Poj\u00edzdn\u00e9 prodejny, foodtrucky, grilovan\u00e1 ku\u0159ata, bodytruck, Borco-hohns, bazar poj\u00edzdn\u00fdch prodejen, poj\u00edzdn\u00e9 ob\u010derstven\u00ed","robots":{"index":"index","follow":"follow","max-snippet":"max-snippet:-1","max-image-preview":"max-image-preview:large","max-video-preview":"max-video-preview:-1"},"canonical":"https:\/\/www.bodytruck.cz\/index.php\/pojizdny-gril-na-kurata\/","og_locale":"cs_CZ","og_type":"article","og_title":"Poj\u00edzdn\u00fd gril na ku\u0159ata * Poj\u00edzdn\u00e9 prodejny a foodtrucky BORCO-H\u00d6HNS","og_description":"Poj\u00edzdn\u00e9 prodejny, foodtrucky, grilovan\u00e1 ku\u0159ata, bodytruck, Borco-hohns, bazar poj\u00edzdn\u00fdch prodejen, poj\u00edzdn\u00e9 ob\u010derstven\u00ed","og_url":"https:\/\/www.bodytruck.cz\/index.php\/pojizdny-gril-na-kurata\/","og_site_name":"Poj\u00edzdn\u00e9 prodejny a foodtrucky BORCO-H\u00d6HNS","article_publisher":"https:\/\/www.facebook.com\/bodytrucksro","article_modified_time":"2024-10-30T13:46:58+00:00","twitter_card":"summary_large_image","twitter_misc":{"Odhadovan\u00e1 doba \u010dten\u00ed":"1 minuta"},"schema":{"@context":"https:\/\/schema.org","@graph":[{"@type":"WebPage","@id":"https:\/\/www.bodytruck.cz\/index.php\/pojizdny-gril-na-kurata\/","url":"https:\/\/www.bodytruck.cz\/index.php\/pojizdny-gril-na-kurata\/","name":"Poj\u00edzdn\u00fd gril na ku\u0159ata * Poj\u00edzdn\u00e9 prodejny a foodtrucky BORCO-H\u00d6HNS","isPartOf":{"@id":"https:\/\/www.bodytruck.cz\/#website"},"datePublished":"2024-01-08T21:37:26+00:00","dateModified":"2024-10-30T13:46:58+00:00","description":"Poj\u00edzdn\u00e9 prodejny, foodtrucky, grilovan\u00e1 ku\u0159ata, bodytruck, Borco-hohns, bazar poj\u00edzdn\u00fdch prodejen, poj\u00edzdn\u00e9 ob\u010derstven\u00ed","breadcrumb":{"@id":"https:\/\/www.bodytruck.cz\/index.php\/pojizdny-gril-na-kurata\/#breadcrumb"},"inLanguage":"cs","potentialAction":[{"@type":"ReadAction","target":["https:\/\/www.bodytruck.cz\/index.php\/pojizdny-gril-na-kurata\/"]}]},{"@type":"BreadcrumbList","@id":"https:\/\/www.bodytruck.cz\/index.php\/pojizdny-gril-na-kurata\/#breadcrumb","itemListElement":[{"@type":"ListItem","position":1,"name":"Dom\u016f","item":"https:\/\/www.bodytruck.cz\/"},{"@type":"ListItem","position":2,"name":"Poj\u00edzdn\u00fd gril na ku\u0159ata"}]},{"@type":"WebSite","@id":"https:\/\/www.bodytruck.cz\/#website","url":"https:\/\/www.bodytruck.cz\/","name":"Poj\u00edzdn\u00e9 prodejny a p\u0159\u00edv\u011bsy BORCO-H\u00d6HNS","description":"Autorizovan\u00fd prodej a servis v \u010cesk\u00e9 republice a na Slovensku","publisher":{"@id":"https:\/\/www.bodytruck.cz\/#organization"},"potentialAction":[{"@type":"SearchAction","target":{"@type":"EntryPoint","urlTemplate":"https:\/\/www.bodytruck.cz\/?s={search_term_string}"},"query-input":{"@type":"PropertyValueSpecification","valueRequired":true,"valueName":"search_term_string"}}],"inLanguage":"cs"},{"@type":"Organization","@id":"https:\/\/www.bodytruck.cz\/#organization","name":"BODYTRUCK s.r.o.","url":"https:\/\/www.bodytruck.cz\/","logo":{"@type":"ImageObject","inLanguage":"cs","@id":"https:\/\/www.bodytruck.cz\/#\/schema\/logo\/image\/","url":"https:\/\/www.bodytruck.cz\/wp-content\/uploads\/2019\/10\/cropped-LOGO_BODYTRUCK_RGB_bez-pozadi.png","contentUrl":"https:\/\/www.bodytruck.cz\/wp-content\/uploads\/2019\/10\/cropped-LOGO_BODYTRUCK_RGB_bez-pozadi.png","width":248,"height":76,"caption":"BODYTRUCK s.r.o."},"image":{"@id":"https:\/\/www.bodytruck.cz\/#\/schema\/logo\/image\/"},"sameAs":["https:\/\/www.facebook.com\/bodytrucksro","https:\/\/www.instagram.com\/bodytruck_sro\/"]}]}},"_links":{"self":[{"href":"https:\/\/www.bodytruck.cz\/index.php\/wp-json\/wp\/v2\/pages\/1140","targetHints":{"allow":["GET"]}}],"collection":[{"href":"https:\/\/www.bodytruck.cz\/index.php\/wp-json\/wp\/v2\/pages"}],"about":[{"href":"https:\/\/www.bodytruck.cz\/index.php\/wp-json\/wp\/v2\/types\/page"}],"author":[{"embeddable":true,"href":"https:\/\/www.bodytruck.cz\/index.php\/wp-json\/wp\/v2\/users\/1"}],"replies":[{"embeddable":true,"href":"https:\/\/www.bodytruck.cz\/index.php\/wp-json\/wp\/v2\/comments?post=1140"}],"version-history":[{"count":4,"href":"https:\/\/www.bodytruck.cz\/index.php\/wp-json\/wp\/v2\/pages\/1140\/revisions"}],"predecessor-version":[{"id":1559,"href":"https:\/\/www.bodytruck.cz\/index.php\/wp-json\/wp\/v2\/pages\/1140\/revisions\/1559"}],"wp:attachment":[{"href":"https:\/\/www.bodytruck.cz\/index.php\/wp-json\/wp\/v2\/media?parent=1140"}],"curies":[{"name":"wp","href":"https:\/\/api.w.org\/{rel}","templated":true}]}}